{"id":136697,"date":"2025-05-18T22:52:34","date_gmt":"2025-05-18T22:52:34","guid":{"rendered":"https:\/\/staging2.stylingagenten.com\/fi\/produkt\/michael-kors-wonderlust-edp-50ml\/"},"modified":"2026-03-26T18:24:48","modified_gmt":"2026-03-26T18:24:48","slug":"michael-kors-wonderlust-edp-50ml","status":"publish","type":"product","link":"https:\/\/stylingagenten.com\/fi\/tuote\/michael-kors-wonderlust-edp-50ml\/","title":{"rendered":"Michael Kors Wonderlust edp 50ml"},"content":{"rendered":"<p>Michael Kors Wonderlust on it\u00e4mainen ja kukkainen tuoksu, jossa on sekoitus ylellisi\u00e4 kukkia ja herkki\u00e4 mausteisia vivahteita.<\/p>\n<p><strong>Tuoksutuoksu:<\/strong> bergamotti, ruusupippuri, mantelimaito, jasmiini, neilikka, heliotrooppi, santelipuu, kashmirpuu &amp; bentsoiini.<\/p>\n","protected":false},"excerpt":{"rendered":"<p>Michael Kors Wonderlust on it\u00e4mainen ja kukkainen tuoksu, jossa on sekoitus ylellisi\u00e4 kukkia ja herkki\u00e4 mausteisia vivahteita. Tuoksutuoksu: bergamotti, ruusupippuri, mantelimaito, jasmiini, neilikka, heliotrooppi, santelipuu, kashmirpuu &amp; bentsoiini.<\/p>\n","protected":false},"featured_media":136696,"comment_status":"open","ping_status":"closed","template":"","meta":{"_trash_the_other_posts":false},"product_brand":[],"product_cat":[999,706,735],"product_tag":[3523],"berocket_brand":[1109],"class_list":{"0":"post-136697","1":"product","2":"type-product","3":"status-publish","4":"has-post-thumbnail","6":"product_cat-kampanjatarjous-naiselle","7":"product_cat-naisten-eau-de-parfum","8":"product_cat-kampanjamme","9":"product_tag-michael-kors-wonderlust-edp","10":"pa_brand-michael-kors","11":"pa_variantti-50ml","12":"berocket_brand-michael-kors","14":"first","15":"instock","16":"sale","17":"taxable","18":"shipping-taxable","19":"purchasable","20":"product-type-simple"},"_links":{"self":[{"href":"https:\/\/stylingagenten.com\/fi\/wp-json\/wp\/v2\/product\/136697","targetHints":{"allow":["GET"]}}],"collection":[{"href":"https:\/\/stylingagenten.com\/fi\/wp-json\/wp\/v2\/product"}],"about":[{"href":"https:\/\/stylingagenten.com\/fi\/wp-json\/wp\/v2\/types\/product"}],"replies":[{"embeddable":true,"href":"https:\/\/stylingagenten.com\/fi\/wp-json\/wp\/v2\/comments?post=136697"}],"version-history":[{"count":0,"href":"https:\/\/stylingagenten.com\/fi\/wp-json\/wp\/v2\/product\/136697\/revisions"}],"wp:featuredmedia":[{"embeddable":true,"href":"https:\/\/stylingagenten.com\/fi\/wp-json\/wp\/v2\/media\/136696"}],"wp:attachment":[{"href":"https:\/\/stylingagenten.com\/fi\/wp-json\/wp\/v2\/media?parent=136697"}],"wp:term":[{"taxonomy":"product_brand","embeddable":true,"href":"https:\/\/stylingagenten.com\/fi\/wp-json\/wp\/v2\/product_brand?post=136697"},{"taxonomy":"product_cat","embeddable":true,"href":"https:\/\/stylingagenten.com\/fi\/wp-json\/wp\/v2\/product_cat?post=136697"},{"taxonomy":"product_tag","embeddable":true,"href":"https:\/\/stylingagenten.com\/fi\/wp-json\/wp\/v2\/product_tag?post=136697"},{"taxonomy":"berocket_brand","embeddable":true,"href":"https:\/\/stylingagenten.com\/fi\/wp-json\/wp\/v2\/berocket_brand?post=136697"}],"curies":[{"name":"wp","href":"https:\/\/api.w.org\/{rel}","templated":true}]}}