{"id":136689,"date":"2025-05-18T22:52:31","date_gmt":"2025-05-18T22:52:31","guid":{"rendered":"https:\/\/staging2.stylingagenten.com\/fi\/produkt\/giorgio-beverly-hills-g-edp-90ml\/"},"modified":"2026-03-26T16:28:49","modified_gmt":"2026-03-26T16:28:49","slug":"giorgio-beverly-hills-g-edp-90ml","status":"publish","type":"product","link":"https:\/\/stylingagenten.com\/fi\/tuote\/giorgio-beverly-hills-g-edp-90ml\/","title":{"rendered":"Giorgio Beverly Hills G edp 90ml"},"content":{"rendered":"<p style='margin-top:0cm;margin-right:0cm;margin-bottom:8.0pt;margin-left:0cm;font-size:15px;font-family:\"Calibri\",sans-serif'> G by Giorgio Beverly Hills esiteltiin vuonna 1999, ja siit\u00e4 l\u00e4htien se on ollut tuoksu, joka v\u00e4litt\u00e4\u00e4 eleganssia ja naisellisuutta. Tuoksu on hedelm\u00e4inen, kukkainen ja raikas. T\u00e4ydellinen k\u00e4ytett\u00e4v\u00e4ksi p\u00e4iv\u00e4n tuoksuna. Tuoksussa melonia, inkiv\u00e4\u00e4ri\u00e4 ja santelipuuta; sekoitettuna tuoreisiin greippiin ja orkideaan luodaksesi lumoavan ja ylellisen tuoksun, joka sopii kaikkiin p\u00e4iv\u00e4n tilanteisiin!<\/p>\n<p style='margin: 0cm 0cm 8pt;font-family: \"Calibri\", sans-serif'>Yl\u00e4tuoksu: ananas, mesikastemeloni ja greippi.<br \/>Syd\u00e4ntuoksu: inkiv\u00e4\u00e4ri, orkidea&eacute; ja persikka.<br \/>Pohjatuoksu: santelipuu, vetiver.<\/p>\n","protected":false},"excerpt":{"rendered":"<p>G by Giorgio Beverly Hills esiteltiin vuonna 1999, ja siit\u00e4 l\u00e4htien se on ollut tuoksu, joka v\u00e4litt\u00e4\u00e4 eleganssia ja naisellisuutta. Tuoksu on hedelm\u00e4inen, kukkainen ja raikas. T\u00e4ydellinen k\u00e4ytett\u00e4v\u00e4ksi p\u00e4iv\u00e4n tuoksuna. Tuoksussa melonia, inkiv\u00e4\u00e4ri\u00e4 ja santelipuuta; sekoitettuna tuoreisiin greippiin ja orkideaan luodaksesi lumoavan ja ylellisen tuoksun, joka sopii kaikkiin p\u00e4iv\u00e4n tilanteisiin! Yl\u00e4tuoksu: ananas, mesikastemeloni ja greippi.Syd\u00e4ntuoksu: [&hellip;]<\/p>\n","protected":false},"featured_media":136687,"comment_status":"open","ping_status":"closed","template":"","meta":{"_trash_the_other_posts":false},"product_brand":[],"product_cat":[851,1006,999,706,735],"product_tag":[],"berocket_brand":[1325],"class_list":{"0":"post-136689","1":"product","2":"type-product","3":"status-publish","4":"has-post-thumbnail","6":"product_cat-giorgio-beverly-hills-giorgio","7":"product_cat-kampanjahinta","8":"product_cat-kampanjatarjous-naiselle","9":"product_cat-naisten-eau-de-parfum","10":"product_cat-kampanjamme","11":"pa_brand-giorgio-beverly-hills","12":"berocket_brand-giorgio-beverly-hills","14":"first","15":"instock","16":"sale","17":"taxable","18":"shipping-taxable","19":"purchasable","20":"product-type-simple"},"_links":{"self":[{"href":"https:\/\/stylingagenten.com\/fi\/wp-json\/wp\/v2\/product\/136689","targetHints":{"allow":["GET"]}}],"collection":[{"href":"https:\/\/stylingagenten.com\/fi\/wp-json\/wp\/v2\/product"}],"about":[{"href":"https:\/\/stylingagenten.com\/fi\/wp-json\/wp\/v2\/types\/product"}],"replies":[{"embeddable":true,"href":"https:\/\/stylingagenten.com\/fi\/wp-json\/wp\/v2\/comments?post=136689"}],"version-history":[{"count":0,"href":"https:\/\/stylingagenten.com\/fi\/wp-json\/wp\/v2\/product\/136689\/revisions"}],"wp:featuredmedia":[{"embeddable":true,"href":"https:\/\/stylingagenten.com\/fi\/wp-json\/wp\/v2\/media\/136687"}],"wp:attachment":[{"href":"https:\/\/stylingagenten.com\/fi\/wp-json\/wp\/v2\/media?parent=136689"}],"wp:term":[{"taxonomy":"product_brand","embeddable":true,"href":"https:\/\/stylingagenten.com\/fi\/wp-json\/wp\/v2\/product_brand?post=136689"},{"taxonomy":"product_cat","embeddable":true,"href":"https:\/\/stylingagenten.com\/fi\/wp-json\/wp\/v2\/product_cat?post=136689"},{"taxonomy":"product_tag","embeddable":true,"href":"https:\/\/stylingagenten.com\/fi\/wp-json\/wp\/v2\/product_tag?post=136689"},{"taxonomy":"berocket_brand","embeddable":true,"href":"https:\/\/stylingagenten.com\/fi\/wp-json\/wp\/v2\/berocket_brand?post=136689"}],"curies":[{"name":"wp","href":"https:\/\/api.w.org\/{rel}","templated":true}]}}