{"id":136688,"date":"2025-05-18T22:52:30","date_gmt":"2025-05-18T22:52:30","guid":{"rendered":"https:\/\/staging2.stylingagenten.com\/fi\/produkt\/lanvin-rumeur-2-rose-edp-100ml\/"},"modified":"2026-03-26T18:24:39","modified_gmt":"2026-03-26T18:24:39","slug":"lanvin-rumeur-2-rose-edp-100ml","status":"publish","type":"product","link":"https:\/\/stylingagenten.com\/fi\/tuote\/lanvin-rumeur-2-rose-edp-100ml\/","title":{"rendered":"Lanvin Rumeur 2 Rose edp 100ml"},"content":{"rendered":"<p style='margin-top:0cm;margin-right:0cm;margin-bottom:8.0pt;margin-left:0cm;font-size:15px;font-family:\"Calibri\",sans-serif'> Lanvin Rumeur 2 Rose on kevyempi ja makeampi versio Rumeur-tuoksusta vuodelta 2006. T\u00e4ss\u00e4 uudemmassa painoksessa tuoksusta on tullut makea ja romanttinen, ja siin\u00e4 on alkuper\u00e4ist\u00e4 makeampia vivahteita ja painopiste on hieman nuorempi kohderyhm\u00e4. Tuoksuissa yhdistyv\u00e4t makea p\u00e4\u00e4ryn\u00e4, raikas greippi ja sitruuna, klassisen naisellinen ruusu, magnolia ja kielo sek\u00e4 annos vihreit\u00e4, jotka antavat energiaa. Otettu k\u00e4ytt\u00f6\u00f6n vuonna 2007.<\/p>\n<p style='margin: 0cm 0cm 8pt;font-family: \"Calibri\", sans-serif'>Yl\u00e4tuoksu: P\u00e4\u00e4ryn\u00e4, Sitruuna, Bergamotti.<br \/>Syd\u00e4ntuoksu: Kielo, jasmiini, kuusama.<br \/>Pohjatuoksu: Ambra, Patchouli, Myski. <\/p>\n","protected":false},"excerpt":{"rendered":"<p>Lanvin Rumeur 2 Rose on kevyempi ja makeampi versio Rumeur-tuoksusta vuodelta 2006. T\u00e4ss\u00e4 uudemmassa painoksessa tuoksusta on tullut makea ja romanttinen, ja siin\u00e4 on alkuper\u00e4ist\u00e4 makeampia vivahteita ja painopiste on hieman nuorempi kohderyhm\u00e4. Tuoksuissa yhdistyv\u00e4t makea p\u00e4\u00e4ryn\u00e4, raikas greippi ja sitruuna, klassisen naisellinen ruusu, magnolia ja kielo sek\u00e4 annos vihreit\u00e4, jotka antavat energiaa. Otettu k\u00e4ytt\u00f6\u00f6n [&hellip;]<\/p>\n","protected":false},"featured_media":136686,"comment_status":"open","ping_status":"closed","template":"","meta":{"_trash_the_other_posts":false},"product_brand":[],"product_cat":[999,706,735],"product_tag":[],"berocket_brand":[1105],"class_list":{"0":"post-136688","1":"product","2":"type-product","3":"status-publish","4":"has-post-thumbnail","6":"product_cat-kampanjatarjous-naiselle","7":"product_cat-naisten-eau-de-parfum","8":"product_cat-kampanjamme","9":"pa_brand-lanvin","10":"berocket_brand-lanvin","12":"first","13":"instock","14":"sale","15":"taxable","16":"shipping-taxable","17":"purchasable","18":"product-type-simple"},"_links":{"self":[{"href":"https:\/\/stylingagenten.com\/fi\/wp-json\/wp\/v2\/product\/136688","targetHints":{"allow":["GET"]}}],"collection":[{"href":"https:\/\/stylingagenten.com\/fi\/wp-json\/wp\/v2\/product"}],"about":[{"href":"https:\/\/stylingagenten.com\/fi\/wp-json\/wp\/v2\/types\/product"}],"replies":[{"embeddable":true,"href":"https:\/\/stylingagenten.com\/fi\/wp-json\/wp\/v2\/comments?post=136688"}],"version-history":[{"count":0,"href":"https:\/\/stylingagenten.com\/fi\/wp-json\/wp\/v2\/product\/136688\/revisions"}],"wp:featuredmedia":[{"embeddable":true,"href":"https:\/\/stylingagenten.com\/fi\/wp-json\/wp\/v2\/media\/136686"}],"wp:attachment":[{"href":"https:\/\/stylingagenten.com\/fi\/wp-json\/wp\/v2\/media?parent=136688"}],"wp:term":[{"taxonomy":"product_brand","embeddable":true,"href":"https:\/\/stylingagenten.com\/fi\/wp-json\/wp\/v2\/product_brand?post=136688"},{"taxonomy":"product_cat","embeddable":true,"href":"https:\/\/stylingagenten.com\/fi\/wp-json\/wp\/v2\/product_cat?post=136688"},{"taxonomy":"product_tag","embeddable":true,"href":"https:\/\/stylingagenten.com\/fi\/wp-json\/wp\/v2\/product_tag?post=136688"},{"taxonomy":"berocket_brand","embeddable":true,"href":"https:\/\/stylingagenten.com\/fi\/wp-json\/wp\/v2\/berocket_brand?post=136688"}],"curies":[{"name":"wp","href":"https:\/\/api.w.org\/{rel}","templated":true}]}}