{"id":136685,"date":"2025-05-18T22:52:30","date_gmt":"2025-05-18T22:52:30","guid":{"rendered":"https:\/\/staging2.stylingagenten.com\/fi\/produkt\/estee-lauder-knowing-edp-75ml\/"},"modified":"2026-04-12T17:18:31","modified_gmt":"2026-04-12T17:18:31","slug":"estee-lauder-knowing-edp-75ml","status":"publish","type":"product","link":"https:\/\/stylingagenten.com\/fi\/tuote\/estee-lauder-knowing-edp-75ml\/","title":{"rendered":"Estee Lauder Knowing edp 75ml"},"content":{"rendered":"<p style='margin-top:0cm;margin-right:0cm;margin-bottom:8.0pt;margin-left:0cm;font-size:15px;font-family:\"Calibri\",sans-serif'> Knowing from Est&eacute;e Lauder on l\u00e4mmin ja tyylik\u00e4s tuoksu hienostuneelle ja itsevarmalle naiselle. Luotu jo vuonna 1988. Huipputuoksut alkavat kukkivasta mimosan, makean ruusun ja tuberoosin tuoksusta sek\u00e4 luumun ja melonin hedelm\u00e4isist\u00e4 tuoksuista. Syd\u00e4mess\u00e4 kukoistavat patsuli, iiris, neilikka ja laakeripuu. Pohja sis\u00e4lt\u00e4\u00e4 elementtej\u00e4 tr&auml; santelipuun, vetiverin ja patsuliin muodossa, mutta my\u00f6s tammisammalta ja ambraa.<\/p>\n<p style='font-family: \"Calibri\", sans-serif'>Alkutuoksu: Ruusu, Tuberose, Mimosa, Pittosporum.<br \/>Syd\u00e4ntuoksu: Jasmiini, Patsuli, Appelsiinin kukka.<br \/>Pohjatuoksu: tammisammalta, vetiveriapuu, santelipuu, Ambra .<\/p>\n","protected":false},"excerpt":{"rendered":"<p>Knowing from Est&eacute;e Lauder on l\u00e4mmin ja tyylik\u00e4s tuoksu hienostuneelle ja itsevarmalle naiselle. Luotu jo vuonna 1988. Huipputuoksut alkavat kukkivasta mimosan, makean ruusun ja tuberoosin tuoksusta sek\u00e4 luumun ja melonin hedelm\u00e4isist\u00e4 tuoksuista. Syd\u00e4mess\u00e4 kukoistavat patsuli, iiris, neilikka ja laakeripuu. Pohja sis\u00e4lt\u00e4\u00e4 elementtej\u00e4 tr&auml; santelipuun, vetiverin ja patsuliin muodossa, mutta my\u00f6s tammisammalta ja ambraa. Alkutuoksu: Ruusu, [&hellip;]<\/p>\n","protected":false},"featured_media":136683,"comment_status":"open","ping_status":"closed","template":"","meta":{"_trash_the_other_posts":false},"product_brand":[],"product_cat":[999,706,735],"product_tag":[2903],"berocket_brand":[1309],"class_list":{"0":"post-136685","1":"product","2":"type-product","3":"status-publish","4":"has-post-thumbnail","6":"product_cat-kampanjatarjous-naiselle","7":"product_cat-naisten-eau-de-parfum","8":"product_cat-kampanjamme","9":"product_tag-estee-lauder-knowing-edp","10":"pa_brand-estee-lauder","11":"pa_variantti-75ml","12":"berocket_brand-estee-lauder","14":"first","15":"instock","16":"sale","17":"taxable","18":"shipping-taxable","19":"purchasable","20":"product-type-simple"},"_links":{"self":[{"href":"https:\/\/stylingagenten.com\/fi\/wp-json\/wp\/v2\/product\/136685","targetHints":{"allow":["GET"]}}],"collection":[{"href":"https:\/\/stylingagenten.com\/fi\/wp-json\/wp\/v2\/product"}],"about":[{"href":"https:\/\/stylingagenten.com\/fi\/wp-json\/wp\/v2\/types\/product"}],"replies":[{"embeddable":true,"href":"https:\/\/stylingagenten.com\/fi\/wp-json\/wp\/v2\/comments?post=136685"}],"version-history":[{"count":0,"href":"https:\/\/stylingagenten.com\/fi\/wp-json\/wp\/v2\/product\/136685\/revisions"}],"wp:featuredmedia":[{"embeddable":true,"href":"https:\/\/stylingagenten.com\/fi\/wp-json\/wp\/v2\/media\/136683"}],"wp:attachment":[{"href":"https:\/\/stylingagenten.com\/fi\/wp-json\/wp\/v2\/media?parent=136685"}],"wp:term":[{"taxonomy":"product_brand","embeddable":true,"href":"https:\/\/stylingagenten.com\/fi\/wp-json\/wp\/v2\/product_brand?post=136685"},{"taxonomy":"product_cat","embeddable":true,"href":"https:\/\/stylingagenten.com\/fi\/wp-json\/wp\/v2\/product_cat?post=136685"},{"taxonomy":"product_tag","embeddable":true,"href":"https:\/\/stylingagenten.com\/fi\/wp-json\/wp\/v2\/product_tag?post=136685"},{"taxonomy":"berocket_brand","embeddable":true,"href":"https:\/\/stylingagenten.com\/fi\/wp-json\/wp\/v2\/berocket_brand?post=136685"}],"curies":[{"name":"wp","href":"https:\/\/api.w.org\/{rel}","templated":true}]}}