{"id":136675,"date":"2025-05-18T22:52:26","date_gmt":"2025-05-18T22:52:26","guid":{"rendered":"https:\/\/staging2.stylingagenten.com\/fi\/produkt\/burberry-brit-sheer-edt-100ml\/"},"modified":"2025-11-23T19:50:30","modified_gmt":"2025-11-23T19:50:30","slug":"burberry-brit-sheer-edt-100ml","status":"publish","type":"product","link":"https:\/\/stylingagenten.com\/fi\/tuote\/burberry-brit-sheer-edt-100ml\/","title":{"rendered":"Burberry Brit Sheer Edt 100ml"},"content":{"rendered":"<p>Burberry Brit Sheer on tuore t\u00e4ydennys brittinaiselle, joka haluaa elegantin arjen t\u00e4ynn\u00e4 seikkailuja. Siin\u00e4 on terveellisi\u00e4 ja ylevi\u00e4 yl\u00e4tuoksuja, joissa on mm. litsi ja viiniryp\u00e4leet, kevyet ja kukkaiset syd\u00e4ntuoksut pioni- ja persikankukineen sek\u00e4 pehme\u00e4 kuiva puu pohjatuoksessa.<\/p>\n<p><strong>Tuoksutuoksu:<\/ vahva> litsi, yuzu, ananaslehti, mandariini, viiniryp\u00e4leet, pioni, persikankukka, naship&auml;ron. valkoista myski\u00e4 ja vaaleaa puuta.<\/p>\n","protected":false},"excerpt":{"rendered":"<p>Burberry Brit Sheer on tuore t\u00e4ydennys brittinaiselle, joka haluaa elegantin arjen t\u00e4ynn\u00e4 seikkailuja. Siin\u00e4 on terveellisi\u00e4 ja ylevi\u00e4 yl\u00e4tuoksuja, joissa on mm. litsi ja viiniryp\u00e4leet, kevyet ja kukkaiset syd\u00e4ntuoksut pioni- ja persikankukineen sek\u00e4 pehme\u00e4 kuiva puu pohjatuoksessa. Tuoksutuoksu: litsi, yuzu, ananaslehti, mandariini, viiniryp\u00e4leet, pioni, persikankukka, naship&auml;ron. valkoista myski\u00e4 ja vaaleaa puuta.<\/p>\n","protected":false},"featured_media":136674,"comment_status":"open","ping_status":"closed","template":"","meta":{"_trash_the_other_posts":false},"product_brand":[],"product_cat":[775,1006,707],"product_tag":[2603],"berocket_brand":[1017],"class_list":{"0":"post-136675","1":"product","2":"type-product","3":"status-publish","4":"has-post-thumbnail","6":"product_cat-burberry-brit-sheer","7":"product_cat-kampanjahinta","8":"product_cat-naisten-eau-de-toilette","9":"product_tag-burberry-brit-sheer-edt","10":"pa_brand-burberry","11":"pa_variantti-100ml","12":"berocket_brand-burberry","14":"first","15":"outofstock","16":"sale","17":"taxable","18":"shipping-taxable","19":"purchasable","20":"product-type-simple"},"_links":{"self":[{"href":"https:\/\/stylingagenten.com\/fi\/wp-json\/wp\/v2\/product\/136675","targetHints":{"allow":["GET"]}}],"collection":[{"href":"https:\/\/stylingagenten.com\/fi\/wp-json\/wp\/v2\/product"}],"about":[{"href":"https:\/\/stylingagenten.com\/fi\/wp-json\/wp\/v2\/types\/product"}],"replies":[{"embeddable":true,"href":"https:\/\/stylingagenten.com\/fi\/wp-json\/wp\/v2\/comments?post=136675"}],"version-history":[{"count":0,"href":"https:\/\/stylingagenten.com\/fi\/wp-json\/wp\/v2\/product\/136675\/revisions"}],"wp:featuredmedia":[{"embeddable":true,"href":"https:\/\/stylingagenten.com\/fi\/wp-json\/wp\/v2\/media\/136674"}],"wp:attachment":[{"href":"https:\/\/stylingagenten.com\/fi\/wp-json\/wp\/v2\/media?parent=136675"}],"wp:term":[{"taxonomy":"product_brand","embeddable":true,"href":"https:\/\/stylingagenten.com\/fi\/wp-json\/wp\/v2\/product_brand?post=136675"},{"taxonomy":"product_cat","embeddable":true,"href":"https:\/\/stylingagenten.com\/fi\/wp-json\/wp\/v2\/product_cat?post=136675"},{"taxonomy":"product_tag","embeddable":true,"href":"https:\/\/stylingagenten.com\/fi\/wp-json\/wp\/v2\/product_tag?post=136675"},{"taxonomy":"berocket_brand","embeddable":true,"href":"https:\/\/stylingagenten.com\/fi\/wp-json\/wp\/v2\/berocket_brand?post=136675"}],"curies":[{"name":"wp","href":"https:\/\/api.w.org\/{rel}","templated":true}]}}