{"id":136620,"date":"2025-05-18T22:51:58","date_gmt":"2025-05-18T22:51:58","guid":{"rendered":"https:\/\/staging2.stylingagenten.com\/fi\/produkt\/alyssa-ashley-green-tea-essence-edt-100ml\/"},"modified":"2026-03-11T21:49:31","modified_gmt":"2026-03-11T21:49:31","slug":"alyssa-ashley-green-tea-essence-edt-100ml","status":"publish","type":"product","link":"https:\/\/stylingagenten.com\/fi\/tuote\/alyssa-ashley-green-tea-essence-edt-100ml\/","title":{"rendered":"Alyssa Ashley Green Tea Essence Edt 100ml"},"content":{"rendered":"<p>Alyssa Ashleyn Green Tea Essence on unisex-tuoksu, jolla on kyky v\u00e4litt\u00e4\u00e4 rentoutumisen tunnetta, mutta samalla virkist\u00e4\u00e4 sielua, kuten trendikk\u00e4\u00e4n vihre\u00e4n teen terveelliset ominaisuudet.<\/p>\n<p>Tuoksutuoksu: bergamotti, neroli, jasmiini, tuberoosi, sitruuna, vihre\u00e4t lehdet, bois de rose, geranium, kanelinkuori\u00f6ljy ja ylang-ylang, vetiveria\u00f6ljy, santelipuu, tammisammalta, patsuli, neilikka ja cassis.<\/p>\n<p><\/p>\n","protected":false},"excerpt":{"rendered":"<p>Alyssa Ashleyn Green Tea Essence on unisex-tuoksu, jolla on kyky v\u00e4litt\u00e4\u00e4 rentoutumisen tunnetta, mutta samalla virkist\u00e4\u00e4 sielua, kuten trendikk\u00e4\u00e4n vihre\u00e4n teen terveelliset ominaisuudet. Tuoksutuoksu: bergamotti, neroli, jasmiini, tuberoosi, sitruuna, vihre\u00e4t lehdet, bois de rose, geranium, kanelinkuori\u00f6ljy ja ylang-ylang, vetiveria\u00f6ljy, santelipuu, tammisammalta, patsuli, neilikka ja cassis.<\/p>\n","protected":false},"featured_media":136616,"comment_status":"open","ping_status":"closed","template":"","meta":{"_trash_the_other_posts":false},"product_brand":[],"product_cat":[713,999,707,735],"product_tag":[],"berocket_brand":[1089],"class_list":{"0":"post-136620","1":"product","2":"type-product","3":"status-publish","4":"has-post-thumbnail","6":"product_cat-hajuvesi-unisex","7":"product_cat-kampanjatarjous-naiselle","8":"product_cat-naisten-eau-de-toilette","9":"product_cat-kampanjamme","10":"pa_brand-alyssa-ashley","11":"berocket_brand-alyssa-ashley","13":"first","14":"instock","15":"sale","16":"taxable","17":"shipping-taxable","18":"purchasable","19":"product-type-simple"},"_links":{"self":[{"href":"https:\/\/stylingagenten.com\/fi\/wp-json\/wp\/v2\/product\/136620","targetHints":{"allow":["GET"]}}],"collection":[{"href":"https:\/\/stylingagenten.com\/fi\/wp-json\/wp\/v2\/product"}],"about":[{"href":"https:\/\/stylingagenten.com\/fi\/wp-json\/wp\/v2\/types\/product"}],"replies":[{"embeddable":true,"href":"https:\/\/stylingagenten.com\/fi\/wp-json\/wp\/v2\/comments?post=136620"}],"version-history":[{"count":0,"href":"https:\/\/stylingagenten.com\/fi\/wp-json\/wp\/v2\/product\/136620\/revisions"}],"wp:featuredmedia":[{"embeddable":true,"href":"https:\/\/stylingagenten.com\/fi\/wp-json\/wp\/v2\/media\/136616"}],"wp:attachment":[{"href":"https:\/\/stylingagenten.com\/fi\/wp-json\/wp\/v2\/media?parent=136620"}],"wp:term":[{"taxonomy":"product_brand","embeddable":true,"href":"https:\/\/stylingagenten.com\/fi\/wp-json\/wp\/v2\/product_brand?post=136620"},{"taxonomy":"product_cat","embeddable":true,"href":"https:\/\/stylingagenten.com\/fi\/wp-json\/wp\/v2\/product_cat?post=136620"},{"taxonomy":"product_tag","embeddable":true,"href":"https:\/\/stylingagenten.com\/fi\/wp-json\/wp\/v2\/product_tag?post=136620"},{"taxonomy":"berocket_brand","embeddable":true,"href":"https:\/\/stylingagenten.com\/fi\/wp-json\/wp\/v2\/berocket_brand?post=136620"}],"curies":[{"name":"wp","href":"https:\/\/api.w.org\/{rel}","templated":true}]}}