{"id":136573,"date":"2025-05-18T22:51:38","date_gmt":"2025-05-18T22:51:38","guid":{"rendered":"https:\/\/staging2.stylingagenten.com\/fi\/produkt\/vera-wang-lovestruck-edp-100ml\/"},"modified":"2026-03-11T21:52:43","modified_gmt":"2026-03-11T21:52:43","slug":"vera-wang-lovestruck-edp-100ml","status":"publish","type":"product","link":"https:\/\/stylingagenten.com\/fi\/tuote\/vera-wang-lovestruck-edp-100ml\/","title":{"rendered":"Vera Wang Lovestruck Edp 100ml"},"content":{"rendered":"<p>Vera Wangin Lovestruckia kuvataan kimaltelevaksi, kukkaiseksi, nuoreksi mutta klassiseksi. Se on saanut inspiraationsa Romeon ja Julian tarinan modernista versiosta.<\/p>\n<p>Lovestruck alkaa aavistus eksoottista ja mehukasta vaaleanpunaista guavaa ja rauhoittavaa enkelikan kukkaa. Tuoksun keskituoksu &quot;kukkia&quot; p\u00e4ihdytt\u00e4v\u00e4n ja aistillisen tuberoosin vivahteilla vesikukkia. Myski ja puiset nuotit muodostavat vakaan tuoksupohjan.<\/p>\n","protected":false},"excerpt":{"rendered":"<p>Vera Wangin Lovestruckia kuvataan kimaltelevaksi, kukkaiseksi, nuoreksi mutta klassiseksi. Se on saanut inspiraationsa Romeon ja Julian tarinan modernista versiosta. Lovestruck alkaa aavistus eksoottista ja mehukasta vaaleanpunaista guavaa ja rauhoittavaa enkelikan kukkaa. Tuoksun keskituoksu &quot;kukkia&quot; p\u00e4ihdytt\u00e4v\u00e4n ja aistillisen tuberoosin vivahteilla vesikukkia. Myski ja puiset nuotit muodostavat vakaan tuoksupohjan.<\/p>\n","protected":false},"featured_media":136571,"comment_status":"open","ping_status":"closed","template":"","meta":{"_trash_the_other_posts":false},"product_brand":[],"product_cat":[999,706,735],"product_tag":[],"berocket_brand":[1078],"class_list":{"0":"post-136573","1":"product","2":"type-product","3":"status-publish","4":"has-post-thumbnail","6":"product_cat-kampanjatarjous-naiselle","7":"product_cat-naisten-eau-de-parfum","8":"product_cat-kampanjamme","9":"pa_brand-vera-wang","10":"berocket_brand-vera-wang","12":"first","13":"instock","14":"sale","15":"taxable","16":"shipping-taxable","17":"purchasable","18":"product-type-simple"},"_links":{"self":[{"href":"https:\/\/stylingagenten.com\/fi\/wp-json\/wp\/v2\/product\/136573","targetHints":{"allow":["GET"]}}],"collection":[{"href":"https:\/\/stylingagenten.com\/fi\/wp-json\/wp\/v2\/product"}],"about":[{"href":"https:\/\/stylingagenten.com\/fi\/wp-json\/wp\/v2\/types\/product"}],"replies":[{"embeddable":true,"href":"https:\/\/stylingagenten.com\/fi\/wp-json\/wp\/v2\/comments?post=136573"}],"version-history":[{"count":0,"href":"https:\/\/stylingagenten.com\/fi\/wp-json\/wp\/v2\/product\/136573\/revisions"}],"wp:featuredmedia":[{"embeddable":true,"href":"https:\/\/stylingagenten.com\/fi\/wp-json\/wp\/v2\/media\/136571"}],"wp:attachment":[{"href":"https:\/\/stylingagenten.com\/fi\/wp-json\/wp\/v2\/media?parent=136573"}],"wp:term":[{"taxonomy":"product_brand","embeddable":true,"href":"https:\/\/stylingagenten.com\/fi\/wp-json\/wp\/v2\/product_brand?post=136573"},{"taxonomy":"product_cat","embeddable":true,"href":"https:\/\/stylingagenten.com\/fi\/wp-json\/wp\/v2\/product_cat?post=136573"},{"taxonomy":"product_tag","embeddable":true,"href":"https:\/\/stylingagenten.com\/fi\/wp-json\/wp\/v2\/product_tag?post=136573"},{"taxonomy":"berocket_brand","embeddable":true,"href":"https:\/\/stylingagenten.com\/fi\/wp-json\/wp\/v2\/berocket_brand?post=136573"}],"curies":[{"name":"wp","href":"https:\/\/api.w.org\/{rel}","templated":true}]}}