{"id":136511,"date":"2025-05-18T22:50:59","date_gmt":"2025-05-18T22:50:59","guid":{"rendered":"https:\/\/staging2.stylingagenten.com\/fi\/produkt\/burberry-brit-for-her-edt-50ml\/"},"modified":"2026-03-11T21:58:46","modified_gmt":"2026-03-11T21:58:46","slug":"burberry-brit-for-her-edt-50ml","status":"publish","type":"product","link":"https:\/\/stylingagenten.com\/fi\/tuote\/burberry-brit-for-her-edt-50ml\/","title":{"rendered":"Burberry Brit For Her Edt 50ml"},"content":{"rendered":"<p>Burberry Brit naisille on vihre\u00e4, it\u00e4mainen tuoksu, jossa on yll\u00e4tt\u00e4v\u00e4 sekoitus makeutta ja mausteisuutta. Brit sis\u00e4lt\u00e4\u00e4 tuoretta ja leikkis\u00e4\u00e4 italialaista limetti\u00e4, p\u00e4\u00e4ryn\u00e4\u00e4 ja mantelia. Makeus tulee esiin sokerisen mantelin ja tuoksuvan pionin kautta.<br \/>Tuoksua vahvistaa meripihkan ja mahonkin l\u00e4mp\u00f6, \u200b\u200bjota lievent\u00e4v\u00e4t vaniljan ja tonkapavun aistilliset vivahteet.<\/p>\n","protected":false},"excerpt":{"rendered":"<p>Burberry Brit naisille on vihre\u00e4, it\u00e4mainen tuoksu, jossa on yll\u00e4tt\u00e4v\u00e4 sekoitus makeutta ja mausteisuutta. Brit sis\u00e4lt\u00e4\u00e4 tuoretta ja leikkis\u00e4\u00e4 italialaista limetti\u00e4, p\u00e4\u00e4ryn\u00e4\u00e4 ja mantelia. Makeus tulee esiin sokerisen mantelin ja tuoksuvan pionin kautta.Tuoksua vahvistaa meripihkan ja mahonkin l\u00e4mp\u00f6, \u200b\u200bjota lievent\u00e4v\u00e4t vaniljan ja tonkapavun aistilliset vivahteet.<\/p>\n","protected":false},"featured_media":136509,"comment_status":"open","ping_status":"closed","template":"","meta":{"_trash_the_other_posts":false},"product_brand":[],"product_cat":[776,1006,999,707,735],"product_tag":[2599],"berocket_brand":[1017],"class_list":{"0":"post-136511","1":"product","2":"type-product","3":"status-publish","4":"has-post-thumbnail","6":"product_cat-burberry-brit-women","7":"product_cat-kampanjahinta","8":"product_cat-kampanjatarjous-naiselle","9":"product_cat-naisten-eau-de-toilette","10":"product_cat-kampanjamme","11":"product_tag-burberry-brit-for-her-edt","12":"pa_brand-burberry","13":"pa_variantti-50ml","14":"berocket_brand-burberry","16":"first","17":"instock","18":"sale","19":"taxable","20":"shipping-taxable","21":"purchasable","22":"product-type-simple"},"_links":{"self":[{"href":"https:\/\/stylingagenten.com\/fi\/wp-json\/wp\/v2\/product\/136511","targetHints":{"allow":["GET"]}}],"collection":[{"href":"https:\/\/stylingagenten.com\/fi\/wp-json\/wp\/v2\/product"}],"about":[{"href":"https:\/\/stylingagenten.com\/fi\/wp-json\/wp\/v2\/types\/product"}],"replies":[{"embeddable":true,"href":"https:\/\/stylingagenten.com\/fi\/wp-json\/wp\/v2\/comments?post=136511"}],"version-history":[{"count":0,"href":"https:\/\/stylingagenten.com\/fi\/wp-json\/wp\/v2\/product\/136511\/revisions"}],"wp:featuredmedia":[{"embeddable":true,"href":"https:\/\/stylingagenten.com\/fi\/wp-json\/wp\/v2\/media\/136509"}],"wp:attachment":[{"href":"https:\/\/stylingagenten.com\/fi\/wp-json\/wp\/v2\/media?parent=136511"}],"wp:term":[{"taxonomy":"product_brand","embeddable":true,"href":"https:\/\/stylingagenten.com\/fi\/wp-json\/wp\/v2\/product_brand?post=136511"},{"taxonomy":"product_cat","embeddable":true,"href":"https:\/\/stylingagenten.com\/fi\/wp-json\/wp\/v2\/product_cat?post=136511"},{"taxonomy":"product_tag","embeddable":true,"href":"https:\/\/stylingagenten.com\/fi\/wp-json\/wp\/v2\/product_tag?post=136511"},{"taxonomy":"berocket_brand","embeddable":true,"href":"https:\/\/stylingagenten.com\/fi\/wp-json\/wp\/v2\/berocket_brand?post=136511"}],"curies":[{"name":"wp","href":"https:\/\/api.w.org\/{rel}","templated":true}]}}