{"id":136497,"date":"2025-05-18T22:50:49","date_gmt":"2025-05-18T22:50:49","guid":{"rendered":"https:\/\/staging2.stylingagenten.com\/fi\/produkt\/elizabeth-arden-sunflowers-edt-30ml\/"},"modified":"2026-03-26T18:25:05","modified_gmt":"2026-03-26T18:25:05","slug":"elizabeth-arden-sunflowers-edt-30ml","status":"publish","type":"product","link":"https:\/\/stylingagenten.com\/fi\/tuote\/elizabeth-arden-sunflowers-edt-30ml\/","title":{"rendered":"Elizabeth Arden Sunflowers Edt 30ml"},"content":{"rendered":"<p>Elizabeth Arden Sunflowers on raikas, hedelm\u00e4inen ja kukkainen tuoksu, jossa on melonin, ruusujen ja keh\u00e4kukan tuoksu.<\/p>\n<p><strong>Tuoksutuoksu:<\/strong> meloni, persikka, jasmiini, keh\u00e4kukka, ruusuja, santelipuuta ja sammalta.<\/p>\n","protected":false},"excerpt":{"rendered":"<p>Elizabeth Arden Sunflowers on raikas, hedelm\u00e4inen ja kukkainen tuoksu, jossa on melonin, ruusujen ja keh\u00e4kukan tuoksu. Tuoksutuoksu: meloni, persikka, jasmiini, keh\u00e4kukka, ruusuja, santelipuuta ja sammalta.<\/p>\n","protected":false},"featured_media":136495,"comment_status":"open","ping_status":"closed","template":"","meta":{"_trash_the_other_posts":false},"product_brand":[],"product_cat":[760,1006,999,1003,707,735],"product_tag":[2873],"berocket_brand":[1303],"class_list":{"0":"post-136497","1":"product","2":"type-product","3":"status-publish","4":"has-post-thumbnail","6":"product_cat-elizabeth-arden-sunflowers","7":"product_cat-kampanjahinta","8":"product_cat-kampanjatarjous-naiselle","9":"product_cat-myydyimmat","10":"product_cat-naisten-eau-de-toilette","11":"product_cat-kampanjamme","12":"product_tag-elizabeth-arden-sunflowers-edt","13":"pa_brand-elizabeth-arden","14":"pa_variantti-30ml","15":"berocket_brand-elizabeth-arden","17":"first","18":"instock","19":"sale","20":"taxable","21":"shipping-taxable","22":"purchasable","23":"product-type-simple"},"_links":{"self":[{"href":"https:\/\/stylingagenten.com\/fi\/wp-json\/wp\/v2\/product\/136497","targetHints":{"allow":["GET"]}}],"collection":[{"href":"https:\/\/stylingagenten.com\/fi\/wp-json\/wp\/v2\/product"}],"about":[{"href":"https:\/\/stylingagenten.com\/fi\/wp-json\/wp\/v2\/types\/product"}],"replies":[{"embeddable":true,"href":"https:\/\/stylingagenten.com\/fi\/wp-json\/wp\/v2\/comments?post=136497"}],"version-history":[{"count":0,"href":"https:\/\/stylingagenten.com\/fi\/wp-json\/wp\/v2\/product\/136497\/revisions"}],"wp:featuredmedia":[{"embeddable":true,"href":"https:\/\/stylingagenten.com\/fi\/wp-json\/wp\/v2\/media\/136495"}],"wp:attachment":[{"href":"https:\/\/stylingagenten.com\/fi\/wp-json\/wp\/v2\/media?parent=136497"}],"wp:term":[{"taxonomy":"product_brand","embeddable":true,"href":"https:\/\/stylingagenten.com\/fi\/wp-json\/wp\/v2\/product_brand?post=136497"},{"taxonomy":"product_cat","embeddable":true,"href":"https:\/\/stylingagenten.com\/fi\/wp-json\/wp\/v2\/product_cat?post=136497"},{"taxonomy":"product_tag","embeddable":true,"href":"https:\/\/stylingagenten.com\/fi\/wp-json\/wp\/v2\/product_tag?post=136497"},{"taxonomy":"berocket_brand","embeddable":true,"href":"https:\/\/stylingagenten.com\/fi\/wp-json\/wp\/v2\/berocket_brand?post=136497"}],"curies":[{"name":"wp","href":"https:\/\/api.w.org\/{rel}","templated":true}]}}