{"id":136484,"date":"2025-05-18T22:50:40","date_gmt":"2025-05-18T22:50:40","guid":{"rendered":"https:\/\/staging2.stylingagenten.com\/fi\/produkt\/dolce-gabbana-the-one-edp-50ml\/"},"modified":"2026-04-06T20:18:48","modified_gmt":"2026-04-06T20:18:48","slug":"dolce-gabbana-the-one-edp-50ml","status":"publish","type":"product","link":"https:\/\/stylingagenten.com\/fi\/tuote\/dolce-gabbana-the-one-edp-50ml\/","title":{"rendered":"Dolce &amp; Gabbana The One Edp 50ml"},"content":{"rendered":"<p>Dolce &amp; Gabbana The One on ylellinen, aistillinen ja intohimoinen tuoksu, joka tuo esiin supert\u00e4hden sinussa. Siin\u00e4 on ihana sekoitus hedelmi\u00e4, kukkia ja vaniljaa.<\/p>\n<p><strong>Tuoksutuoksu:<\/strong> mandariini, appelsiini, bergamotti, persikka, litsi, jasmiini, madonnakielo, luumu, kielo, vanilja, meripihka, myski &amp; vetiver.<\/p>\n","protected":false},"excerpt":{"rendered":"<p>Dolce &amp; Gabbana The One on ylellinen, aistillinen ja intohimoinen tuoksu, joka tuo esiin supert\u00e4hden sinussa. Siin\u00e4 on ihana sekoitus hedelmi\u00e4, kukkia ja vaniljaa. Tuoksutuoksu: mandariini, appelsiini, bergamotti, persikka, litsi, jasmiini, madonnakielo, luumu, kielo, vanilja, meripihka, myski &amp; vetiver.<\/p>\n","protected":false},"featured_media":136483,"comment_status":"open","ping_status":"closed","template":"","meta":{"_trash_the_other_posts":false},"product_brand":[],"product_cat":[834,999,706,735],"product_tag":[2840],"berocket_brand":[1292],"class_list":{"0":"post-136484","1":"product","2":"type-product","3":"status-publish","4":"has-post-thumbnail","6":"product_cat-dolce-gabbana-the-one-women","7":"product_cat-kampanjatarjous-naiselle","8":"product_cat-naisten-eau-de-parfum","9":"product_cat-kampanjamme","10":"product_tag-dolce-gabbana-the-one-edp","11":"pa_brand-dolce-gabbana","12":"pa_variantti-50ml","13":"berocket_brand-dolce-gabbana","15":"first","16":"outofstock","17":"sale","18":"taxable","19":"shipping-taxable","20":"purchasable","21":"product-type-simple"},"_links":{"self":[{"href":"https:\/\/stylingagenten.com\/fi\/wp-json\/wp\/v2\/product\/136484","targetHints":{"allow":["GET"]}}],"collection":[{"href":"https:\/\/stylingagenten.com\/fi\/wp-json\/wp\/v2\/product"}],"about":[{"href":"https:\/\/stylingagenten.com\/fi\/wp-json\/wp\/v2\/types\/product"}],"replies":[{"embeddable":true,"href":"https:\/\/stylingagenten.com\/fi\/wp-json\/wp\/v2\/comments?post=136484"}],"version-history":[{"count":0,"href":"https:\/\/stylingagenten.com\/fi\/wp-json\/wp\/v2\/product\/136484\/revisions"}],"wp:featuredmedia":[{"embeddable":true,"href":"https:\/\/stylingagenten.com\/fi\/wp-json\/wp\/v2\/media\/136483"}],"wp:attachment":[{"href":"https:\/\/stylingagenten.com\/fi\/wp-json\/wp\/v2\/media?parent=136484"}],"wp:term":[{"taxonomy":"product_brand","embeddable":true,"href":"https:\/\/stylingagenten.com\/fi\/wp-json\/wp\/v2\/product_brand?post=136484"},{"taxonomy":"product_cat","embeddable":true,"href":"https:\/\/stylingagenten.com\/fi\/wp-json\/wp\/v2\/product_cat?post=136484"},{"taxonomy":"product_tag","embeddable":true,"href":"https:\/\/stylingagenten.com\/fi\/wp-json\/wp\/v2\/product_tag?post=136484"},{"taxonomy":"berocket_brand","embeddable":true,"href":"https:\/\/stylingagenten.com\/fi\/wp-json\/wp\/v2\/berocket_brand?post=136484"}],"curies":[{"name":"wp","href":"https:\/\/api.w.org\/{rel}","templated":true}]}}