{"id":136479,"date":"2025-05-18T22:50:37","date_gmt":"2025-05-18T22:50:37","guid":{"rendered":"https:\/\/staging2.stylingagenten.com\/fi\/produkt\/laura-biagiotti-laura-edt-50ml\/"},"modified":"2026-04-12T10:28:29","modified_gmt":"2026-04-12T10:28:29","slug":"laura-biagiotti-laura-edt-50ml","status":"publish","type":"product","link":"https:\/\/stylingagenten.com\/fi\/tuote\/laura-biagiotti-laura-edt-50ml\/","title":{"rendered":"Laura Biagiotti Laura Edt 50ml"},"content":{"rendered":"<p>Laura Biagiotti Laura lanseerattiin vuonna 1994 ja on hajuvesi, joka tuoksuu herkulliselta erilaisilta kukilta ja hedelmilt\u00e4. Laura on hajuvesi, joka sopii k\u00e4ytett\u00e4v\u00e4ksi sek\u00e4 p\u00e4iv\u00e4ll\u00e4 ett\u00e4 illalla.<\/p>\n<p><strong>Tuoksutuoksu:<\/strong> persikka, vesimeloni, bergamotti, sitruuna, appelsiininkukka, freesia, ruusut, jasmiini, lumpeen, violetti, iiris, vetiver, setripuu; &amp; sammalta.<\/p>\n","protected":false},"excerpt":{"rendered":"<p>Laura Biagiotti Laura lanseerattiin vuonna 1994 ja on hajuvesi, joka tuoksuu herkulliselta erilaisilta kukilta ja hedelmilt\u00e4. Laura on hajuvesi, joka sopii k\u00e4ytett\u00e4v\u00e4ksi sek\u00e4 p\u00e4iv\u00e4ll\u00e4 ett\u00e4 illalla. Tuoksutuoksu: persikka, vesimeloni, bergamotti, sitruuna, appelsiininkukka, freesia, ruusut, jasmiini, lumpeen, violetti, iiris, vetiver, setripuu; &amp; sammalta.<\/p>\n","protected":false},"featured_media":136477,"comment_status":"open","ping_status":"closed","template":"","meta":{"_trash_the_other_posts":false},"product_brand":[],"product_cat":[715,1006,999,949,1003,707,735],"product_tag":[3210],"berocket_brand":[1112],"class_list":{"0":"post-136479","1":"product","2":"type-product","3":"status-publish","4":"has-post-thumbnail","6":"product_cat-flash-myynti","7":"product_cat-kampanjahinta","8":"product_cat-kampanjatarjous-naiselle","9":"product_cat-laura-biagiotti-laura","10":"product_cat-myydyimmat","11":"product_cat-naisten-eau-de-toilette","12":"product_cat-kampanjamme","13":"product_tag-laura-biagiotti-laura-edt","14":"pa_brand-laura-biagiotti","15":"pa_variantti-50ml","16":"berocket_brand-laura-biagiotti","18":"first","19":"instock","20":"sale","21":"taxable","22":"shipping-taxable","23":"purchasable","24":"product-type-simple"},"_links":{"self":[{"href":"https:\/\/stylingagenten.com\/fi\/wp-json\/wp\/v2\/product\/136479","targetHints":{"allow":["GET"]}}],"collection":[{"href":"https:\/\/stylingagenten.com\/fi\/wp-json\/wp\/v2\/product"}],"about":[{"href":"https:\/\/stylingagenten.com\/fi\/wp-json\/wp\/v2\/types\/product"}],"replies":[{"embeddable":true,"href":"https:\/\/stylingagenten.com\/fi\/wp-json\/wp\/v2\/comments?post=136479"}],"version-history":[{"count":0,"href":"https:\/\/stylingagenten.com\/fi\/wp-json\/wp\/v2\/product\/136479\/revisions"}],"wp:featuredmedia":[{"embeddable":true,"href":"https:\/\/stylingagenten.com\/fi\/wp-json\/wp\/v2\/media\/136477"}],"wp:attachment":[{"href":"https:\/\/stylingagenten.com\/fi\/wp-json\/wp\/v2\/media?parent=136479"}],"wp:term":[{"taxonomy":"product_brand","embeddable":true,"href":"https:\/\/stylingagenten.com\/fi\/wp-json\/wp\/v2\/product_brand?post=136479"},{"taxonomy":"product_cat","embeddable":true,"href":"https:\/\/stylingagenten.com\/fi\/wp-json\/wp\/v2\/product_cat?post=136479"},{"taxonomy":"product_tag","embeddable":true,"href":"https:\/\/stylingagenten.com\/fi\/wp-json\/wp\/v2\/product_tag?post=136479"},{"taxonomy":"berocket_brand","embeddable":true,"href":"https:\/\/stylingagenten.com\/fi\/wp-json\/wp\/v2\/berocket_brand?post=136479"}],"curies":[{"name":"wp","href":"https:\/\/api.w.org\/{rel}","templated":true}]}}