{"id":136476,"date":"2025-05-18T22:50:34","date_gmt":"2025-05-18T22:50:34","guid":{"rendered":"https:\/\/staging2.stylingagenten.com\/fi\/produkt\/marc-jacobs-daisy-eau-so-fresh-edt-75ml\/"},"modified":"2026-04-13T20:18:47","modified_gmt":"2026-04-13T20:18:47","slug":"marc-jacobs-daisy-eau-so-fresh-edt-75ml","status":"publish","type":"product","link":"https:\/\/stylingagenten.com\/fi\/tuote\/marc-jacobs-daisy-eau-so-fresh-edt-75ml\/","title":{"rendered":"Marc Jacobs Daisy Eau So Fresh Edt 75ml"},"content":{"rendered":"<p>Marc Jacobs Daisy Eau So Fresh on kukkainen ja hedelm\u00e4inen tuoksu. Se on eloisa ja ainutlaatuinen ja leikkis\u00e4 muunnelma Daisy-hajuvedest\u00e4.<\/p>\n<p><strong>Tuoksutuoksu:<\/strong> punainen viiniryp\u00e4le, vadelma, p\u00e4\u00e4ryn\u00e4, violetin ter\u00e4lehdet, ruusun, jasmiinin ter\u00e4lehdet, myski, luumu ja amp. ; setripuu&auml;.<\/p>\n","protected":false},"excerpt":{"rendered":"<p>Marc Jacobs Daisy Eau So Fresh on kukkainen ja hedelm\u00e4inen tuoksu. Se on eloisa ja ainutlaatuinen ja leikkis\u00e4 muunnelma Daisy-hajuvedest\u00e4. Tuoksutuoksu: punainen viiniryp\u00e4le, vadelma, p\u00e4\u00e4ryn\u00e4, violetin ter\u00e4lehdet, ruusun, jasmiinin ter\u00e4lehdet, myski, luumu ja amp. ; setripuu&auml;.<\/p>\n","protected":false},"featured_media":136475,"comment_status":"open","ping_status":"closed","template":"","meta":{"_trash_the_other_posts":false},"product_brand":[],"product_cat":[999,959,1003,707,735],"product_tag":[3381],"berocket_brand":[1069],"class_list":{"0":"post-136476","1":"product","2":"type-product","3":"status-publish","4":"has-post-thumbnail","6":"product_cat-kampanjatarjous-naiselle","7":"product_cat-marc-jacobs-daisy","8":"product_cat-myydyimmat","9":"product_cat-naisten-eau-de-toilette","10":"product_cat-kampanjamme","11":"product_tag-marc-jacobs-daisy-eau-so-fresh-edt","12":"pa_brand-marc-jacobs","13":"pa_variantti-75ml","14":"berocket_brand-marc-jacobs","16":"first","17":"instock","18":"sale","19":"taxable","20":"shipping-taxable","21":"purchasable","22":"product-type-simple"},"_links":{"self":[{"href":"https:\/\/stylingagenten.com\/fi\/wp-json\/wp\/v2\/product\/136476","targetHints":{"allow":["GET"]}}],"collection":[{"href":"https:\/\/stylingagenten.com\/fi\/wp-json\/wp\/v2\/product"}],"about":[{"href":"https:\/\/stylingagenten.com\/fi\/wp-json\/wp\/v2\/types\/product"}],"replies":[{"embeddable":true,"href":"https:\/\/stylingagenten.com\/fi\/wp-json\/wp\/v2\/comments?post=136476"}],"version-history":[{"count":0,"href":"https:\/\/stylingagenten.com\/fi\/wp-json\/wp\/v2\/product\/136476\/revisions"}],"wp:featuredmedia":[{"embeddable":true,"href":"https:\/\/stylingagenten.com\/fi\/wp-json\/wp\/v2\/media\/136475"}],"wp:attachment":[{"href":"https:\/\/stylingagenten.com\/fi\/wp-json\/wp\/v2\/media?parent=136476"}],"wp:term":[{"taxonomy":"product_brand","embeddable":true,"href":"https:\/\/stylingagenten.com\/fi\/wp-json\/wp\/v2\/product_brand?post=136476"},{"taxonomy":"product_cat","embeddable":true,"href":"https:\/\/stylingagenten.com\/fi\/wp-json\/wp\/v2\/product_cat?post=136476"},{"taxonomy":"product_tag","embeddable":true,"href":"https:\/\/stylingagenten.com\/fi\/wp-json\/wp\/v2\/product_tag?post=136476"},{"taxonomy":"berocket_brand","embeddable":true,"href":"https:\/\/stylingagenten.com\/fi\/wp-json\/wp\/v2\/berocket_brand?post=136476"}],"curies":[{"name":"wp","href":"https:\/\/api.w.org\/{rel}","templated":true}]}}