{"id":136457,"date":"2025-05-18T22:50:23","date_gmt":"2025-05-18T22:50:23","guid":{"rendered":"https:\/\/staging2.stylingagenten.com\/fi\/produkt\/paris-hilton-can-can-edp-100ml\/"},"modified":"2026-04-14T14:48:56","modified_gmt":"2026-04-14T14:48:56","slug":"paris-hilton-can-can-edp-100ml","status":"publish","type":"product","link":"https:\/\/stylingagenten.com\/fi\/tuote\/paris-hilton-can-can-edp-100ml\/","title":{"rendered":"Paris Hilton Can Can Edp 100ml"},"content":{"rendered":"<h1>Paris Hilton Can Can Eau de Parfum 100 ml<\/h1>\n<p><\/p>\n<h1>Paris Hilton Can Can on haastava tuoksu, joka on saanut inspiraationsa n Moulin Rougen leikkis\u00e4st\u00e4 ja aistillisesta tunnelmasta. &nbsp;<\/h1>\n<p><\/p>\n<h2>Siell\u00e4 on it\u00e4maisen perheen hedelmien ja kukkien vivahteita.<br \/><strong>Tuoksutuoksu:<\/strong> klementiinikukka, mustaherukka, nektariini, appelsiinin kukka, villi orkidea, myski, meripihka &amp; amp; tr&auml;.<\/h2>\n<p><\/p>\n","protected":false},"excerpt":{"rendered":"<p>Paris Hilton Can Can Eau de Parfum 100 ml Paris Hilton Can Can on haastava tuoksu, joka on saanut inspiraationsa n Moulin Rougen leikkis\u00e4st\u00e4 ja aistillisesta tunnelmasta. &nbsp; Siell\u00e4 on it\u00e4maisen perheen hedelmien ja kukkien vivahteita.Tuoksutuoksu: klementiinikukka, mustaherukka, nektariini, appelsiinin kukka, villi orkidea, myski, meripihka &amp; amp; tr&auml;.<\/p>\n","protected":false},"featured_media":136455,"comment_status":"open","ping_status":"closed","template":"","meta":{"_trash_the_other_posts":false},"product_brand":[],"product_cat":[999,706,735],"product_tag":[3744],"berocket_brand":[1051],"class_list":{"0":"post-136457","1":"product","2":"type-product","3":"status-publish","4":"has-post-thumbnail","6":"product_cat-kampanjatarjous-naiselle","7":"product_cat-naisten-eau-de-parfum","8":"product_cat-kampanjamme","9":"product_tag-paris-hilton-can-can-edp","10":"pa_brand-paris-hilton","11":"pa_variantti-100ml","12":"berocket_brand-paris-hilton","14":"first","15":"instock","16":"sale","17":"taxable","18":"shipping-taxable","19":"purchasable","20":"product-type-simple"},"_links":{"self":[{"href":"https:\/\/stylingagenten.com\/fi\/wp-json\/wp\/v2\/product\/136457","targetHints":{"allow":["GET"]}}],"collection":[{"href":"https:\/\/stylingagenten.com\/fi\/wp-json\/wp\/v2\/product"}],"about":[{"href":"https:\/\/stylingagenten.com\/fi\/wp-json\/wp\/v2\/types\/product"}],"replies":[{"embeddable":true,"href":"https:\/\/stylingagenten.com\/fi\/wp-json\/wp\/v2\/comments?post=136457"}],"version-history":[{"count":0,"href":"https:\/\/stylingagenten.com\/fi\/wp-json\/wp\/v2\/product\/136457\/revisions"}],"wp:featuredmedia":[{"embeddable":true,"href":"https:\/\/stylingagenten.com\/fi\/wp-json\/wp\/v2\/media\/136455"}],"wp:attachment":[{"href":"https:\/\/stylingagenten.com\/fi\/wp-json\/wp\/v2\/media?parent=136457"}],"wp:term":[{"taxonomy":"product_brand","embeddable":true,"href":"https:\/\/stylingagenten.com\/fi\/wp-json\/wp\/v2\/product_brand?post=136457"},{"taxonomy":"product_cat","embeddable":true,"href":"https:\/\/stylingagenten.com\/fi\/wp-json\/wp\/v2\/product_cat?post=136457"},{"taxonomy":"product_tag","embeddable":true,"href":"https:\/\/stylingagenten.com\/fi\/wp-json\/wp\/v2\/product_tag?post=136457"},{"taxonomy":"berocket_brand","embeddable":true,"href":"https:\/\/stylingagenten.com\/fi\/wp-json\/wp\/v2\/berocket_brand?post=136457"}],"curies":[{"name":"wp","href":"https:\/\/api.w.org\/{rel}","templated":true}]}}