{"id":136440,"date":"2025-05-18T22:50:02","date_gmt":"2025-05-18T22:50:02","guid":{"rendered":"https:\/\/staging2.stylingagenten.com\/fi\/produkt\/clinique-happy-edp-30ml\/"},"modified":"2026-04-11T19:58:44","modified_gmt":"2026-04-11T19:58:44","slug":"clinique-happy-edp-30ml","status":"publish","type":"product","link":"https:\/\/stylingagenten.com\/fi\/tuote\/clinique-happy-edp-30ml\/","title":{"rendered":"Clinique Happy Edp 30ml"},"content":{"rendered":"<p>Clinique Happy on hajuvesi, joka sopii kaikkiin tilanteisiin ja kaikille naisille. Se on hedelm\u00e4inen ja kukkainen, ja siin\u00e4 on sitrushedelmi\u00e4, kuusamaa ja poikasenmarjaa.<\/p>\n<p><strong>Tuoksutuoksu: <\/strong>bergamotti, poikasenmarja, kuusama, greippi, sammal, freesia, sitruuna ja eksoottiset kukat.<\/strong> p&gt;<\/p>\n","protected":false},"excerpt":{"rendered":"<p>Clinique Happy on hajuvesi, joka sopii kaikkiin tilanteisiin ja kaikille naisille. Se on hedelm\u00e4inen ja kukkainen, ja siin\u00e4 on sitrushedelmi\u00e4, kuusamaa ja poikasenmarjaa. Tuoksutuoksu: bergamotti, poikasenmarja, kuusama, greippi, sammal, freesia, sitruuna ja eksoottiset kukat. p&gt;<\/p>\n","protected":false},"featured_media":136439,"comment_status":"open","ping_status":"closed","template":"","meta":{"_trash_the_other_posts":false},"product_brand":[],"product_cat":[812,1006,999,706,735],"product_tag":[2726],"berocket_brand":[1062],"class_list":{"0":"post-136440","1":"product","2":"type-product","3":"status-publish","4":"has-post-thumbnail","6":"product_cat-clinique-happy-woman","7":"product_cat-kampanjahinta","8":"product_cat-kampanjatarjous-naiselle","9":"product_cat-naisten-eau-de-parfum","10":"product_cat-kampanjamme","11":"product_tag-clinique-happy-edp","12":"pa_brand-clinique","13":"pa_variantti-30ml","14":"berocket_brand-clinique","16":"first","17":"instock","18":"sale","19":"taxable","20":"shipping-taxable","21":"purchasable","22":"product-type-simple"},"_links":{"self":[{"href":"https:\/\/stylingagenten.com\/fi\/wp-json\/wp\/v2\/product\/136440","targetHints":{"allow":["GET"]}}],"collection":[{"href":"https:\/\/stylingagenten.com\/fi\/wp-json\/wp\/v2\/product"}],"about":[{"href":"https:\/\/stylingagenten.com\/fi\/wp-json\/wp\/v2\/types\/product"}],"replies":[{"embeddable":true,"href":"https:\/\/stylingagenten.com\/fi\/wp-json\/wp\/v2\/comments?post=136440"}],"version-history":[{"count":0,"href":"https:\/\/stylingagenten.com\/fi\/wp-json\/wp\/v2\/product\/136440\/revisions"}],"wp:featuredmedia":[{"embeddable":true,"href":"https:\/\/stylingagenten.com\/fi\/wp-json\/wp\/v2\/media\/136439"}],"wp:attachment":[{"href":"https:\/\/stylingagenten.com\/fi\/wp-json\/wp\/v2\/media?parent=136440"}],"wp:term":[{"taxonomy":"product_brand","embeddable":true,"href":"https:\/\/stylingagenten.com\/fi\/wp-json\/wp\/v2\/product_brand?post=136440"},{"taxonomy":"product_cat","embeddable":true,"href":"https:\/\/stylingagenten.com\/fi\/wp-json\/wp\/v2\/product_cat?post=136440"},{"taxonomy":"product_tag","embeddable":true,"href":"https:\/\/stylingagenten.com\/fi\/wp-json\/wp\/v2\/product_tag?post=136440"},{"taxonomy":"berocket_brand","embeddable":true,"href":"https:\/\/stylingagenten.com\/fi\/wp-json\/wp\/v2\/berocket_brand?post=136440"}],"curies":[{"name":"wp","href":"https:\/\/api.w.org\/{rel}","templated":true}]}}