{"id":136433,"date":"2025-05-18T22:49:53","date_gmt":"2025-05-18T22:49:53","guid":{"rendered":"https:\/\/staging2.stylingagenten.com\/fi\/produkt\/britney-spears-midnight-fantasy-edp-50ml\/"},"modified":"2025-11-19T10:47:54","modified_gmt":"2025-11-19T10:47:54","slug":"britney-spears-midnight-fantasy-edp-50ml","status":"publish","type":"product","link":"https:\/\/stylingagenten.com\/fi\/tuote\/britney-spears-midnight-fantasy-edp-50ml\/","title":{"rendered":"Britney Spears Midnight Fantasy Edp 50ml"},"content":{"rendered":"<p>Britney Spears Midnight Fantasy on l\u00e4mmin ja ilkikurinen tuoksu, jonka aromit orkidea, freesia, iiris, ambra, myski ja vanilja antavat eritt\u00e4in makean tunteen, joka tuo mieleen tuoreet karamellit. <\/p>\n<p><strong>Tuoksutuoksu :<\/strong> vadelma, luumu, musta kirsikka, freesia, iiris, y\u00f6orkidea, vanilja, myski &amp; keltainen.<\/p>\n","protected":false},"excerpt":{"rendered":"<p>Britney Spears Midnight Fantasy on l\u00e4mmin ja ilkikurinen tuoksu, jonka aromit orkidea, freesia, iiris, ambra, myski ja vanilja antavat eritt\u00e4in makean tunteen, joka tuo mieleen tuoreet karamellit. Tuoksutuoksu : vadelma, luumu, musta kirsikka, freesia, iiris, y\u00f6orkidea, vanilja, myski &amp; keltainen.<\/p>\n","protected":false},"featured_media":136431,"comment_status":"open","ping_status":"closed","template":"","meta":{"_trash_the_other_posts":false},"product_brand":[],"product_cat":[1006,706],"product_tag":[2580],"berocket_brand":[1031],"class_list":{"0":"post-136433","1":"product","2":"type-product","3":"status-publish","4":"has-post-thumbnail","6":"product_cat-kampanjahinta","7":"product_cat-naisten-eau-de-parfum","8":"product_tag-britney-spears-midnight-fantasy-edp","9":"pa_brand-britney-spears","10":"pa_variantti-50ml","11":"berocket_brand-britney-spears","13":"first","14":"outofstock","15":"sale","16":"taxable","17":"shipping-taxable","18":"purchasable","19":"product-type-simple"},"_links":{"self":[{"href":"https:\/\/stylingagenten.com\/fi\/wp-json\/wp\/v2\/product\/136433","targetHints":{"allow":["GET"]}}],"collection":[{"href":"https:\/\/stylingagenten.com\/fi\/wp-json\/wp\/v2\/product"}],"about":[{"href":"https:\/\/stylingagenten.com\/fi\/wp-json\/wp\/v2\/types\/product"}],"replies":[{"embeddable":true,"href":"https:\/\/stylingagenten.com\/fi\/wp-json\/wp\/v2\/comments?post=136433"}],"version-history":[{"count":0,"href":"https:\/\/stylingagenten.com\/fi\/wp-json\/wp\/v2\/product\/136433\/revisions"}],"wp:featuredmedia":[{"embeddable":true,"href":"https:\/\/stylingagenten.com\/fi\/wp-json\/wp\/v2\/media\/136431"}],"wp:attachment":[{"href":"https:\/\/stylingagenten.com\/fi\/wp-json\/wp\/v2\/media?parent=136433"}],"wp:term":[{"taxonomy":"product_brand","embeddable":true,"href":"https:\/\/stylingagenten.com\/fi\/wp-json\/wp\/v2\/product_brand?post=136433"},{"taxonomy":"product_cat","embeddable":true,"href":"https:\/\/stylingagenten.com\/fi\/wp-json\/wp\/v2\/product_cat?post=136433"},{"taxonomy":"product_tag","embeddable":true,"href":"https:\/\/stylingagenten.com\/fi\/wp-json\/wp\/v2\/product_tag?post=136433"},{"taxonomy":"berocket_brand","embeddable":true,"href":"https:\/\/stylingagenten.com\/fi\/wp-json\/wp\/v2\/berocket_brand?post=136433"}],"curies":[{"name":"wp","href":"https:\/\/api.w.org\/{rel}","templated":true}]}}