{"id":136416,"date":"2025-05-18T22:49:33","date_gmt":"2025-05-18T22:49:33","guid":{"rendered":"https:\/\/staging2.stylingagenten.com\/fi\/produkt\/calvin-klein-ck-one-edt-50ml\/"},"modified":"2026-04-13T12:07:43","modified_gmt":"2026-04-13T12:07:43","slug":"calvin-klein-ck-one-edt-50ml","status":"publish","type":"product","link":"https:\/\/stylingagenten.com\/fi\/tuote\/calvin-klein-ck-one-edt-50ml\/","title":{"rendered":"Calvin Klein CK One Edt 50ml"},"content":{"rendered":"<p>Calvin Klein CK One on kausiluonteinen unisex-hajuvesi, jossa on raikas, raikas ja hedelm\u00e4inen tuoksu.<\/p>\n<p><strong>Tuoksutuoksu:<\/strong> bergamotti, mandariini, kardemumma, jasmiini, ananas, papaija, meripihka , muskottip\u00e4hkin\u00e4, santelipuu&auml; ja vihre\u00e4\u00e4 teet\u00e4.<\/p>\n","protected":false},"excerpt":{"rendered":"<p>Calvin Klein CK One on kausiluonteinen unisex-hajuvesi, jossa on raikas, raikas ja hedelm\u00e4inen tuoksu. Tuoksutuoksu: bergamotti, mandariini, kardemumma, jasmiini, ananas, papaija, meripihka , muskottip\u00e4hkin\u00e4, santelipuu&auml; ja vihre\u00e4\u00e4 teet\u00e4.<\/p>\n","protected":false},"featured_media":136414,"comment_status":"open","ping_status":"closed","template":"","meta":{"_trash_the_other_posts":false},"product_brand":[],"product_cat":[749,713,709,707],"product_tag":[2640],"berocket_brand":[1014],"class_list":{"0":"post-136416","1":"product","2":"type-product","3":"status-publish","4":"has-post-thumbnail","6":"product_cat-calvin-klein-ck-one","7":"product_cat-hajuvesi-unisex","8":"product_cat-miesten-eau-de-toilette","9":"product_cat-naisten-eau-de-toilette","10":"product_tag-calvin-klein-ck-one-edt","11":"pa_brand-calvin-klein","12":"pa_variantti-50ml","13":"berocket_brand-calvin-klein","15":"first","16":"instock","17":"sale","18":"taxable","19":"shipping-taxable","20":"purchasable","21":"product-type-simple"},"_links":{"self":[{"href":"https:\/\/stylingagenten.com\/fi\/wp-json\/wp\/v2\/product\/136416","targetHints":{"allow":["GET"]}}],"collection":[{"href":"https:\/\/stylingagenten.com\/fi\/wp-json\/wp\/v2\/product"}],"about":[{"href":"https:\/\/stylingagenten.com\/fi\/wp-json\/wp\/v2\/types\/product"}],"replies":[{"embeddable":true,"href":"https:\/\/stylingagenten.com\/fi\/wp-json\/wp\/v2\/comments?post=136416"}],"version-history":[{"count":0,"href":"https:\/\/stylingagenten.com\/fi\/wp-json\/wp\/v2\/product\/136416\/revisions"}],"wp:featuredmedia":[{"embeddable":true,"href":"https:\/\/stylingagenten.com\/fi\/wp-json\/wp\/v2\/media\/136414"}],"wp:attachment":[{"href":"https:\/\/stylingagenten.com\/fi\/wp-json\/wp\/v2\/media?parent=136416"}],"wp:term":[{"taxonomy":"product_brand","embeddable":true,"href":"https:\/\/stylingagenten.com\/fi\/wp-json\/wp\/v2\/product_brand?post=136416"},{"taxonomy":"product_cat","embeddable":true,"href":"https:\/\/stylingagenten.com\/fi\/wp-json\/wp\/v2\/product_cat?post=136416"},{"taxonomy":"product_tag","embeddable":true,"href":"https:\/\/stylingagenten.com\/fi\/wp-json\/wp\/v2\/product_tag?post=136416"},{"taxonomy":"berocket_brand","embeddable":true,"href":"https:\/\/stylingagenten.com\/fi\/wp-json\/wp\/v2\/berocket_brand?post=136416"}],"curies":[{"name":"wp","href":"https:\/\/api.w.org\/{rel}","templated":true}]}}