{"id":136407,"date":"2025-05-18T22:49:23","date_gmt":"2025-05-18T22:49:23","guid":{"rendered":"https:\/\/staging2.stylingagenten.com\/fi\/produkt\/britney-spears-midnight-fantasy-edp-30ml\/"},"modified":"2026-04-01T11:47:28","modified_gmt":"2026-04-01T11:47:28","slug":"britney-spears-midnight-fantasy-edp-30ml","status":"publish","type":"product","link":"https:\/\/stylingagenten.com\/fi\/tuote\/britney-spears-midnight-fantasy-edp-30ml\/","title":{"rendered":"Britney Spears Midnight Fantasy Edp 30ml"},"content":{"rendered":"<p>Britney Spears Midnight Fantasy on l\u00e4mmin ja ilkikurinen tuoksu, jonka aromit orkidea, freesia, iiris, ambra, myski ja vanilja antavat eritt\u00e4in makean tunteen, joka tuo mieleen tuoreet karamellit.<\/p>\n<p><strong> Tuoksu: <\/strong>vadelma, luumu, musta kirsikka, freesia, iiris, y\u00f6orkidea, vanilja, myski ja meripihka.<\/p>\n","protected":false},"excerpt":{"rendered":"<p>Britney Spears Midnight Fantasy on l\u00e4mmin ja ilkikurinen tuoksu, jonka aromit orkidea, freesia, iiris, ambra, myski ja vanilja antavat eritt\u00e4in makean tunteen, joka tuo mieleen tuoreet karamellit. Tuoksu: vadelma, luumu, musta kirsikka, freesia, iiris, y\u00f6orkidea, vanilja, myski ja meripihka.<\/p>\n","protected":false},"featured_media":136405,"comment_status":"open","ping_status":"closed","template":"","meta":{"_trash_the_other_posts":false},"product_brand":[],"product_cat":[1006,999,1003,706,735],"product_tag":[2580],"berocket_brand":[1031],"class_list":{"0":"post-136407","1":"product","2":"type-product","3":"status-publish","4":"has-post-thumbnail","6":"product_cat-kampanjahinta","7":"product_cat-kampanjatarjous-naiselle","8":"product_cat-myydyimmat","9":"product_cat-naisten-eau-de-parfum","10":"product_cat-kampanjamme","11":"product_tag-britney-spears-midnight-fantasy-edp","12":"pa_brand-britney-spears","13":"pa_variantti-30ml","14":"berocket_brand-britney-spears","16":"first","17":"outofstock","18":"sale","19":"taxable","20":"shipping-taxable","21":"purchasable","22":"product-type-simple"},"_links":{"self":[{"href":"https:\/\/stylingagenten.com\/fi\/wp-json\/wp\/v2\/product\/136407","targetHints":{"allow":["GET"]}}],"collection":[{"href":"https:\/\/stylingagenten.com\/fi\/wp-json\/wp\/v2\/product"}],"about":[{"href":"https:\/\/stylingagenten.com\/fi\/wp-json\/wp\/v2\/types\/product"}],"replies":[{"embeddable":true,"href":"https:\/\/stylingagenten.com\/fi\/wp-json\/wp\/v2\/comments?post=136407"}],"version-history":[{"count":0,"href":"https:\/\/stylingagenten.com\/fi\/wp-json\/wp\/v2\/product\/136407\/revisions"}],"wp:featuredmedia":[{"embeddable":true,"href":"https:\/\/stylingagenten.com\/fi\/wp-json\/wp\/v2\/media\/136405"}],"wp:attachment":[{"href":"https:\/\/stylingagenten.com\/fi\/wp-json\/wp\/v2\/media?parent=136407"}],"wp:term":[{"taxonomy":"product_brand","embeddable":true,"href":"https:\/\/stylingagenten.com\/fi\/wp-json\/wp\/v2\/product_brand?post=136407"},{"taxonomy":"product_cat","embeddable":true,"href":"https:\/\/stylingagenten.com\/fi\/wp-json\/wp\/v2\/product_cat?post=136407"},{"taxonomy":"product_tag","embeddable":true,"href":"https:\/\/stylingagenten.com\/fi\/wp-json\/wp\/v2\/product_tag?post=136407"},{"taxonomy":"berocket_brand","embeddable":true,"href":"https:\/\/stylingagenten.com\/fi\/wp-json\/wp\/v2\/berocket_brand?post=136407"}],"curies":[{"name":"wp","href":"https:\/\/api.w.org\/{rel}","templated":true}]}}