{"id":136397,"date":"2025-05-18T22:48:23","date_gmt":"2025-05-18T22:48:23","guid":{"rendered":"https:\/\/staging2.stylingagenten.com\/fi\/produkt\/burberry-women-edp-50ml\/"},"modified":"2026-04-14T01:08:28","modified_gmt":"2026-04-14T01:08:28","slug":"burberry-women-edp-50ml","status":"publish","type":"product","link":"https:\/\/stylingagenten.com\/fi\/tuote\/burberry-women-edp-50ml\/","title":{"rendered":"Burberry Women Edp 50ml"},"content":{"rendered":"<p>Burberry Women on aistillinen ja vieh\u00e4tt\u00e4v\u00e4 tuoksu, joka persoonallistaa todellisen Burberryn naisen. Siin\u00e4 on pehme\u00e4 ja aistillinen aprikoosin, jasmiinin ja vaniljan tuoksu.<\/p>\n<p><strong>Tuoksutuoksu:<\/strong> vihre\u00e4 omena, bergamotti, persikka, aprikoosi, mustaherukka, tagetes, keh\u00e4kukka, jasmiini, santelipuu, setripuu, myski, sammal &amp; amp; vanilja.<\/p>\n","protected":false},"excerpt":{"rendered":"<p>Burberry Women on aistillinen ja vieh\u00e4tt\u00e4v\u00e4 tuoksu, joka persoonallistaa todellisen Burberryn naisen. Siin\u00e4 on pehme\u00e4 ja aistillinen aprikoosin, jasmiinin ja vaniljan tuoksu. Tuoksutuoksu: vihre\u00e4 omena, bergamotti, persikka, aprikoosi, mustaherukka, tagetes, keh\u00e4kukka, jasmiini, santelipuu, setripuu, myski, sammal &amp; amp; vanilja.<\/p>\n","protected":false},"featured_media":136395,"comment_status":"open","ping_status":"closed","template":"","meta":{"_trash_the_other_posts":false},"product_brand":[],"product_cat":[782,1006,999,706,735],"product_tag":[2619],"berocket_brand":[1017],"class_list":{"0":"post-136397","1":"product","2":"type-product","3":"status-publish","4":"has-post-thumbnail","6":"product_cat-burberry-women","7":"product_cat-kampanjahinta","8":"product_cat-kampanjatarjous-naiselle","9":"product_cat-naisten-eau-de-parfum","10":"product_cat-kampanjamme","11":"product_tag-burberry-women-edp","12":"pa_brand-burberry","13":"pa_variantti-50ml","14":"berocket_brand-burberry","16":"first","17":"instock","18":"sale","19":"taxable","20":"shipping-taxable","21":"purchasable","22":"product-type-simple"},"_links":{"self":[{"href":"https:\/\/stylingagenten.com\/fi\/wp-json\/wp\/v2\/product\/136397","targetHints":{"allow":["GET"]}}],"collection":[{"href":"https:\/\/stylingagenten.com\/fi\/wp-json\/wp\/v2\/product"}],"about":[{"href":"https:\/\/stylingagenten.com\/fi\/wp-json\/wp\/v2\/types\/product"}],"replies":[{"embeddable":true,"href":"https:\/\/stylingagenten.com\/fi\/wp-json\/wp\/v2\/comments?post=136397"}],"version-history":[{"count":0,"href":"https:\/\/stylingagenten.com\/fi\/wp-json\/wp\/v2\/product\/136397\/revisions"}],"wp:featuredmedia":[{"embeddable":true,"href":"https:\/\/stylingagenten.com\/fi\/wp-json\/wp\/v2\/media\/136395"}],"wp:attachment":[{"href":"https:\/\/stylingagenten.com\/fi\/wp-json\/wp\/v2\/media?parent=136397"}],"wp:term":[{"taxonomy":"product_brand","embeddable":true,"href":"https:\/\/stylingagenten.com\/fi\/wp-json\/wp\/v2\/product_brand?post=136397"},{"taxonomy":"product_cat","embeddable":true,"href":"https:\/\/stylingagenten.com\/fi\/wp-json\/wp\/v2\/product_cat?post=136397"},{"taxonomy":"product_tag","embeddable":true,"href":"https:\/\/stylingagenten.com\/fi\/wp-json\/wp\/v2\/product_tag?post=136397"},{"taxonomy":"berocket_brand","embeddable":true,"href":"https:\/\/stylingagenten.com\/fi\/wp-json\/wp\/v2\/berocket_brand?post=136397"}],"curies":[{"name":"wp","href":"https:\/\/api.w.org\/{rel}","templated":true}]}}