{"id":136383,"date":"2025-05-18T22:48:16","date_gmt":"2025-05-18T22:48:16","guid":{"rendered":"https:\/\/staging2.stylingagenten.com\/fi\/produkt\/dkny-be-delicious-fresh-blossom-edp-50ml\/"},"modified":"2026-04-13T12:07:40","modified_gmt":"2026-04-13T12:07:40","slug":"dkny-be-delicious-fresh-blossom-edp-50ml","status":"publish","type":"product","link":"https:\/\/stylingagenten.com\/fi\/tuote\/dkny-be-delicious-fresh-blossom-edp-50ml\/","title":{"rendered":"DKNY Be Delicious Fresh Blossom Edp 50ml"},"content":{"rendered":"<p>DKNY Be Delicious Fresh Blossom on viaton, raikas ja leikkis\u00e4 tuoksu, joka tuo ensimm\u00e4isen\u00e4 mieleen ensimm\u00e4iset ihanat p\u00e4iv\u00e4t, jolloin silmut puhkeavat ja maailma avautuu luonnon her\u00e4\u00e4miselle.<\/p>\n<p><strong>Tuoksua:<\/strong> greippi, mustaherukka, aprikoosi, muguet, ruusu, jasmiini, omenankukka &amp; kirkkaita puun s\u00e4vyj\u00e4.<\/p>\n","protected":false},"excerpt":{"rendered":"<p>DKNY Be Delicious Fresh Blossom on viaton, raikas ja leikkis\u00e4 tuoksu, joka tuo ensimm\u00e4isen\u00e4 mieleen ensimm\u00e4iset ihanat p\u00e4iv\u00e4t, jolloin silmut puhkeavat ja maailma avautuu luonnon her\u00e4\u00e4miselle. Tuoksua: greippi, mustaherukka, aprikoosi, muguet, ruusu, jasmiini, omenankukka &amp; kirkkaita puun s\u00e4vyj\u00e4.<\/p>\n","protected":false},"featured_media":136380,"comment_status":"open","ping_status":"closed","template":"","meta":{"_trash_the_other_posts":false},"product_brand":[],"product_cat":[753,1006,1003,706],"product_tag":[2826],"berocket_brand":[1291],"class_list":{"0":"post-136383","1":"product","2":"type-product","3":"status-publish","4":"has-post-thumbnail","6":"product_cat-dkny-be-delicious","7":"product_cat-kampanjahinta","8":"product_cat-myydyimmat","9":"product_cat-naisten-eau-de-parfum","10":"product_tag-dkny-be-delicious-fresh-blossom-edp","11":"pa_brand-dkny","12":"pa_variantti-50ml","13":"berocket_brand-dkny","15":"first","16":"instock","17":"sale","18":"taxable","19":"shipping-taxable","20":"purchasable","21":"product-type-simple"},"_links":{"self":[{"href":"https:\/\/stylingagenten.com\/fi\/wp-json\/wp\/v2\/product\/136383","targetHints":{"allow":["GET"]}}],"collection":[{"href":"https:\/\/stylingagenten.com\/fi\/wp-json\/wp\/v2\/product"}],"about":[{"href":"https:\/\/stylingagenten.com\/fi\/wp-json\/wp\/v2\/types\/product"}],"replies":[{"embeddable":true,"href":"https:\/\/stylingagenten.com\/fi\/wp-json\/wp\/v2\/comments?post=136383"}],"version-history":[{"count":0,"href":"https:\/\/stylingagenten.com\/fi\/wp-json\/wp\/v2\/product\/136383\/revisions"}],"wp:featuredmedia":[{"embeddable":true,"href":"https:\/\/stylingagenten.com\/fi\/wp-json\/wp\/v2\/media\/136380"}],"wp:attachment":[{"href":"https:\/\/stylingagenten.com\/fi\/wp-json\/wp\/v2\/media?parent=136383"}],"wp:term":[{"taxonomy":"product_brand","embeddable":true,"href":"https:\/\/stylingagenten.com\/fi\/wp-json\/wp\/v2\/product_brand?post=136383"},{"taxonomy":"product_cat","embeddable":true,"href":"https:\/\/stylingagenten.com\/fi\/wp-json\/wp\/v2\/product_cat?post=136383"},{"taxonomy":"product_tag","embeddable":true,"href":"https:\/\/stylingagenten.com\/fi\/wp-json\/wp\/v2\/product_tag?post=136383"},{"taxonomy":"berocket_brand","embeddable":true,"href":"https:\/\/stylingagenten.com\/fi\/wp-json\/wp\/v2\/berocket_brand?post=136383"}],"curies":[{"name":"wp","href":"https:\/\/api.w.org\/{rel}","templated":true}]}}