{"id":136363,"date":"2025-05-18T22:48:08","date_gmt":"2025-05-18T22:48:08","guid":{"rendered":"https:\/\/staging2.stylingagenten.com\/fi\/produkt\/elizabeth-arden-green-tea-scent-spray-edp-100ml\/"},"modified":"2026-04-12T15:08:43","modified_gmt":"2026-04-12T15:08:43","slug":"elizabeth-arden-green-tea-scent-spray-edp-100ml","status":"publish","type":"product","link":"https:\/\/stylingagenten.com\/fi\/tuote\/elizabeth-arden-green-tea-scent-spray-edp-100ml\/","title":{"rendered":"Elizabeth Arden Green Tea Scent Spray Edp 100ml"},"content":{"rendered":"<p>Elizabeth Arden Green Tea on virkist\u00e4v\u00e4 kevyt ja vihre\u00e4 tuoksu, joka sopii kaikille naisille.<\/p>\n<p><strong>Tuoksutuoksu:<\/strong> kumina, raparperi, bergamotti, sitruuna, jasmiini, neilikka, piparminttu, fenkoli , selleri, tammisammalt, meripihka &amp; amp; myski.<\/p>\n","protected":false},"excerpt":{"rendered":"<p>Elizabeth Arden Green Tea on virkist\u00e4v\u00e4 kevyt ja vihre\u00e4 tuoksu, joka sopii kaikille naisille. Tuoksutuoksu: kumina, raparperi, bergamotti, sitruuna, jasmiini, neilikka, piparminttu, fenkoli , selleri, tammisammalt, meripihka &amp; amp; myski.<\/p>\n","protected":false},"featured_media":136356,"comment_status":"open","ping_status":"closed","template":"","meta":{"_trash_the_other_posts":false},"product_brand":[],"product_cat":[759,1006,1003,706],"product_tag":[2868],"berocket_brand":[1303],"class_list":{"0":"post-136363","1":"product","2":"type-product","3":"status-publish","4":"has-post-thumbnail","6":"product_cat-elizabeth-arden-green-tea","7":"product_cat-kampanjahinta","8":"product_cat-myydyimmat","9":"product_cat-naisten-eau-de-parfum","10":"product_tag-elizabeth-arden-green-tea-scent-spray-edp","11":"pa_brand-elizabeth-arden","12":"pa_variantti-100ml","13":"berocket_brand-elizabeth-arden","15":"first","16":"instock","17":"sale","18":"taxable","19":"shipping-taxable","20":"purchasable","21":"product-type-simple"},"_links":{"self":[{"href":"https:\/\/stylingagenten.com\/fi\/wp-json\/wp\/v2\/product\/136363","targetHints":{"allow":["GET"]}}],"collection":[{"href":"https:\/\/stylingagenten.com\/fi\/wp-json\/wp\/v2\/product"}],"about":[{"href":"https:\/\/stylingagenten.com\/fi\/wp-json\/wp\/v2\/types\/product"}],"replies":[{"embeddable":true,"href":"https:\/\/stylingagenten.com\/fi\/wp-json\/wp\/v2\/comments?post=136363"}],"version-history":[{"count":0,"href":"https:\/\/stylingagenten.com\/fi\/wp-json\/wp\/v2\/product\/136363\/revisions"}],"wp:featuredmedia":[{"embeddable":true,"href":"https:\/\/stylingagenten.com\/fi\/wp-json\/wp\/v2\/media\/136356"}],"wp:attachment":[{"href":"https:\/\/stylingagenten.com\/fi\/wp-json\/wp\/v2\/media?parent=136363"}],"wp:term":[{"taxonomy":"product_brand","embeddable":true,"href":"https:\/\/stylingagenten.com\/fi\/wp-json\/wp\/v2\/product_brand?post=136363"},{"taxonomy":"product_cat","embeddable":true,"href":"https:\/\/stylingagenten.com\/fi\/wp-json\/wp\/v2\/product_cat?post=136363"},{"taxonomy":"product_tag","embeddable":true,"href":"https:\/\/stylingagenten.com\/fi\/wp-json\/wp\/v2\/product_tag?post=136363"},{"taxonomy":"berocket_brand","embeddable":true,"href":"https:\/\/stylingagenten.com\/fi\/wp-json\/wp\/v2\/berocket_brand?post=136363"}],"curies":[{"name":"wp","href":"https:\/\/api.w.org\/{rel}","templated":true}]}}