{"id":136355,"date":"2025-05-18T22:48:07","date_gmt":"2025-05-18T22:48:07","guid":{"rendered":"https:\/\/staging2.stylingagenten.com\/fi\/produkt\/hugo-boss-femme-edp-30ml\/"},"modified":"2026-04-15T06:19:46","modified_gmt":"2026-04-15T06:19:46","slug":"hugo-boss-femme-edp-30ml","status":"publish","type":"product","link":"https:\/\/stylingagenten.com\/fi\/tuote\/hugo-boss-femme-edp-30ml\/","title":{"rendered":"Hugo Boss Femme Edp 30ml"},"content":{"rendered":"<p>Hugo Boss Femme lanseerattiin vuonna 2006, ja se on romanttinen, hedelm\u00e4inen ja kukkainen tuoksu, jossa on kevyt it\u00e4mainen tuoksu.<\/p>\n<p><strong>Tuoksutuoksu:<\/strong> mustaherukka, mandariini, freesia, jasmiini, Bulgarian ruusu, it\u00e4mainen lilja, aprikoosi, sitruunapuu, meripihka &amp; amp; myski.<\/p>\n","protected":false},"excerpt":{"rendered":"<p>Hugo Boss Femme lanseerattiin vuonna 2006, ja se on romanttinen, hedelm\u00e4inen ja kukkainen tuoksu, jossa on kevyt it\u00e4mainen tuoksu. Tuoksutuoksu: mustaherukka, mandariini, freesia, jasmiini, Bulgarian ruusu, it\u00e4mainen lilja, aprikoosi, sitruunapuu, meripihka &amp; amp; myski.<\/p>\n","protected":false},"featured_media":443118,"comment_status":"open","ping_status":"closed","template":"","meta":{"_trash_the_other_posts":false},"product_brand":[],"product_cat":[893,706],"product_tag":[2984],"berocket_brand":[1339],"class_list":{"0":"post-136355","1":"product","2":"type-product","3":"status-publish","4":"has-post-thumbnail","6":"product_cat-hugo-boss-femme","7":"product_cat-naisten-eau-de-parfum","8":"product_tag-hugo-boss-femme-edp","9":"pa_brand-hugo-boss","10":"pa_variantti-30ml","11":"berocket_brand-hugo-boss","13":"first","14":"instock","15":"sale","16":"taxable","17":"shipping-taxable","18":"purchasable","19":"product-type-simple"},"_links":{"self":[{"href":"https:\/\/stylingagenten.com\/fi\/wp-json\/wp\/v2\/product\/136355","targetHints":{"allow":["GET"]}}],"collection":[{"href":"https:\/\/stylingagenten.com\/fi\/wp-json\/wp\/v2\/product"}],"about":[{"href":"https:\/\/stylingagenten.com\/fi\/wp-json\/wp\/v2\/types\/product"}],"replies":[{"embeddable":true,"href":"https:\/\/stylingagenten.com\/fi\/wp-json\/wp\/v2\/comments?post=136355"}],"version-history":[{"count":0,"href":"https:\/\/stylingagenten.com\/fi\/wp-json\/wp\/v2\/product\/136355\/revisions"}],"wp:featuredmedia":[{"embeddable":true,"href":"https:\/\/stylingagenten.com\/fi\/wp-json\/wp\/v2\/media\/443118"}],"wp:attachment":[{"href":"https:\/\/stylingagenten.com\/fi\/wp-json\/wp\/v2\/media?parent=136355"}],"wp:term":[{"taxonomy":"product_brand","embeddable":true,"href":"https:\/\/stylingagenten.com\/fi\/wp-json\/wp\/v2\/product_brand?post=136355"},{"taxonomy":"product_cat","embeddable":true,"href":"https:\/\/stylingagenten.com\/fi\/wp-json\/wp\/v2\/product_cat?post=136355"},{"taxonomy":"product_tag","embeddable":true,"href":"https:\/\/stylingagenten.com\/fi\/wp-json\/wp\/v2\/product_tag?post=136355"},{"taxonomy":"berocket_brand","embeddable":true,"href":"https:\/\/stylingagenten.com\/fi\/wp-json\/wp\/v2\/berocket_brand?post=136355"}],"curies":[{"name":"wp","href":"https:\/\/api.w.org\/{rel}","templated":true}]}}