{"id":136335,"date":"2025-05-18T22:48:03","date_gmt":"2025-05-18T22:48:03","guid":{"rendered":"https:\/\/staging2.stylingagenten.com\/fi\/produkt\/britney-spears-believe-edp-30ml\/"},"modified":"2026-04-10T20:18:27","modified_gmt":"2026-04-10T20:18:27","slug":"britney-spears-believe-edp-30ml","status":"publish","type":"product","link":"https:\/\/stylingagenten.com\/fi\/tuote\/britney-spears-believe-edp-30ml\/","title":{"rendered":"Britney Spears Believe Edp 30ml"},"content":{"rendered":"<p>Britney Spears Believe on naisellinen tuoksu, joka on t\u00e4ynn\u00e4 luonnetta eksoottisten hedelmien, pehmeiden kukkien ja viettelev\u00e4n meripihkan vivahteilla.<\/p>\n<p><strong>Tuoksutuoksu:<\/strong> guava, mandariini, kuusama, lehmus. kukkia, patsulia, meripihkaa ja praliinia.<\/p>\n","protected":false},"excerpt":{"rendered":"<p>Britney Spears Believe on naisellinen tuoksu, joka on t\u00e4ynn\u00e4 luonnetta eksoottisten hedelmien, pehmeiden kukkien ja viettelev\u00e4n meripihkan vivahteilla. Tuoksutuoksu: guava, mandariini, kuusama, lehmus. kukkia, patsulia, meripihkaa ja praliinia.<\/p>\n","protected":false},"featured_media":136325,"comment_status":"open","ping_status":"closed","template":"","meta":{"_trash_the_other_posts":false},"product_brand":[],"product_cat":[770,1006,999,706,735],"product_tag":[2575],"berocket_brand":[1031],"class_list":{"0":"post-136335","1":"product","2":"type-product","3":"status-publish","4":"has-post-thumbnail","6":"product_cat-britney-spears-curious","7":"product_cat-kampanjahinta","8":"product_cat-kampanjatarjous-naiselle","9":"product_cat-naisten-eau-de-parfum","10":"product_cat-kampanjamme","11":"product_tag-britney-spears-believe-edp","12":"pa_brand-britney-spears","13":"pa_variantti-30ml","14":"berocket_brand-britney-spears","16":"first","17":"instock","18":"sale","19":"taxable","20":"shipping-taxable","21":"purchasable","22":"product-type-simple"},"_links":{"self":[{"href":"https:\/\/stylingagenten.com\/fi\/wp-json\/wp\/v2\/product\/136335","targetHints":{"allow":["GET"]}}],"collection":[{"href":"https:\/\/stylingagenten.com\/fi\/wp-json\/wp\/v2\/product"}],"about":[{"href":"https:\/\/stylingagenten.com\/fi\/wp-json\/wp\/v2\/types\/product"}],"replies":[{"embeddable":true,"href":"https:\/\/stylingagenten.com\/fi\/wp-json\/wp\/v2\/comments?post=136335"}],"version-history":[{"count":0,"href":"https:\/\/stylingagenten.com\/fi\/wp-json\/wp\/v2\/product\/136335\/revisions"}],"wp:featuredmedia":[{"embeddable":true,"href":"https:\/\/stylingagenten.com\/fi\/wp-json\/wp\/v2\/media\/136325"}],"wp:attachment":[{"href":"https:\/\/stylingagenten.com\/fi\/wp-json\/wp\/v2\/media?parent=136335"}],"wp:term":[{"taxonomy":"product_brand","embeddable":true,"href":"https:\/\/stylingagenten.com\/fi\/wp-json\/wp\/v2\/product_brand?post=136335"},{"taxonomy":"product_cat","embeddable":true,"href":"https:\/\/stylingagenten.com\/fi\/wp-json\/wp\/v2\/product_cat?post=136335"},{"taxonomy":"product_tag","embeddable":true,"href":"https:\/\/stylingagenten.com\/fi\/wp-json\/wp\/v2\/product_tag?post=136335"},{"taxonomy":"berocket_brand","embeddable":true,"href":"https:\/\/stylingagenten.com\/fi\/wp-json\/wp\/v2\/berocket_brand?post=136335"}],"curies":[{"name":"wp","href":"https:\/\/api.w.org\/{rel}","templated":true}]}}