{"id":136332,"date":"2025-05-18T22:48:03","date_gmt":"2025-05-18T22:48:03","guid":{"rendered":"https:\/\/staging2.stylingagenten.com\/fi\/produkt\/marc-jacobs-dot-edp-50ml\/"},"modified":"2026-04-12T09:28:26","modified_gmt":"2026-04-12T09:28:26","slug":"marc-jacobs-dot-edp-50ml","status":"publish","type":"product","link":"https:\/\/stylingagenten.com\/fi\/tuote\/marc-jacobs-dot-edp-50ml\/","title":{"rendered":"Marc Jacobs Dot Edp 50ml"},"content":{"rendered":"<p>Marc Jacobs Dot lanseerattiin vuonna 2012, ja se on saanut vaikutteita Jacobin rakkaudesta pilkkuja kohtaan. Se on iloinen tuoksu, joka on kukkainen, hedelm\u00e4inen ja jossa on punaisten marjojen, jasmiinin ja pehme\u00e4n vaniljan ihana vieh\u00e4tys.<\/p>\n<p><strong>Tuoksutuoksu:<\/strong> pitahaya, punaiset marjat, kuusama, kookos, appelsiini kukka, jasmiini, myski, vanilja ja ajopuu.<\/p>\n","protected":false},"excerpt":{"rendered":"<p>Marc Jacobs Dot lanseerattiin vuonna 2012, ja se on saanut vaikutteita Jacobin rakkaudesta pilkkuja kohtaan. Se on iloinen tuoksu, joka on kukkainen, hedelm\u00e4inen ja jossa on punaisten marjojen, jasmiinin ja pehme\u00e4n vaniljan ihana vieh\u00e4tys. Tuoksutuoksu: pitahaya, punaiset marjat, kuusama, kookos, appelsiini kukka, jasmiini, myski, vanilja ja ajopuu.<\/p>\n","protected":false},"featured_media":136327,"comment_status":"open","ping_status":"closed","template":"","meta":{"_trash_the_other_posts":false},"product_brand":[],"product_cat":[706],"product_tag":[3386],"berocket_brand":[1069],"class_list":{"0":"post-136332","1":"product","2":"type-product","3":"status-publish","4":"has-post-thumbnail","6":"product_cat-naisten-eau-de-parfum","7":"product_tag-marc-jacobs-dot-edp","8":"pa_brand-marc-jacobs","9":"pa_variantti-50ml","10":"berocket_brand-marc-jacobs","12":"first","13":"instock","14":"sale","15":"taxable","16":"shipping-taxable","17":"purchasable","18":"product-type-simple"},"_links":{"self":[{"href":"https:\/\/stylingagenten.com\/fi\/wp-json\/wp\/v2\/product\/136332","targetHints":{"allow":["GET"]}}],"collection":[{"href":"https:\/\/stylingagenten.com\/fi\/wp-json\/wp\/v2\/product"}],"about":[{"href":"https:\/\/stylingagenten.com\/fi\/wp-json\/wp\/v2\/types\/product"}],"replies":[{"embeddable":true,"href":"https:\/\/stylingagenten.com\/fi\/wp-json\/wp\/v2\/comments?post=136332"}],"version-history":[{"count":0,"href":"https:\/\/stylingagenten.com\/fi\/wp-json\/wp\/v2\/product\/136332\/revisions"}],"wp:featuredmedia":[{"embeddable":true,"href":"https:\/\/stylingagenten.com\/fi\/wp-json\/wp\/v2\/media\/136327"}],"wp:attachment":[{"href":"https:\/\/stylingagenten.com\/fi\/wp-json\/wp\/v2\/media?parent=136332"}],"wp:term":[{"taxonomy":"product_brand","embeddable":true,"href":"https:\/\/stylingagenten.com\/fi\/wp-json\/wp\/v2\/product_brand?post=136332"},{"taxonomy":"product_cat","embeddable":true,"href":"https:\/\/stylingagenten.com\/fi\/wp-json\/wp\/v2\/product_cat?post=136332"},{"taxonomy":"product_tag","embeddable":true,"href":"https:\/\/stylingagenten.com\/fi\/wp-json\/wp\/v2\/product_tag?post=136332"},{"taxonomy":"berocket_brand","embeddable":true,"href":"https:\/\/stylingagenten.com\/fi\/wp-json\/wp\/v2\/berocket_brand?post=136332"}],"curies":[{"name":"wp","href":"https:\/\/api.w.org\/{rel}","templated":true}]}}