{"id":136331,"date":"2025-05-18T22:48:03","date_gmt":"2025-05-18T22:48:03","guid":{"rendered":"https:\/\/staging2.stylingagenten.com\/fi\/produkt\/dkny-be-delicious-edp-50ml\/"},"modified":"2026-04-14T21:37:32","modified_gmt":"2026-04-14T21:37:32","slug":"dkny-be-delicious-edp-50ml","status":"publish","type":"product","link":"https:\/\/stylingagenten.com\/fi\/tuote\/dkny-be-delicious-edp-50ml\/","title":{"rendered":"DKNY Be Delicious Edp 50ml"},"content":{"rendered":"<p>DKNY Be Delicious For Women on raikas s\u00e4vy ja eksoottisten kukkien ja puiden s\u00e4vyt. Eritt\u00e4in suosittu tuoksu, joka on virkist\u00e4v\u00e4 kaikille naisille.<\/p>\n<p><strong>Tuoksutuoksu<\/strong>: omena, kurkku, greippi, magnolia, ruusu, kielo, orvokki, santelipuu, puu; &amp; keltainen.<\/p>\n","protected":false},"excerpt":{"rendered":"<p>DKNY Be Delicious For Women on raikas s\u00e4vy ja eksoottisten kukkien ja puiden s\u00e4vyt. Eritt\u00e4in suosittu tuoksu, joka on virkist\u00e4v\u00e4 kaikille naisille. Tuoksutuoksu: omena, kurkku, greippi, magnolia, ruusu, kielo, orvokki, santelipuu, puu; &amp; keltainen.<\/p>\n","protected":false},"featured_media":136329,"comment_status":"open","ping_status":"closed","template":"","meta":{"_trash_the_other_posts":false},"product_brand":[],"product_cat":[999,1003,706,735],"product_tag":[2825],"berocket_brand":[1291],"class_list":{"0":"post-136331","1":"product","2":"type-product","3":"status-publish","4":"has-post-thumbnail","6":"product_cat-kampanjatarjous-naiselle","7":"product_cat-myydyimmat","8":"product_cat-naisten-eau-de-parfum","9":"product_cat-kampanjamme","10":"product_tag-dkny-be-delicious-edp","11":"pa_brand-dkny","12":"pa_variantti-50ml","13":"berocket_brand-dkny","15":"first","16":"instock","17":"sale","18":"taxable","19":"shipping-taxable","20":"purchasable","21":"product-type-simple"},"_links":{"self":[{"href":"https:\/\/stylingagenten.com\/fi\/wp-json\/wp\/v2\/product\/136331","targetHints":{"allow":["GET"]}}],"collection":[{"href":"https:\/\/stylingagenten.com\/fi\/wp-json\/wp\/v2\/product"}],"about":[{"href":"https:\/\/stylingagenten.com\/fi\/wp-json\/wp\/v2\/types\/product"}],"replies":[{"embeddable":true,"href":"https:\/\/stylingagenten.com\/fi\/wp-json\/wp\/v2\/comments?post=136331"}],"version-history":[{"count":0,"href":"https:\/\/stylingagenten.com\/fi\/wp-json\/wp\/v2\/product\/136331\/revisions"}],"wp:featuredmedia":[{"embeddable":true,"href":"https:\/\/stylingagenten.com\/fi\/wp-json\/wp\/v2\/media\/136329"}],"wp:attachment":[{"href":"https:\/\/stylingagenten.com\/fi\/wp-json\/wp\/v2\/media?parent=136331"}],"wp:term":[{"taxonomy":"product_brand","embeddable":true,"href":"https:\/\/stylingagenten.com\/fi\/wp-json\/wp\/v2\/product_brand?post=136331"},{"taxonomy":"product_cat","embeddable":true,"href":"https:\/\/stylingagenten.com\/fi\/wp-json\/wp\/v2\/product_cat?post=136331"},{"taxonomy":"product_tag","embeddable":true,"href":"https:\/\/stylingagenten.com\/fi\/wp-json\/wp\/v2\/product_tag?post=136331"},{"taxonomy":"berocket_brand","embeddable":true,"href":"https:\/\/stylingagenten.com\/fi\/wp-json\/wp\/v2\/berocket_brand?post=136331"}],"curies":[{"name":"wp","href":"https:\/\/api.w.org\/{rel}","templated":true}]}}