{"id":136319,"date":"2025-05-18T22:48:01","date_gmt":"2025-05-18T22:48:01","guid":{"rendered":"https:\/\/staging2.stylingagenten.com\/fi\/produkt\/paris-hilton-paris-hilton-edp-100ml\/"},"modified":"2026-03-30T09:18:29","modified_gmt":"2026-03-30T09:18:29","slug":"paris-hilton-paris-hilton-edp-100ml","status":"publish","type":"product","link":"https:\/\/stylingagenten.com\/fi\/tuote\/paris-hilton-paris-hilton-edp-100ml\/","title":{"rendered":"Paris Hilton Paris Hilton Edp 100ml"},"content":{"rendered":"<p>Paris Hilton on kevyt, hedelm\u00e4inen ja kukkainen tuoksu, jossa on j\u00e4nnitt\u00e4vi\u00e4 ja intensiivisi\u00e4 vivahteita. T\u00e4m\u00e4 on Paris Hiltonin ensimm\u00e4inen tuoksu, joka on luotu heijastamaan h\u00e4nen ylellist\u00e4 ja temperamenttista persoonallisuuttaan.<\/p>\n<p><strong>Tuoksutuoksu:<\/strong> j\u00e4\u00e4dytetty omena, persikka, mimosa, freesia, kielo, jasmiini , ruusu, santelipuu, myski, ylang ylang &amp; tammisemmalle.<\/p>\n","protected":false},"excerpt":{"rendered":"<p>Paris Hilton on kevyt, hedelm\u00e4inen ja kukkainen tuoksu, jossa on j\u00e4nnitt\u00e4vi\u00e4 ja intensiivisi\u00e4 vivahteita. T\u00e4m\u00e4 on Paris Hiltonin ensimm\u00e4inen tuoksu, joka on luotu heijastamaan h\u00e4nen ylellist\u00e4 ja temperamenttista persoonallisuuttaan. Tuoksutuoksu: j\u00e4\u00e4dytetty omena, persikka, mimosa, freesia, kielo, jasmiini , ruusu, santelipuu, myski, ylang ylang &amp; tammisemmalle.<\/p>\n","protected":false},"featured_media":136317,"comment_status":"open","ping_status":"closed","template":"","meta":{"_trash_the_other_posts":false},"product_brand":[],"product_cat":[1006,999,1003,706,976,735],"product_tag":[],"berocket_brand":[1051],"class_list":{"0":"post-136319","1":"product","2":"type-product","3":"status-publish","4":"has-post-thumbnail","6":"product_cat-kampanjahinta","7":"product_cat-kampanjatarjous-naiselle","8":"product_cat-myydyimmat","9":"product_cat-naisten-eau-de-parfum","10":"product_cat-paris-hilton-edp","11":"product_cat-kampanjamme","12":"pa_brand-paris-hilton","13":"berocket_brand-paris-hilton","15":"first","16":"outofstock","17":"sale","18":"taxable","19":"shipping-taxable","20":"purchasable","21":"product-type-simple"},"_links":{"self":[{"href":"https:\/\/stylingagenten.com\/fi\/wp-json\/wp\/v2\/product\/136319","targetHints":{"allow":["GET"]}}],"collection":[{"href":"https:\/\/stylingagenten.com\/fi\/wp-json\/wp\/v2\/product"}],"about":[{"href":"https:\/\/stylingagenten.com\/fi\/wp-json\/wp\/v2\/types\/product"}],"replies":[{"embeddable":true,"href":"https:\/\/stylingagenten.com\/fi\/wp-json\/wp\/v2\/comments?post=136319"}],"version-history":[{"count":0,"href":"https:\/\/stylingagenten.com\/fi\/wp-json\/wp\/v2\/product\/136319\/revisions"}],"wp:featuredmedia":[{"embeddable":true,"href":"https:\/\/stylingagenten.com\/fi\/wp-json\/wp\/v2\/media\/136317"}],"wp:attachment":[{"href":"https:\/\/stylingagenten.com\/fi\/wp-json\/wp\/v2\/media?parent=136319"}],"wp:term":[{"taxonomy":"product_brand","embeddable":true,"href":"https:\/\/stylingagenten.com\/fi\/wp-json\/wp\/v2\/product_brand?post=136319"},{"taxonomy":"product_cat","embeddable":true,"href":"https:\/\/stylingagenten.com\/fi\/wp-json\/wp\/v2\/product_cat?post=136319"},{"taxonomy":"product_tag","embeddable":true,"href":"https:\/\/stylingagenten.com\/fi\/wp-json\/wp\/v2\/product_tag?post=136319"},{"taxonomy":"berocket_brand","embeddable":true,"href":"https:\/\/stylingagenten.com\/fi\/wp-json\/wp\/v2\/berocket_brand?post=136319"}],"curies":[{"name":"wp","href":"https:\/\/api.w.org\/{rel}","templated":true}]}}