{"id":136301,"date":"2025-05-18T22:47:58","date_gmt":"2025-05-18T22:47:58","guid":{"rendered":"https:\/\/staging2.stylingagenten.com\/fi\/produkt\/dolce-gabbana-light-blue-edt-100ml\/"},"modified":"2026-04-13T10:48:32","modified_gmt":"2026-04-13T10:48:32","slug":"dolce-gabbana-light-blue-edt-100ml","status":"publish","type":"product","link":"https:\/\/stylingagenten.com\/fi\/tuote\/dolce-gabbana-light-blue-edt-100ml\/","title":{"rendered":"Dolce &amp; Gabbana Light Blue Edt 100ml"},"content":{"rendered":"<p>Dolce &amp; Gabbana Light Blue on vastustamaton raikkaalla, vaalealla sitrushedelm\u00e4n, omenan ja jasmiinin s\u00e4vyll\u00e4. Hajuvesi, joka on todellinen bestseller ymp\u00e4ri maailmaa.<\/p>\n<p><strong>Tuoksutuoksu:<\/strong> sisilialainen sitruuna, granny smith -omena, jasmiini, bambu, freesia, valkoinen ruusu, setripuu, myski ja amp; keltainen.<\/p>\n","protected":false},"excerpt":{"rendered":"<p>Dolce &amp; Gabbana Light Blue on vastustamaton raikkaalla, vaalealla sitrushedelm\u00e4n, omenan ja jasmiinin s\u00e4vyll\u00e4. Hajuvesi, joka on todellinen bestseller ymp\u00e4ri maailmaa. Tuoksutuoksu: sisilialainen sitruuna, granny smith -omena, jasmiini, bambu, freesia, valkoinen ruusu, setripuu, myski ja amp; keltainen.<\/p>\n","protected":false},"featured_media":136299,"comment_status":"open","ping_status":"closed","template":"","meta":{"_trash_the_other_posts":false},"product_brand":[],"product_cat":[832,707],"product_tag":[],"berocket_brand":[1292],"class_list":{"0":"post-136301","1":"product","2":"type-product","3":"status-publish","4":"has-post-thumbnail","6":"product_cat-dolce-gabbana-light-blue-women","7":"product_cat-naisten-eau-de-toilette","8":"pa_brand-dolce-gabbana","9":"berocket_brand-dolce-gabbana","11":"first","12":"instock","13":"sale","14":"taxable","15":"shipping-taxable","16":"purchasable","17":"product-type-simple"},"_links":{"self":[{"href":"https:\/\/stylingagenten.com\/fi\/wp-json\/wp\/v2\/product\/136301","targetHints":{"allow":["GET"]}}],"collection":[{"href":"https:\/\/stylingagenten.com\/fi\/wp-json\/wp\/v2\/product"}],"about":[{"href":"https:\/\/stylingagenten.com\/fi\/wp-json\/wp\/v2\/types\/product"}],"replies":[{"embeddable":true,"href":"https:\/\/stylingagenten.com\/fi\/wp-json\/wp\/v2\/comments?post=136301"}],"version-history":[{"count":0,"href":"https:\/\/stylingagenten.com\/fi\/wp-json\/wp\/v2\/product\/136301\/revisions"}],"wp:featuredmedia":[{"embeddable":true,"href":"https:\/\/stylingagenten.com\/fi\/wp-json\/wp\/v2\/media\/136299"}],"wp:attachment":[{"href":"https:\/\/stylingagenten.com\/fi\/wp-json\/wp\/v2\/media?parent=136301"}],"wp:term":[{"taxonomy":"product_brand","embeddable":true,"href":"https:\/\/stylingagenten.com\/fi\/wp-json\/wp\/v2\/product_brand?post=136301"},{"taxonomy":"product_cat","embeddable":true,"href":"https:\/\/stylingagenten.com\/fi\/wp-json\/wp\/v2\/product_cat?post=136301"},{"taxonomy":"product_tag","embeddable":true,"href":"https:\/\/stylingagenten.com\/fi\/wp-json\/wp\/v2\/product_tag?post=136301"},{"taxonomy":"berocket_brand","embeddable":true,"href":"https:\/\/stylingagenten.com\/fi\/wp-json\/wp\/v2\/berocket_brand?post=136301"}],"curies":[{"name":"wp","href":"https:\/\/api.w.org\/{rel}","templated":true}]}}