{"id":136297,"date":"2025-05-18T22:47:57","date_gmt":"2025-05-18T22:47:57","guid":{"rendered":"https:\/\/staging2.stylingagenten.com\/fi\/produkt\/lancome-tresor-midnight-rose-edp-30ml\/"},"modified":"2025-11-19T10:50:36","modified_gmt":"2025-11-19T10:50:36","slug":"lancome-tresor-midnight-rose-edp-30ml","status":"publish","type":"product","link":"https:\/\/stylingagenten.com\/fi\/tuote\/lancome-tresor-midnight-rose-edp-30ml\/","title":{"rendered":"Lancome Tresor Midnight Rose Edp 30ml"},"content":{"rendered":"<p>Lancome Tresor Midnight Rose on ylt\u00e4kyll\u00e4inen, aistillinen ja viettelev\u00e4 tuoksu, joka edustaa peli\u00e4, joka tapahtuu rakastumisen ensimm\u00e4isess\u00e4 vaiheessa, kun rakkautta ei ole viel\u00e4 voitettu.<\/p>\n<p><strong>Tuoksun tuoksu. :<\/strong> mustaherukka, vadelma, ruusu, jasmiini, vanilja, setripuu ja myski.<\/p>\n","protected":false},"excerpt":{"rendered":"<p>Lancome Tresor Midnight Rose on ylt\u00e4kyll\u00e4inen, aistillinen ja viettelev\u00e4 tuoksu, joka edustaa peli\u00e4, joka tapahtuu rakastumisen ensimm\u00e4isess\u00e4 vaiheessa, kun rakkautta ei ole viel\u00e4 voitettu. Tuoksun tuoksu. : mustaherukka, vadelma, ruusu, jasmiini, vanilja, setripuu ja myski.<\/p>\n","protected":false},"featured_media":136296,"comment_status":"open","ping_status":"closed","template":"","meta":{"_trash_the_other_posts":false},"product_brand":[],"product_cat":[706],"product_tag":[3193],"berocket_brand":[1128],"class_list":{"0":"post-136297","1":"product","2":"type-product","3":"status-publish","4":"has-post-thumbnail","6":"product_cat-naisten-eau-de-parfum","7":"product_tag-lancome-tresor-midnight-rose-edp","8":"pa_brand-lancome","9":"pa_variantti-30ml","10":"berocket_brand-lancome","12":"first","13":"outofstock","14":"sale","15":"taxable","16":"shipping-taxable","17":"purchasable","18":"product-type-simple"},"_links":{"self":[{"href":"https:\/\/stylingagenten.com\/fi\/wp-json\/wp\/v2\/product\/136297","targetHints":{"allow":["GET"]}}],"collection":[{"href":"https:\/\/stylingagenten.com\/fi\/wp-json\/wp\/v2\/product"}],"about":[{"href":"https:\/\/stylingagenten.com\/fi\/wp-json\/wp\/v2\/types\/product"}],"replies":[{"embeddable":true,"href":"https:\/\/stylingagenten.com\/fi\/wp-json\/wp\/v2\/comments?post=136297"}],"version-history":[{"count":0,"href":"https:\/\/stylingagenten.com\/fi\/wp-json\/wp\/v2\/product\/136297\/revisions"}],"wp:featuredmedia":[{"embeddable":true,"href":"https:\/\/stylingagenten.com\/fi\/wp-json\/wp\/v2\/media\/136296"}],"wp:attachment":[{"href":"https:\/\/stylingagenten.com\/fi\/wp-json\/wp\/v2\/media?parent=136297"}],"wp:term":[{"taxonomy":"product_brand","embeddable":true,"href":"https:\/\/stylingagenten.com\/fi\/wp-json\/wp\/v2\/product_brand?post=136297"},{"taxonomy":"product_cat","embeddable":true,"href":"https:\/\/stylingagenten.com\/fi\/wp-json\/wp\/v2\/product_cat?post=136297"},{"taxonomy":"product_tag","embeddable":true,"href":"https:\/\/stylingagenten.com\/fi\/wp-json\/wp\/v2\/product_tag?post=136297"},{"taxonomy":"berocket_brand","embeddable":true,"href":"https:\/\/stylingagenten.com\/fi\/wp-json\/wp\/v2\/berocket_brand?post=136297"}],"curies":[{"name":"wp","href":"https:\/\/api.w.org\/{rel}","templated":true}]}}