{"id":136217,"date":"2025-05-18T22:47:43","date_gmt":"2025-05-18T22:47:43","guid":{"rendered":"https:\/\/staging2.stylingagenten.com\/fi\/produkt\/clinique-happy-edp-50ml\/"},"modified":"2026-03-29T09:58:29","modified_gmt":"2026-03-29T09:58:29","slug":"clinique-happy-edp-50ml","status":"publish","type":"product","link":"https:\/\/stylingagenten.com\/fi\/tuote\/clinique-happy-edp-50ml\/","title":{"rendered":"Clinique Happy Edp 50ml"},"content":{"rendered":"<p>Clinique Happy on hajuvesi, joka sopii kaikkiin tilanteisiin ja kaikille naisille. Se on hedelm\u00e4inen ja kukkainen, ja siin\u00e4 on sitrushedelmi\u00e4, kuusamaa ja poikasenmarjaa.<\/p>\n<p><strong>Tuoksutuoksu: <\/strong>bergamotti, poikasenmarja, kuusama, greippi, sammal, freesia, sitruuna ja eksoottiset kukat.<\/strong> p&gt;<\/p>\n","protected":false},"excerpt":{"rendered":"<p>Clinique Happy on hajuvesi, joka sopii kaikkiin tilanteisiin ja kaikille naisille. Se on hedelm\u00e4inen ja kukkainen, ja siin\u00e4 on sitrushedelmi\u00e4, kuusamaa ja poikasenmarjaa. Tuoksutuoksu: bergamotti, poikasenmarja, kuusama, greippi, sammal, freesia, sitruuna ja eksoottiset kukat. p&gt;<\/p>\n","protected":false},"featured_media":136213,"comment_status":"open","ping_status":"closed","template":"","meta":{"_trash_the_other_posts":false},"product_brand":[],"product_cat":[812,1006,999,1003,706,735],"product_tag":[2726],"berocket_brand":[1062],"class_list":{"0":"post-136217","1":"product","2":"type-product","3":"status-publish","4":"has-post-thumbnail","6":"product_cat-clinique-happy-woman","7":"product_cat-kampanjahinta","8":"product_cat-kampanjatarjous-naiselle","9":"product_cat-myydyimmat","10":"product_cat-naisten-eau-de-parfum","11":"product_cat-kampanjamme","12":"product_tag-clinique-happy-edp","13":"pa_brand-clinique","14":"pa_variantti-50ml","15":"berocket_brand-clinique","17":"first","18":"outofstock","19":"sale","20":"taxable","21":"shipping-taxable","22":"purchasable","23":"product-type-simple"},"_links":{"self":[{"href":"https:\/\/stylingagenten.com\/fi\/wp-json\/wp\/v2\/product\/136217","targetHints":{"allow":["GET"]}}],"collection":[{"href":"https:\/\/stylingagenten.com\/fi\/wp-json\/wp\/v2\/product"}],"about":[{"href":"https:\/\/stylingagenten.com\/fi\/wp-json\/wp\/v2\/types\/product"}],"replies":[{"embeddable":true,"href":"https:\/\/stylingagenten.com\/fi\/wp-json\/wp\/v2\/comments?post=136217"}],"version-history":[{"count":0,"href":"https:\/\/stylingagenten.com\/fi\/wp-json\/wp\/v2\/product\/136217\/revisions"}],"wp:featuredmedia":[{"embeddable":true,"href":"https:\/\/stylingagenten.com\/fi\/wp-json\/wp\/v2\/media\/136213"}],"wp:attachment":[{"href":"https:\/\/stylingagenten.com\/fi\/wp-json\/wp\/v2\/media?parent=136217"}],"wp:term":[{"taxonomy":"product_brand","embeddable":true,"href":"https:\/\/stylingagenten.com\/fi\/wp-json\/wp\/v2\/product_brand?post=136217"},{"taxonomy":"product_cat","embeddable":true,"href":"https:\/\/stylingagenten.com\/fi\/wp-json\/wp\/v2\/product_cat?post=136217"},{"taxonomy":"product_tag","embeddable":true,"href":"https:\/\/stylingagenten.com\/fi\/wp-json\/wp\/v2\/product_tag?post=136217"},{"taxonomy":"berocket_brand","embeddable":true,"href":"https:\/\/stylingagenten.com\/fi\/wp-json\/wp\/v2\/berocket_brand?post=136217"}],"curies":[{"name":"wp","href":"https:\/\/api.w.org\/{rel}","templated":true}]}}