{"id":136198,"date":"2025-05-18T22:47:40","date_gmt":"2025-05-18T22:47:40","guid":{"rendered":"https:\/\/staging2.stylingagenten.com\/fi\/produkt\/cacharel-amor-amor-edt-30ml\/"},"modified":"2026-04-13T17:08:28","modified_gmt":"2026-04-13T17:08:28","slug":"cacharel-amor-amor-edt-30ml","status":"publish","type":"product","link":"https:\/\/stylingagenten.com\/fi\/tuote\/cacharel-amor-amor-edt-30ml\/","title":{"rendered":"Cacharel Amor Amor Edt 30ml"},"content":{"rendered":"<p>Cacharel Amor Amor on intohimoinen ja aistillinen hajuvesi, joka juhlii rakkautta. Se on sek\u00e4 hedelm\u00e4inen ett\u00e4 kukkainen pehme\u00e4ss\u00e4 harmoniassa.<\/p>\n<p><strong>Tuoksutuoksu:<\/strong> mandariini, mustaherukka, kielo, valkoinen myski &amp; keltainen.<\/p>\n","protected":false},"excerpt":{"rendered":"<p>Cacharel Amor Amor on intohimoinen ja aistillinen hajuvesi, joka juhlii rakkautta. Se on sek\u00e4 hedelm\u00e4inen ett\u00e4 kukkainen pehme\u00e4ss\u00e4 harmoniassa. Tuoksutuoksu: mandariini, mustaherukka, kielo, valkoinen myski &amp; keltainen.<\/p>\n","protected":false},"featured_media":136195,"comment_status":"open","ping_status":"closed","template":"","meta":{"_trash_the_other_posts":false},"product_brand":[],"product_cat":[999,707,735],"product_tag":[2623],"berocket_brand":[1098],"class_list":{"0":"post-136198","1":"product","2":"type-product","3":"status-publish","4":"has-post-thumbnail","6":"product_cat-kampanjatarjous-naiselle","7":"product_cat-naisten-eau-de-toilette","8":"product_cat-kampanjamme","9":"product_tag-cacharel-amor-amor-edt","10":"pa_brand-cacharel","11":"pa_variantti-30ml","12":"berocket_brand-cacharel","14":"first","15":"instock","16":"sale","17":"taxable","18":"shipping-taxable","19":"purchasable","20":"product-type-simple"},"_links":{"self":[{"href":"https:\/\/stylingagenten.com\/fi\/wp-json\/wp\/v2\/product\/136198","targetHints":{"allow":["GET"]}}],"collection":[{"href":"https:\/\/stylingagenten.com\/fi\/wp-json\/wp\/v2\/product"}],"about":[{"href":"https:\/\/stylingagenten.com\/fi\/wp-json\/wp\/v2\/types\/product"}],"replies":[{"embeddable":true,"href":"https:\/\/stylingagenten.com\/fi\/wp-json\/wp\/v2\/comments?post=136198"}],"version-history":[{"count":0,"href":"https:\/\/stylingagenten.com\/fi\/wp-json\/wp\/v2\/product\/136198\/revisions"}],"wp:featuredmedia":[{"embeddable":true,"href":"https:\/\/stylingagenten.com\/fi\/wp-json\/wp\/v2\/media\/136195"}],"wp:attachment":[{"href":"https:\/\/stylingagenten.com\/fi\/wp-json\/wp\/v2\/media?parent=136198"}],"wp:term":[{"taxonomy":"product_brand","embeddable":true,"href":"https:\/\/stylingagenten.com\/fi\/wp-json\/wp\/v2\/product_brand?post=136198"},{"taxonomy":"product_cat","embeddable":true,"href":"https:\/\/stylingagenten.com\/fi\/wp-json\/wp\/v2\/product_cat?post=136198"},{"taxonomy":"product_tag","embeddable":true,"href":"https:\/\/stylingagenten.com\/fi\/wp-json\/wp\/v2\/product_tag?post=136198"},{"taxonomy":"berocket_brand","embeddable":true,"href":"https:\/\/stylingagenten.com\/fi\/wp-json\/wp\/v2\/berocket_brand?post=136198"}],"curies":[{"name":"wp","href":"https:\/\/api.w.org\/{rel}","templated":true}]}}