{"id":136189,"date":"2025-05-18T22:47:38","date_gmt":"2025-05-18T22:47:38","guid":{"rendered":"https:\/\/staging2.stylingagenten.com\/fi\/produkt\/boucheron-pour-femme-edp-100ml\/"},"modified":"2026-04-11T07:08:29","modified_gmt":"2026-04-11T07:08:29","slug":"boucheron-pour-femme-edp-100ml","status":"publish","type":"product","link":"https:\/\/stylingagenten.com\/fi\/tuote\/boucheron-pour-femme-edp-100ml\/","title":{"rendered":"Boucheron Pour Femme Edp 100ml"},"content":{"rendered":"<p>T\u00e4m\u00e4 on Boucheron Femme Classicin kevyempi tuoksu, joka on ensimm\u00e4inen jalokivikauppias Boucheronin luoma hajuvesi.<br \/>Hajuvesi on klassinen, ajaton ja voidaan n\u00e4hd\u00e4 kukkaisena ja it\u00e4maisena tuoksuna.<br \/>Se avaa kimaltelevan ja hedelm\u00e4inen, pehme\u00e4 ja lumoava allekirjoitus, joka k\u00e4tkeytyy runsaan valkoisen kukkakimpun syd\u00e4meen.<br \/>Tuoksu koristaa dj&amp;aumlia kuin kallisarvoinen jalokivi Rikastuttaa ja yll\u00e4pit\u00e4\u00e4 naista ja t\u00e4ydent\u00e4\u00e4 h\u00e4nen kauneuttaan.<\/p>\n","protected":false},"excerpt":{"rendered":"<p>T\u00e4m\u00e4 on Boucheron Femme Classicin kevyempi tuoksu, joka on ensimm\u00e4inen jalokivikauppias Boucheronin luoma hajuvesi.Hajuvesi on klassinen, ajaton ja voidaan n\u00e4hd\u00e4 kukkaisena ja it\u00e4maisena tuoksuna.Se avaa kimaltelevan ja hedelm\u00e4inen, pehme\u00e4 ja lumoava allekirjoitus, joka k\u00e4tkeytyy runsaan valkoisen kukkakimpun syd\u00e4meen.Tuoksu koristaa dj&amp;aumlia kuin kallisarvoinen jalokivi Rikastuttaa ja yll\u00e4pit\u00e4\u00e4 naista ja t\u00e4ydent\u00e4\u00e4 h\u00e4nen kauneuttaan.<\/p>\n","protected":false},"featured_media":136180,"comment_status":"open","ping_status":"closed","template":"","meta":{"_trash_the_other_posts":false},"product_brand":[],"product_cat":[769,1006,999,1003,706,735],"product_tag":[],"berocket_brand":[1148],"class_list":{"0":"post-136189","1":"product","2":"type-product","3":"status-publish","4":"has-post-thumbnail","6":"product_cat-britney-spears-believe","7":"product_cat-kampanjahinta","8":"product_cat-kampanjatarjous-naiselle","9":"product_cat-myydyimmat","10":"product_cat-naisten-eau-de-parfum","11":"product_cat-kampanjamme","12":"pa_brand-boucheron","13":"berocket_brand-boucheron","15":"first","16":"instock","17":"sale","18":"taxable","19":"shipping-taxable","20":"purchasable","21":"product-type-simple"},"_links":{"self":[{"href":"https:\/\/stylingagenten.com\/fi\/wp-json\/wp\/v2\/product\/136189","targetHints":{"allow":["GET"]}}],"collection":[{"href":"https:\/\/stylingagenten.com\/fi\/wp-json\/wp\/v2\/product"}],"about":[{"href":"https:\/\/stylingagenten.com\/fi\/wp-json\/wp\/v2\/types\/product"}],"replies":[{"embeddable":true,"href":"https:\/\/stylingagenten.com\/fi\/wp-json\/wp\/v2\/comments?post=136189"}],"version-history":[{"count":0,"href":"https:\/\/stylingagenten.com\/fi\/wp-json\/wp\/v2\/product\/136189\/revisions"}],"wp:featuredmedia":[{"embeddable":true,"href":"https:\/\/stylingagenten.com\/fi\/wp-json\/wp\/v2\/media\/136180"}],"wp:attachment":[{"href":"https:\/\/stylingagenten.com\/fi\/wp-json\/wp\/v2\/media?parent=136189"}],"wp:term":[{"taxonomy":"product_brand","embeddable":true,"href":"https:\/\/stylingagenten.com\/fi\/wp-json\/wp\/v2\/product_brand?post=136189"},{"taxonomy":"product_cat","embeddable":true,"href":"https:\/\/stylingagenten.com\/fi\/wp-json\/wp\/v2\/product_cat?post=136189"},{"taxonomy":"product_tag","embeddable":true,"href":"https:\/\/stylingagenten.com\/fi\/wp-json\/wp\/v2\/product_tag?post=136189"},{"taxonomy":"berocket_brand","embeddable":true,"href":"https:\/\/stylingagenten.com\/fi\/wp-json\/wp\/v2\/berocket_brand?post=136189"}],"curies":[{"name":"wp","href":"https:\/\/api.w.org\/{rel}","templated":true}]}}