{"id":136160,"date":"2025-05-18T22:47:34","date_gmt":"2025-05-18T22:47:34","guid":{"rendered":"https:\/\/staging2.stylingagenten.com\/fi\/produkt\/oscar-de-la-renta-esprit-doscar-edp-100ml\/"},"modified":"2026-04-13T12:08:56","modified_gmt":"2026-04-13T12:08:56","slug":"oscar-de-la-renta-esprit-doscar-edp-100ml","status":"publish","type":"product","link":"https:\/\/stylingagenten.com\/fi\/tuote\/oscar-de-la-renta-esprit-doscar-edp-100ml\/","title":{"rendered":"Oscar de la Renta Esprit d&#8217;Oscar Edp 100ml"},"content":{"rendered":"<p>Oscar de la Renta Esprit d&acute;Oskar EdP 100ml Oscar de la Renta Esprit d&acute;Oskar julkaistiin vuonna 2011 ja on uusi versio br\u00e4ndin klassisesta Oscarista vuodelta 1977. <br \/>Aivan kuten alkuper\u00e4inen T\u00e4m\u00e4 on kukka- ja hieman it\u00e4mainen puuterimainen, t\u00e4ytel\u00e4inen ja l\u00e4mmin luonteen tuoksu, joka huokuu klassista, kyps\u00e4\u00e4 naisellisuutta. <br \/>Tuoksuissa yhdistyv\u00e4t tuore bergamotti ja sitruuna, appelsiininkukkia, y\u00f6hyasintia ja jasmiinia sek\u00e4 puun vivahteita ja meripihkaa, jotka yhdess\u00e4 luovat aromaattisen tuoksun, joka on sek\u00e4 kevyt ett\u00e4 raikas.<br \/>Oscar de la Renta Esprit d&acute;Oskar on erinomainen tunnustuoksu niille teist\u00e4, jotka pit\u00e4v\u00e4t it\u00e4maisista eleganteista tuoksuista, mutta eiv\u00e4t samalla halua liian intensiivist\u00e4 tuoksua p\u00e4iv\u00e4saikaan.&nbsp;<\/p>\n<p>Yl\u00e4tuoksu: Bergamotti ja sitruuna<br \/> Syd\u00e4ntuoksu : Jasmiini, y\u00f6hyasintti ja appelsiininkukka<br \/>Pohjatuoksu: meripihka ja puinen tuoksu<\/p>\n","protected":false},"excerpt":{"rendered":"<p>Oscar de la Renta Esprit d&acute;Oskar EdP 100ml Oscar de la Renta Esprit d&acute;Oskar julkaistiin vuonna 2011 ja on uusi versio br\u00e4ndin klassisesta Oscarista vuodelta 1977. Aivan kuten alkuper\u00e4inen T\u00e4m\u00e4 on kukka- ja hieman it\u00e4mainen puuterimainen, t\u00e4ytel\u00e4inen ja l\u00e4mmin luonteen tuoksu, joka huokuu klassista, kyps\u00e4\u00e4 naisellisuutta. Tuoksuissa yhdistyv\u00e4t tuore bergamotti ja sitruuna, appelsiininkukkia, y\u00f6hyasintia ja [&hellip;]<\/p>\n","protected":false},"featured_media":136147,"comment_status":"open","ping_status":"closed","template":"","meta":{"_trash_the_other_posts":false},"product_brand":[],"product_cat":[1006,999,1003,706,970,735],"product_tag":[],"berocket_brand":[1047],"class_list":{"0":"post-136160","1":"product","2":"type-product","3":"status-publish","4":"has-post-thumbnail","6":"product_cat-kampanjahinta","7":"product_cat-kampanjatarjous-naiselle","8":"product_cat-myydyimmat","9":"product_cat-naisten-eau-de-parfum","10":"product_cat-oscar-de-la-renta-esprit-doscar","11":"product_cat-kampanjamme","12":"pa_brand-oscar-de-la-renta","13":"berocket_brand-oscar-de-la-renta","15":"first","16":"instock","17":"sale","18":"taxable","19":"shipping-taxable","20":"purchasable","21":"product-type-simple"},"_links":{"self":[{"href":"https:\/\/stylingagenten.com\/fi\/wp-json\/wp\/v2\/product\/136160","targetHints":{"allow":["GET"]}}],"collection":[{"href":"https:\/\/stylingagenten.com\/fi\/wp-json\/wp\/v2\/product"}],"about":[{"href":"https:\/\/stylingagenten.com\/fi\/wp-json\/wp\/v2\/types\/product"}],"replies":[{"embeddable":true,"href":"https:\/\/stylingagenten.com\/fi\/wp-json\/wp\/v2\/comments?post=136160"}],"version-history":[{"count":0,"href":"https:\/\/stylingagenten.com\/fi\/wp-json\/wp\/v2\/product\/136160\/revisions"}],"wp:featuredmedia":[{"embeddable":true,"href":"https:\/\/stylingagenten.com\/fi\/wp-json\/wp\/v2\/media\/136147"}],"wp:attachment":[{"href":"https:\/\/stylingagenten.com\/fi\/wp-json\/wp\/v2\/media?parent=136160"}],"wp:term":[{"taxonomy":"product_brand","embeddable":true,"href":"https:\/\/stylingagenten.com\/fi\/wp-json\/wp\/v2\/product_brand?post=136160"},{"taxonomy":"product_cat","embeddable":true,"href":"https:\/\/stylingagenten.com\/fi\/wp-json\/wp\/v2\/product_cat?post=136160"},{"taxonomy":"product_tag","embeddable":true,"href":"https:\/\/stylingagenten.com\/fi\/wp-json\/wp\/v2\/product_tag?post=136160"},{"taxonomy":"berocket_brand","embeddable":true,"href":"https:\/\/stylingagenten.com\/fi\/wp-json\/wp\/v2\/berocket_brand?post=136160"}],"curies":[{"name":"wp","href":"https:\/\/api.w.org\/{rel}","templated":true}]}}