{"id":136131,"date":"2025-05-18T22:47:30","date_gmt":"2025-05-18T22:47:30","guid":{"rendered":"https:\/\/staging2.stylingagenten.com\/fi\/produkt\/karl-lagerfeld-fleur-de-pecher-edp-100ml\/"},"modified":"2026-04-14T08:48:44","modified_gmt":"2026-04-14T08:48:44","slug":"karl-lagerfeld-fleur-de-pecher-edp-100ml","status":"publish","type":"product","link":"https:\/\/stylingagenten.com\/fi\/tuote\/karl-lagerfeld-fleur-de-pecher-edp-100ml\/","title":{"rendered":"Karl Lagerfeld Fleur De Pecher Edp 100ml"},"content":{"rendered":"<p>leur De P&ecirc;cher on Karl Lagerfeldin kukoistava hajuvesi. Se on tyylik\u00e4s ja aistillinen tuoksu, joka antaa modernin, kyps\u00e4n vaikutelman.<br \/>Syd\u00e4n sis\u00e4lt\u00e4\u00e4 ainutlaatuisen jasmiiniteen ja persikankukan tuoksuyhdistelm\u00e4n, joka antaa tyls\u00e4n, puuterimaisen luonteen. <br \/>Karl Lagerfeldin viile\u00e4 tuoksu antaa sinulle sielunlis\u00e4yksen ja ainutlaatuisen hajuauran.&nbsp;<\/p>\n<p>Yl\u00e4tuoksu: P\u00e4\u00e4ryn\u00e4 ja Yuzu<br \/>Syd\u00e4ntuoksu: persikankukka ja jasmintti.<br \/>Pohja nuotit: Myski ja puu<\/p>\n","protected":false},"excerpt":{"rendered":"<p>leur De P&ecirc;cher on Karl Lagerfeldin kukoistava hajuvesi. Se on tyylik\u00e4s ja aistillinen tuoksu, joka antaa modernin, kyps\u00e4n vaikutelman.Syd\u00e4n sis\u00e4lt\u00e4\u00e4 ainutlaatuisen jasmiiniteen ja persikankukan tuoksuyhdistelm\u00e4n, joka antaa tyls\u00e4n, puuterimaisen luonteen. Karl Lagerfeldin viile\u00e4 tuoksu antaa sinulle sielunlis\u00e4yksen ja ainutlaatuisen hajuauran.&nbsp; Yl\u00e4tuoksu: P\u00e4\u00e4ryn\u00e4 ja YuzuSyd\u00e4ntuoksu: persikankukka ja jasmintti.Pohja nuotit: Myski ja puu<\/p>\n","protected":false},"featured_media":136115,"comment_status":"open","ping_status":"closed","template":"","meta":{"_trash_the_other_posts":false},"product_brand":[],"product_cat":[999,1003,706,735],"product_tag":[3105],"berocket_brand":[1068],"class_list":{"0":"post-136131","1":"product","2":"type-product","3":"status-publish","4":"has-post-thumbnail","6":"product_cat-kampanjatarjous-naiselle","7":"product_cat-myydyimmat","8":"product_cat-naisten-eau-de-parfum","9":"product_cat-kampanjamme","10":"product_tag-karl-lagerfeld-fleur-de-pecher-edp","11":"pa_brand-karl-lagerfeld","12":"pa_variantti-100ml","13":"berocket_brand-karl-lagerfeld","15":"first","16":"instock","17":"sale","18":"taxable","19":"shipping-taxable","20":"purchasable","21":"product-type-simple"},"_links":{"self":[{"href":"https:\/\/stylingagenten.com\/fi\/wp-json\/wp\/v2\/product\/136131","targetHints":{"allow":["GET"]}}],"collection":[{"href":"https:\/\/stylingagenten.com\/fi\/wp-json\/wp\/v2\/product"}],"about":[{"href":"https:\/\/stylingagenten.com\/fi\/wp-json\/wp\/v2\/types\/product"}],"replies":[{"embeddable":true,"href":"https:\/\/stylingagenten.com\/fi\/wp-json\/wp\/v2\/comments?post=136131"}],"version-history":[{"count":0,"href":"https:\/\/stylingagenten.com\/fi\/wp-json\/wp\/v2\/product\/136131\/revisions"}],"wp:featuredmedia":[{"embeddable":true,"href":"https:\/\/stylingagenten.com\/fi\/wp-json\/wp\/v2\/media\/136115"}],"wp:attachment":[{"href":"https:\/\/stylingagenten.com\/fi\/wp-json\/wp\/v2\/media?parent=136131"}],"wp:term":[{"taxonomy":"product_brand","embeddable":true,"href":"https:\/\/stylingagenten.com\/fi\/wp-json\/wp\/v2\/product_brand?post=136131"},{"taxonomy":"product_cat","embeddable":true,"href":"https:\/\/stylingagenten.com\/fi\/wp-json\/wp\/v2\/product_cat?post=136131"},{"taxonomy":"product_tag","embeddable":true,"href":"https:\/\/stylingagenten.com\/fi\/wp-json\/wp\/v2\/product_tag?post=136131"},{"taxonomy":"berocket_brand","embeddable":true,"href":"https:\/\/stylingagenten.com\/fi\/wp-json\/wp\/v2\/berocket_brand?post=136131"}],"curies":[{"name":"wp","href":"https:\/\/api.w.org\/{rel}","templated":true}]}}