{"id":136105,"date":"2025-05-18T22:47:26","date_gmt":"2025-05-18T22:47:26","guid":{"rendered":"https:\/\/staging2.stylingagenten.com\/fi\/produkt\/lanvin-arpege-edp-100ml\/"},"modified":"2026-03-26T18:24:32","modified_gmt":"2026-03-26T18:24:32","slug":"lanvin-arpege-edp-100ml","status":"publish","type":"product","link":"https:\/\/stylingagenten.com\/fi\/tuote\/lanvin-arpege-edp-100ml\/","title":{"rendered":"Lanvin Arpege Edp 100ml"},"content":{"rendered":"<p>Arpege on yksi suurimmista tuoksuklassikoista Markkinat luotiin jo vuonna 1927. Tuoksu avautuu runsailla aldehydeill\u00e4 ja tuoreella bergamotilla.<br \/>Naiseellisesta ja aistillisesta syd\u00e4mest\u00e4 l\u00f6ytyy bulgarialainen ruusu ja jasmiini. Pohjassa myski on sekoitettu iiriksen ja meripihkan kanssa.<br \/>Kaunis musta pullo on varhainen Art Decon inspiroima mestariteos.<\/p>\n<p>Alkutuoksu: Bergamotti, Aldehydit<br \/>Syd\u00e4ntuoksu: ruusu, jasmiini <br \/>Perustuoksu: Myski, Iris, Amber<\/p>\n","protected":false},"excerpt":{"rendered":"<p>Arpege on yksi suurimmista tuoksuklassikoista Markkinat luotiin jo vuonna 1927. Tuoksu avautuu runsailla aldehydeill\u00e4 ja tuoreella bergamotilla.Naiseellisesta ja aistillisesta syd\u00e4mest\u00e4 l\u00f6ytyy bulgarialainen ruusu ja jasmiini. Pohjassa myski on sekoitettu iiriksen ja meripihkan kanssa.Kaunis musta pullo on varhainen Art Decon inspiroima mestariteos. Alkutuoksu: Bergamotti, AldehyditSyd\u00e4ntuoksu: ruusu, jasmiini Perustuoksu: Myski, Iris, Amber<\/p>\n","protected":false},"featured_media":136098,"comment_status":"open","ping_status":"closed","template":"","meta":{"_trash_the_other_posts":false},"product_brand":[],"product_cat":[999,1003,706,735],"product_tag":[],"berocket_brand":[1105],"class_list":{"0":"post-136105","1":"product","2":"type-product","3":"status-publish","4":"has-post-thumbnail","6":"product_cat-kampanjatarjous-naiselle","7":"product_cat-myydyimmat","8":"product_cat-naisten-eau-de-parfum","9":"product_cat-kampanjamme","10":"pa_brand-lanvin","11":"berocket_brand-lanvin","13":"first","14":"instock","15":"sale","16":"taxable","17":"shipping-taxable","18":"purchasable","19":"product-type-simple"},"_links":{"self":[{"href":"https:\/\/stylingagenten.com\/fi\/wp-json\/wp\/v2\/product\/136105","targetHints":{"allow":["GET"]}}],"collection":[{"href":"https:\/\/stylingagenten.com\/fi\/wp-json\/wp\/v2\/product"}],"about":[{"href":"https:\/\/stylingagenten.com\/fi\/wp-json\/wp\/v2\/types\/product"}],"replies":[{"embeddable":true,"href":"https:\/\/stylingagenten.com\/fi\/wp-json\/wp\/v2\/comments?post=136105"}],"version-history":[{"count":0,"href":"https:\/\/stylingagenten.com\/fi\/wp-json\/wp\/v2\/product\/136105\/revisions"}],"wp:featuredmedia":[{"embeddable":true,"href":"https:\/\/stylingagenten.com\/fi\/wp-json\/wp\/v2\/media\/136098"}],"wp:attachment":[{"href":"https:\/\/stylingagenten.com\/fi\/wp-json\/wp\/v2\/media?parent=136105"}],"wp:term":[{"taxonomy":"product_brand","embeddable":true,"href":"https:\/\/stylingagenten.com\/fi\/wp-json\/wp\/v2\/product_brand?post=136105"},{"taxonomy":"product_cat","embeddable":true,"href":"https:\/\/stylingagenten.com\/fi\/wp-json\/wp\/v2\/product_cat?post=136105"},{"taxonomy":"product_tag","embeddable":true,"href":"https:\/\/stylingagenten.com\/fi\/wp-json\/wp\/v2\/product_tag?post=136105"},{"taxonomy":"berocket_brand","embeddable":true,"href":"https:\/\/stylingagenten.com\/fi\/wp-json\/wp\/v2\/berocket_brand?post=136105"}],"curies":[{"name":"wp","href":"https:\/\/api.w.org\/{rel}","templated":true}]}}