{"id":136091,"date":"2025-05-18T22:47:23","date_gmt":"2025-05-18T22:47:23","guid":{"rendered":"https:\/\/staging2.stylingagenten.com\/fi\/produkt\/mont-blanc-femme-individuelle-edt-75ml\/"},"modified":"2026-03-27T09:48:28","modified_gmt":"2026-03-27T09:48:28","slug":"mont-blanc-femme-individuelle-edt-75ml","status":"publish","type":"product","link":"https:\/\/stylingagenten.com\/fi\/tuote\/mont-blanc-femme-individuelle-edt-75ml\/","title":{"rendered":"Mont Blanc Femme Individuelle Edt 75ml"},"content":{"rendered":"<p>Kahden ensimm\u00e4isen j\u00e4lkeen naisten tuoksut julkaisivat Mont Blanc Femme Individuellen.<br \/>T\u00e4m\u00e4 on naisellinen it\u00e4mainen hajuvesi, jossa on hedelm\u00e4isi\u00e4 ja puisia tuoksuvipuja.&nbsp;<\/p>\n<p>Yl\u00e4tuoksu: Voimakas ruusu&eacute;pippuri, happamat mustat viiniryp\u00e4leet&auml; r<br \/> &gt;Syd\u00e4ntuoksu: Lootuksenkukka, orapihlaja, ruusu<br \/>Pohjatuoksu: Patsuli, meripihka, myski, vanilja, it\u00e4mainen esanssi<\/p>\n","protected":false},"excerpt":{"rendered":"<p>Kahden ensimm\u00e4isen j\u00e4lkeen naisten tuoksut julkaisivat Mont Blanc Femme Individuellen.T\u00e4m\u00e4 on naisellinen it\u00e4mainen hajuvesi, jossa on hedelm\u00e4isi\u00e4 ja puisia tuoksuvipuja.&nbsp; Yl\u00e4tuoksu: Voimakas ruusu&eacute;pippuri, happamat mustat viiniryp\u00e4leet&auml; r &gt;Syd\u00e4ntuoksu: Lootuksenkukka, orapihlaja, ruusuPohjatuoksu: Patsuli, meripihka, myski, vanilja, it\u00e4mainen esanssi<\/p>\n","protected":false},"featured_media":136082,"comment_status":"open","ping_status":"closed","template":"","meta":{"_trash_the_other_posts":false},"product_brand":[],"product_cat":[999,707,735],"product_tag":[],"berocket_brand":[1079],"class_list":{"0":"post-136091","1":"product","2":"type-product","3":"status-publish","4":"has-post-thumbnail","6":"product_cat-kampanjatarjous-naiselle","7":"product_cat-naisten-eau-de-toilette","8":"product_cat-kampanjamme","9":"pa_brand-mont-blanc","10":"berocket_brand-mont-blanc","12":"first","13":"outofstock","14":"sale","15":"taxable","16":"shipping-taxable","17":"purchasable","18":"product-type-simple"},"_links":{"self":[{"href":"https:\/\/stylingagenten.com\/fi\/wp-json\/wp\/v2\/product\/136091","targetHints":{"allow":["GET"]}}],"collection":[{"href":"https:\/\/stylingagenten.com\/fi\/wp-json\/wp\/v2\/product"}],"about":[{"href":"https:\/\/stylingagenten.com\/fi\/wp-json\/wp\/v2\/types\/product"}],"replies":[{"embeddable":true,"href":"https:\/\/stylingagenten.com\/fi\/wp-json\/wp\/v2\/comments?post=136091"}],"version-history":[{"count":0,"href":"https:\/\/stylingagenten.com\/fi\/wp-json\/wp\/v2\/product\/136091\/revisions"}],"wp:featuredmedia":[{"embeddable":true,"href":"https:\/\/stylingagenten.com\/fi\/wp-json\/wp\/v2\/media\/136082"}],"wp:attachment":[{"href":"https:\/\/stylingagenten.com\/fi\/wp-json\/wp\/v2\/media?parent=136091"}],"wp:term":[{"taxonomy":"product_brand","embeddable":true,"href":"https:\/\/stylingagenten.com\/fi\/wp-json\/wp\/v2\/product_brand?post=136091"},{"taxonomy":"product_cat","embeddable":true,"href":"https:\/\/stylingagenten.com\/fi\/wp-json\/wp\/v2\/product_cat?post=136091"},{"taxonomy":"product_tag","embeddable":true,"href":"https:\/\/stylingagenten.com\/fi\/wp-json\/wp\/v2\/product_tag?post=136091"},{"taxonomy":"berocket_brand","embeddable":true,"href":"https:\/\/stylingagenten.com\/fi\/wp-json\/wp\/v2\/berocket_brand?post=136091"}],"curies":[{"name":"wp","href":"https:\/\/api.w.org\/{rel}","templated":true}]}}