{"id":136058,"date":"2025-05-18T22:47:19","date_gmt":"2025-05-18T22:47:19","guid":{"rendered":"https:\/\/staging2.stylingagenten.com\/fi\/produkt\/gloria-vanderbilt-jardin-a-new-york-edp-100ml\/"},"modified":"2026-03-30T09:38:43","modified_gmt":"2026-03-30T09:38:43","slug":"gloria-vanderbilt-jardin-a-new-york-edp-100ml","status":"publish","type":"product","link":"https:\/\/stylingagenten.com\/fi\/tuote\/gloria-vanderbilt-jardin-a-new-york-edp-100ml\/","title":{"rendered":"Gloria Vanderbilt Jardin a New York Edp 100ml"},"content":{"rendered":"<p>Gloria Vanderbiltin uusi naisten tuoksu on nimelt\u00e4\u00e4n Minuit &agrave; New York. Tuoksu tuo mieleen arvokkaiden valkoisten kukkien aromit ja New Yorkin y\u00f6el\u00e4m\u00e4n. <br \/>Kukkakoostumus, jossa on tuberoosin, vaaleanpunaisen pionin, santelipuun, jasmiinin, hyasintin, orvokin, gardenian, maitomaisen santelipuun, meripihkan, patsuliin ja mokkanahkaa.<\/p>\n","protected":false},"excerpt":{"rendered":"<p>Gloria Vanderbiltin uusi naisten tuoksu on nimelt\u00e4\u00e4n Minuit &agrave; New York. Tuoksu tuo mieleen arvokkaiden valkoisten kukkien aromit ja New Yorkin y\u00f6el\u00e4m\u00e4n. Kukkakoostumus, jossa on tuberoosin, vaaleanpunaisen pionin, santelipuun, jasmiinin, hyasintin, orvokin, gardenian, maitomaisen santelipuun, meripihkan, patsuliin ja mokkanahkaa.<\/p>\n","protected":false},"featured_media":136051,"comment_status":"open","ping_status":"closed","template":"","meta":{"_trash_the_other_posts":false},"product_brand":[],"product_cat":[879,999,706,735],"product_tag":[],"berocket_brand":[1327],"class_list":{"0":"post-136058","1":"product","2":"type-product","3":"status-publish","4":"has-post-thumbnail","6":"product_cat-gloria-vanderbilt-a-new-york","7":"product_cat-kampanjatarjous-naiselle","8":"product_cat-naisten-eau-de-parfum","9":"product_cat-kampanjamme","10":"pa_brand-gloria-vanderbilt","11":"berocket_brand-gloria-vanderbilt","13":"first","14":"instock","15":"sale","16":"taxable","17":"shipping-taxable","18":"purchasable","19":"product-type-simple"},"_links":{"self":[{"href":"https:\/\/stylingagenten.com\/fi\/wp-json\/wp\/v2\/product\/136058","targetHints":{"allow":["GET"]}}],"collection":[{"href":"https:\/\/stylingagenten.com\/fi\/wp-json\/wp\/v2\/product"}],"about":[{"href":"https:\/\/stylingagenten.com\/fi\/wp-json\/wp\/v2\/types\/product"}],"replies":[{"embeddable":true,"href":"https:\/\/stylingagenten.com\/fi\/wp-json\/wp\/v2\/comments?post=136058"}],"version-history":[{"count":0,"href":"https:\/\/stylingagenten.com\/fi\/wp-json\/wp\/v2\/product\/136058\/revisions"}],"wp:featuredmedia":[{"embeddable":true,"href":"https:\/\/stylingagenten.com\/fi\/wp-json\/wp\/v2\/media\/136051"}],"wp:attachment":[{"href":"https:\/\/stylingagenten.com\/fi\/wp-json\/wp\/v2\/media?parent=136058"}],"wp:term":[{"taxonomy":"product_brand","embeddable":true,"href":"https:\/\/stylingagenten.com\/fi\/wp-json\/wp\/v2\/product_brand?post=136058"},{"taxonomy":"product_cat","embeddable":true,"href":"https:\/\/stylingagenten.com\/fi\/wp-json\/wp\/v2\/product_cat?post=136058"},{"taxonomy":"product_tag","embeddable":true,"href":"https:\/\/stylingagenten.com\/fi\/wp-json\/wp\/v2\/product_tag?post=136058"},{"taxonomy":"berocket_brand","embeddable":true,"href":"https:\/\/stylingagenten.com\/fi\/wp-json\/wp\/v2\/berocket_brand?post=136058"}],"curies":[{"name":"wp","href":"https:\/\/api.w.org\/{rel}","templated":true}]}}