{"id":136029,"date":"2025-05-18T22:47:14","date_gmt":"2025-05-18T22:47:14","guid":{"rendered":"https:\/\/staging2.stylingagenten.com\/fi\/produkt\/jennifer-lopez-blue-glow-edt-100ml\/"},"modified":"2025-11-19T11:24:02","modified_gmt":"2025-11-19T11:24:02","slug":"jennifer-lopez-blue-glow-edt-100ml","status":"publish","type":"product","link":"https:\/\/stylingagenten.com\/fi\/tuote\/jennifer-lopez-blue-glow-edt-100ml\/","title":{"rendered":"Jennifer Lopez Blue Glow Edt 100ml"},"content":{"rendered":"<p>J.LO:n Blue Glow Eau de Toilette on ihanan raikas tuoksu, joka sopii hallittavalle sensuellille naiselle. Mehukkaat yl\u00e4tuoksut avaavat tuoksun, joka muuttuu kasteisilla kukilla t\u00e4ytetyksi tuoksusyd\u00e4meksi. Pohjassa odottaa pehme\u00e4 ja l\u00e4mmitt\u00e4v\u00e4 yhdistelm\u00e4 setri\u00e4, santelipuuta. ja tonkapapu.<\/p>\n<p>Alkutuoksu: Mangosteen, Valencian appelsiini, punainen ryp\u00e4leenkukka.<br \/>Syd\u00e4ntuoksu: Villi lumpeen, hohtavan vesituoksu, ruusu, vanilja-orkidea.<br \/>Pohjatuoksu: Setripuu; , mahonkipuuta, sammalta, tonkapapua Venezuelasta<\/p>\n","protected":false},"excerpt":{"rendered":"<p>J.LO:n Blue Glow Eau de Toilette on ihanan raikas tuoksu, joka sopii hallittavalle sensuellille naiselle. Mehukkaat yl\u00e4tuoksut avaavat tuoksun, joka muuttuu kasteisilla kukilla t\u00e4ytetyksi tuoksusyd\u00e4meksi. Pohjassa odottaa pehme\u00e4 ja l\u00e4mmitt\u00e4v\u00e4 yhdistelm\u00e4 setri\u00e4, santelipuuta. ja tonkapapu. Alkutuoksu: Mangosteen, Valencian appelsiini, punainen ryp\u00e4leenkukka.Syd\u00e4ntuoksu: Villi lumpeen, hohtavan vesituoksu, ruusu, vanilja-orkidea.Pohjatuoksu: Setripuu; , mahonkipuuta, sammalta, tonkapapua Venezuelasta<\/p>\n","protected":false},"featured_media":136021,"comment_status":"open","ping_status":"closed","template":"","meta":{"_trash_the_other_posts":false},"product_brand":[],"product_cat":[707],"product_tag":[3040],"berocket_brand":[1354],"class_list":{"0":"post-136029","1":"product","2":"type-product","3":"status-publish","4":"has-post-thumbnail","6":"product_cat-naisten-eau-de-toilette","7":"product_tag-jennifer-lopez-blue-glow-edt","8":"pa_brand-jennifer-lopez","9":"pa_variantti-100ml","10":"berocket_brand-jennifer-lopez","12":"first","13":"outofstock","14":"sale","15":"taxable","16":"shipping-taxable","17":"purchasable","18":"product-type-simple"},"_links":{"self":[{"href":"https:\/\/stylingagenten.com\/fi\/wp-json\/wp\/v2\/product\/136029","targetHints":{"allow":["GET"]}}],"collection":[{"href":"https:\/\/stylingagenten.com\/fi\/wp-json\/wp\/v2\/product"}],"about":[{"href":"https:\/\/stylingagenten.com\/fi\/wp-json\/wp\/v2\/types\/product"}],"replies":[{"embeddable":true,"href":"https:\/\/stylingagenten.com\/fi\/wp-json\/wp\/v2\/comments?post=136029"}],"version-history":[{"count":0,"href":"https:\/\/stylingagenten.com\/fi\/wp-json\/wp\/v2\/product\/136029\/revisions"}],"wp:featuredmedia":[{"embeddable":true,"href":"https:\/\/stylingagenten.com\/fi\/wp-json\/wp\/v2\/media\/136021"}],"wp:attachment":[{"href":"https:\/\/stylingagenten.com\/fi\/wp-json\/wp\/v2\/media?parent=136029"}],"wp:term":[{"taxonomy":"product_brand","embeddable":true,"href":"https:\/\/stylingagenten.com\/fi\/wp-json\/wp\/v2\/product_brand?post=136029"},{"taxonomy":"product_cat","embeddable":true,"href":"https:\/\/stylingagenten.com\/fi\/wp-json\/wp\/v2\/product_cat?post=136029"},{"taxonomy":"product_tag","embeddable":true,"href":"https:\/\/stylingagenten.com\/fi\/wp-json\/wp\/v2\/product_tag?post=136029"},{"taxonomy":"berocket_brand","embeddable":true,"href":"https:\/\/stylingagenten.com\/fi\/wp-json\/wp\/v2\/berocket_brand?post=136029"}],"curies":[{"name":"wp","href":"https:\/\/api.w.org\/{rel}","templated":true}]}}