{"id":136018,"date":"2025-05-18T22:47:12","date_gmt":"2025-05-18T22:47:12","guid":{"rendered":"https:\/\/staging2.stylingagenten.com\/fi\/produkt\/carolina-herrera-good-girl-edp-50ml\/"},"modified":"2026-03-19T13:07:26","modified_gmt":"2026-03-19T13:07:26","slug":"carolina-herrera-good-girl-edp-50ml","status":"publish","type":"product","link":"https:\/\/stylingagenten.com\/fi\/tuote\/carolina-herrera-good-girl-edp-50ml\/","title":{"rendered":"Carolina Herrera Good Girl Edp 50ml"},"content":{"rendered":"<p>Good Girl on aistillinen ja tunnelmallinen tuoksu nykyaikaiselle naiselle. Hyv\u00e4 tytt\u00f6 on naisellinen, hienostunut ja aistillinen, mutta samalla voimakas ja itsen\u00e4inen. Tuoksun raikkaus tulee jasmiinista ja tuberoosista, jotka tekev\u00e4t tuoksusta pehme\u00e4n ja naisellisen. T\u00e4h\u00e4n lis\u00e4t\u00e4\u00e4n tonkapapu ja kaakao, jotka johtavat ja yhdess\u00e4 muodostavat elegantin ja j\u00e4nnitt\u00e4v\u00e4n tuoksun.<\/p>\n<p>Yl\u00e4tuoksu: Manteli ja kahvi<br \/>Syd\u00e4ntuoksu: tuberoosi, iiris ja jasmiini<br \/>Pohjatuoksu : Kaakao, vanilja ja tonkapapu<\/p>\n","protected":false},"excerpt":{"rendered":"<p>Good Girl on aistillinen ja tunnelmallinen tuoksu nykyaikaiselle naiselle. Hyv\u00e4 tytt\u00f6 on naisellinen, hienostunut ja aistillinen, mutta samalla voimakas ja itsen\u00e4inen. Tuoksun raikkaus tulee jasmiinista ja tuberoosista, jotka tekev\u00e4t tuoksusta pehme\u00e4n ja naisellisen. T\u00e4h\u00e4n lis\u00e4t\u00e4\u00e4n tonkapapu ja kaakao, jotka johtavat ja yhdess\u00e4 muodostavat elegantin ja j\u00e4nnitt\u00e4v\u00e4n tuoksun. Yl\u00e4tuoksu: Manteli ja kahviSyd\u00e4ntuoksu: tuberoosi, iiris ja jasmiiniPohjatuoksu [&hellip;]<\/p>\n","protected":false},"featured_media":136014,"comment_status":"open","ping_status":"closed","template":"","meta":{"_trash_the_other_posts":false},"product_brand":[],"product_cat":[706],"product_tag":[2677],"berocket_brand":[1099],"class_list":{"0":"post-136018","1":"product","2":"type-product","3":"status-publish","4":"has-post-thumbnail","6":"product_cat-naisten-eau-de-parfum","7":"product_tag-carolina-herrera-good-girl-edp","8":"pa_brand-carolina-herrera","9":"pa_variantti-50ml","10":"berocket_brand-carolina-herrera","12":"first","13":"instock","14":"sale","15":"taxable","16":"shipping-taxable","17":"purchasable","18":"product-type-simple"},"_links":{"self":[{"href":"https:\/\/stylingagenten.com\/fi\/wp-json\/wp\/v2\/product\/136018","targetHints":{"allow":["GET"]}}],"collection":[{"href":"https:\/\/stylingagenten.com\/fi\/wp-json\/wp\/v2\/product"}],"about":[{"href":"https:\/\/stylingagenten.com\/fi\/wp-json\/wp\/v2\/types\/product"}],"replies":[{"embeddable":true,"href":"https:\/\/stylingagenten.com\/fi\/wp-json\/wp\/v2\/comments?post=136018"}],"version-history":[{"count":0,"href":"https:\/\/stylingagenten.com\/fi\/wp-json\/wp\/v2\/product\/136018\/revisions"}],"wp:featuredmedia":[{"embeddable":true,"href":"https:\/\/stylingagenten.com\/fi\/wp-json\/wp\/v2\/media\/136014"}],"wp:attachment":[{"href":"https:\/\/stylingagenten.com\/fi\/wp-json\/wp\/v2\/media?parent=136018"}],"wp:term":[{"taxonomy":"product_brand","embeddable":true,"href":"https:\/\/stylingagenten.com\/fi\/wp-json\/wp\/v2\/product_brand?post=136018"},{"taxonomy":"product_cat","embeddable":true,"href":"https:\/\/stylingagenten.com\/fi\/wp-json\/wp\/v2\/product_cat?post=136018"},{"taxonomy":"product_tag","embeddable":true,"href":"https:\/\/stylingagenten.com\/fi\/wp-json\/wp\/v2\/product_tag?post=136018"},{"taxonomy":"berocket_brand","embeddable":true,"href":"https:\/\/stylingagenten.com\/fi\/wp-json\/wp\/v2\/berocket_brand?post=136018"}],"curies":[{"name":"wp","href":"https:\/\/api.w.org\/{rel}","templated":true}]}}