{"id":136015,"date":"2025-05-18T22:47:12","date_gmt":"2025-05-18T22:47:12","guid":{"rendered":"https:\/\/staging2.stylingagenten.com\/fi\/produkt\/paris-hilton-rose-rush-edp-100ml\/"},"modified":"2026-03-23T19:47:30","modified_gmt":"2026-03-23T19:47:30","slug":"paris-hilton-rose-rush-edp-100ml","status":"publish","type":"product","link":"https:\/\/stylingagenten.com\/fi\/tuote\/paris-hilton-rose-rush-edp-100ml\/","title":{"rendered":"Paris Hilton Ros\u00e9 Rush Edp 100ml"},"content":{"rendered":"<p>Ros&eacute; Rush on unenomainen, flirttaileva EdP Paris Hiltonin Gold Rush -kokoelmasta.<br \/>Kukka-\/hedelm\u00e4inen tuoksu avautuu ruusun ter\u00e4lehtien, nerolin ja litsisekoituksella. Toukokuun ruusu ja pioni sekoittuvat mehukkaaseen papaijaan keskell\u00e4, jolloin tuloksena on houkutteleva kimppu naisellisuutta. <br \/>S\u00e4ken\u00f6iv\u00e4\u00e4 meripihkaa ja santelipuuta; ymp\u00e4rill\u00e4 p\u00f6rr\u00f6inen valkoinen myski.<\/p>\n","protected":false},"excerpt":{"rendered":"<p>Ros&eacute; Rush on unenomainen, flirttaileva EdP Paris Hiltonin Gold Rush -kokoelmasta.Kukka-\/hedelm\u00e4inen tuoksu avautuu ruusun ter\u00e4lehtien, nerolin ja litsisekoituksella. Toukokuun ruusu ja pioni sekoittuvat mehukkaaseen papaijaan keskell\u00e4, jolloin tuloksena on houkutteleva kimppu naisellisuutta. S\u00e4ken\u00f6iv\u00e4\u00e4 meripihkaa ja santelipuuta; ymp\u00e4rill\u00e4 p\u00f6rr\u00f6inen valkoinen myski.<\/p>\n","protected":false},"featured_media":136009,"comment_status":"open","ping_status":"closed","template":"","meta":{"_trash_the_other_posts":false},"product_brand":[],"product_cat":[999,706,735],"product_tag":[],"berocket_brand":[1051],"class_list":{"0":"post-136015","1":"product","2":"type-product","3":"status-publish","4":"has-post-thumbnail","6":"product_cat-kampanjatarjous-naiselle","7":"product_cat-naisten-eau-de-parfum","8":"product_cat-kampanjamme","9":"pa_brand-paris-hilton","10":"berocket_brand-paris-hilton","12":"first","13":"outofstock","14":"sale","15":"taxable","16":"shipping-taxable","17":"purchasable","18":"product-type-simple"},"_links":{"self":[{"href":"https:\/\/stylingagenten.com\/fi\/wp-json\/wp\/v2\/product\/136015","targetHints":{"allow":["GET"]}}],"collection":[{"href":"https:\/\/stylingagenten.com\/fi\/wp-json\/wp\/v2\/product"}],"about":[{"href":"https:\/\/stylingagenten.com\/fi\/wp-json\/wp\/v2\/types\/product"}],"replies":[{"embeddable":true,"href":"https:\/\/stylingagenten.com\/fi\/wp-json\/wp\/v2\/comments?post=136015"}],"version-history":[{"count":0,"href":"https:\/\/stylingagenten.com\/fi\/wp-json\/wp\/v2\/product\/136015\/revisions"}],"wp:featuredmedia":[{"embeddable":true,"href":"https:\/\/stylingagenten.com\/fi\/wp-json\/wp\/v2\/media\/136009"}],"wp:attachment":[{"href":"https:\/\/stylingagenten.com\/fi\/wp-json\/wp\/v2\/media?parent=136015"}],"wp:term":[{"taxonomy":"product_brand","embeddable":true,"href":"https:\/\/stylingagenten.com\/fi\/wp-json\/wp\/v2\/product_brand?post=136015"},{"taxonomy":"product_cat","embeddable":true,"href":"https:\/\/stylingagenten.com\/fi\/wp-json\/wp\/v2\/product_cat?post=136015"},{"taxonomy":"product_tag","embeddable":true,"href":"https:\/\/stylingagenten.com\/fi\/wp-json\/wp\/v2\/product_tag?post=136015"},{"taxonomy":"berocket_brand","embeddable":true,"href":"https:\/\/stylingagenten.com\/fi\/wp-json\/wp\/v2\/berocket_brand?post=136015"}],"curies":[{"name":"wp","href":"https:\/\/api.w.org\/{rel}","templated":true}]}}