{"id":135887,"date":"2025-05-18T22:46:49","date_gmt":"2025-05-18T22:46:49","guid":{"rendered":"https:\/\/staging2.stylingagenten.com\/fi\/produkt\/jennifer-lopez-live-edp-100ml\/"},"modified":"2026-03-26T18:24:21","modified_gmt":"2026-03-26T18:24:21","slug":"jennifer-lopez-live-edp-100ml","status":"publish","type":"product","link":"https:\/\/stylingagenten.com\/fi\/tuote\/jennifer-lopez-live-edp-100ml\/","title":{"rendered":"Jennifer Lopez Live Edp 100ml"},"content":{"rendered":"<p>Jennifer Lopez Live on eloisa, kukkainen ja hedelm\u00e4inen makea tuoksu, joka on kunnianosoitus musiikille, rytmille ja tanssille. Tuoksussa yhdistyv\u00e4t pionin ja orvokin makeat nuotit, karamellin syv\u00e4 makeus ja ananaksen, appelsiinin ja sitruunan raikkaus. <br \/>Rikkaiden auringon kypsyneiden ja eksoottisten hedelmien ansiosta Jennifer Lopez Live on \u00e4\u00e4rimm\u00e4inen kes\u00e4tuoksu, joka sopii erityisesti nuorelle naiselle, kun taas santelipuu; ja tonkapuvut antavat tuoksulle enemm\u00e4n luonnetta kuin ohikiit\u00e4v\u00e4 hedelm\u00e4tuoksu.<\/p>\n<p>Alkutuoksu: Appelsiini, ananas ja sitruuna<br \/>Syd\u00e4ntuoksu: violetti ja pioni<br \/>Pohjatuoksu: santelipuu, tonkapapu ;nor ja karamelli<\/p>\n","protected":false},"excerpt":{"rendered":"<p>Jennifer Lopez Live on eloisa, kukkainen ja hedelm\u00e4inen makea tuoksu, joka on kunnianosoitus musiikille, rytmille ja tanssille. Tuoksussa yhdistyv\u00e4t pionin ja orvokin makeat nuotit, karamellin syv\u00e4 makeus ja ananaksen, appelsiinin ja sitruunan raikkaus. Rikkaiden auringon kypsyneiden ja eksoottisten hedelmien ansiosta Jennifer Lopez Live on \u00e4\u00e4rimm\u00e4inen kes\u00e4tuoksu, joka sopii erityisesti nuorelle naiselle, kun taas santelipuu; ja [&hellip;]<\/p>\n","protected":false},"featured_media":135873,"comment_status":"open","ping_status":"closed","template":"","meta":{"_trash_the_other_posts":false},"product_brand":[],"product_cat":[907,1006,999,1003,706,735],"product_tag":[3042],"berocket_brand":[1354],"class_list":{"0":"post-135887","1":"product","2":"type-product","3":"status-publish","4":"has-post-thumbnail","6":"product_cat-jennifer-lopez-live","7":"product_cat-kampanjahinta","8":"product_cat-kampanjatarjous-naiselle","9":"product_cat-myydyimmat","10":"product_cat-naisten-eau-de-parfum","11":"product_cat-kampanjamme","12":"product_tag-jennifer-lopez-live-edp","13":"pa_brand-jennifer-lopez","14":"pa_variantti-100ml","15":"berocket_brand-jennifer-lopez","17":"first","18":"instock","19":"sale","20":"taxable","21":"shipping-taxable","22":"purchasable","23":"product-type-simple"},"_links":{"self":[{"href":"https:\/\/stylingagenten.com\/fi\/wp-json\/wp\/v2\/product\/135887","targetHints":{"allow":["GET"]}}],"collection":[{"href":"https:\/\/stylingagenten.com\/fi\/wp-json\/wp\/v2\/product"}],"about":[{"href":"https:\/\/stylingagenten.com\/fi\/wp-json\/wp\/v2\/types\/product"}],"replies":[{"embeddable":true,"href":"https:\/\/stylingagenten.com\/fi\/wp-json\/wp\/v2\/comments?post=135887"}],"version-history":[{"count":0,"href":"https:\/\/stylingagenten.com\/fi\/wp-json\/wp\/v2\/product\/135887\/revisions"}],"wp:featuredmedia":[{"embeddable":true,"href":"https:\/\/stylingagenten.com\/fi\/wp-json\/wp\/v2\/media\/135873"}],"wp:attachment":[{"href":"https:\/\/stylingagenten.com\/fi\/wp-json\/wp\/v2\/media?parent=135887"}],"wp:term":[{"taxonomy":"product_brand","embeddable":true,"href":"https:\/\/stylingagenten.com\/fi\/wp-json\/wp\/v2\/product_brand?post=135887"},{"taxonomy":"product_cat","embeddable":true,"href":"https:\/\/stylingagenten.com\/fi\/wp-json\/wp\/v2\/product_cat?post=135887"},{"taxonomy":"product_tag","embeddable":true,"href":"https:\/\/stylingagenten.com\/fi\/wp-json\/wp\/v2\/product_tag?post=135887"},{"taxonomy":"berocket_brand","embeddable":true,"href":"https:\/\/stylingagenten.com\/fi\/wp-json\/wp\/v2\/berocket_brand?post=135887"}],"curies":[{"name":"wp","href":"https:\/\/api.w.org\/{rel}","templated":true}]}}