{"id":135883,"date":"2025-05-18T22:46:49","date_gmt":"2025-05-18T22:46:49","guid":{"rendered":"https:\/\/staging2.stylingagenten.com\/fi\/produkt\/estee-lauder-modern-muse-edp-50ml\/"},"modified":"2026-04-14T15:38:41","modified_gmt":"2026-04-14T15:38:41","slug":"estee-lauder-modern-muse-edp-50ml","status":"publish","type":"product","link":"https:\/\/stylingagenten.com\/fi\/tuote\/estee-lauder-modern-muse-edp-50ml\/","title":{"rendered":"Estee Lauder Modern Muse Edp 50ml"},"content":{"rendered":"<p>Est&eacute;e Lauder Modern Muse on saanut inspiraationsa modernin naisen itseluottamuksesta, itseluottamuksesta ja inspiraatiosta muille. Ainesosat on valittu huolellisesti vastaamaan modernin musean persoonallisuutta ja tyyli\u00e4.<\/p>\n<p>Yl\u00e4tuoksu: mandariini, ter\u00e4lehdet, appelsiini<br \/>Syd\u00e4ntuoksu: tuberoosi, kuusamanektari, jasmiini sambac<br \/>Pohjatuoksu : patchouli, Madagaskar-vanilja, meripihkapuu, myski<\/p>\n","protected":false},"excerpt":{"rendered":"<p>Est&eacute;e Lauder Modern Muse on saanut inspiraationsa modernin naisen itseluottamuksesta, itseluottamuksesta ja inspiraatiosta muille. Ainesosat on valittu huolellisesti vastaamaan modernin musean persoonallisuutta ja tyyli\u00e4. Yl\u00e4tuoksu: mandariini, ter\u00e4lehdet, appelsiiniSyd\u00e4ntuoksu: tuberoosi, kuusamanektari, jasmiini sambacPohjatuoksu : patchouli, Madagaskar-vanilja, meripihkapuu, myski<\/p>\n","protected":false},"featured_media":135878,"comment_status":"open","ping_status":"closed","template":"","meta":{"_trash_the_other_posts":false},"product_brand":[],"product_cat":[999,706,735],"product_tag":[],"berocket_brand":[1309],"class_list":{"0":"post-135883","1":"product","2":"type-product","3":"status-publish","4":"has-post-thumbnail","6":"product_cat-kampanjatarjous-naiselle","7":"product_cat-naisten-eau-de-parfum","8":"product_cat-kampanjamme","9":"pa_brand-estee-lauder","10":"berocket_brand-estee-lauder","12":"first","13":"outofstock","14":"sale","15":"taxable","16":"shipping-taxable","17":"purchasable","18":"product-type-simple"},"_links":{"self":[{"href":"https:\/\/stylingagenten.com\/fi\/wp-json\/wp\/v2\/product\/135883","targetHints":{"allow":["GET"]}}],"collection":[{"href":"https:\/\/stylingagenten.com\/fi\/wp-json\/wp\/v2\/product"}],"about":[{"href":"https:\/\/stylingagenten.com\/fi\/wp-json\/wp\/v2\/types\/product"}],"replies":[{"embeddable":true,"href":"https:\/\/stylingagenten.com\/fi\/wp-json\/wp\/v2\/comments?post=135883"}],"version-history":[{"count":0,"href":"https:\/\/stylingagenten.com\/fi\/wp-json\/wp\/v2\/product\/135883\/revisions"}],"wp:featuredmedia":[{"embeddable":true,"href":"https:\/\/stylingagenten.com\/fi\/wp-json\/wp\/v2\/media\/135878"}],"wp:attachment":[{"href":"https:\/\/stylingagenten.com\/fi\/wp-json\/wp\/v2\/media?parent=135883"}],"wp:term":[{"taxonomy":"product_brand","embeddable":true,"href":"https:\/\/stylingagenten.com\/fi\/wp-json\/wp\/v2\/product_brand?post=135883"},{"taxonomy":"product_cat","embeddable":true,"href":"https:\/\/stylingagenten.com\/fi\/wp-json\/wp\/v2\/product_cat?post=135883"},{"taxonomy":"product_tag","embeddable":true,"href":"https:\/\/stylingagenten.com\/fi\/wp-json\/wp\/v2\/product_tag?post=135883"},{"taxonomy":"berocket_brand","embeddable":true,"href":"https:\/\/stylingagenten.com\/fi\/wp-json\/wp\/v2\/berocket_brand?post=135883"}],"curies":[{"name":"wp","href":"https:\/\/api.w.org\/{rel}","templated":true}]}}