{"id":135859,"date":"2025-05-18T22:46:45","date_gmt":"2025-05-18T22:46:45","guid":{"rendered":"https:\/\/staging2.stylingagenten.com\/fi\/produkt\/jennifer-lopez-live-luxe-edp-100ml\/"},"modified":"2026-04-08T16:38:30","modified_gmt":"2026-04-08T16:38:30","slug":"jennifer-lopez-live-luxe-edp-100ml","status":"publish","type":"product","link":"https:\/\/stylingagenten.com\/fi\/tuote\/jennifer-lopez-live-luxe-edp-100ml\/","title":{"rendered":"Jennifer Lopez Live Luxe Edp 100ml"},"content":{"rendered":"<p>Live Luxe, EdP Jennifer Lopezilta on t\u00e4ytel\u00e4inen tuoksu, joka on saanut inspiraationsa J.LO:n intohimosta tanssia ja ylellisyytt\u00e4 kohtaan.<br \/>&nbsp;Dynaaminen ja temperamenttinen tuoksukoostumus, jossa aistilliset nuotit sykkiv\u00e4t.<\/p>\n<p>Yl\u00e4osa Tuoksut: P\u00e4\u00e4ryn\u00e4, persikka, meloni, sitrushedelm\u00e4t, omena<br \/>Syd\u00e4ntuoksu: kuusama, kielo, ametisti freesia<br \/>Pohjatuoksu: myski, santelipuu, ambra ja vanilja<\/p>\n","protected":false},"excerpt":{"rendered":"<p>Live Luxe, EdP Jennifer Lopezilta on t\u00e4ytel\u00e4inen tuoksu, joka on saanut inspiraationsa J.LO:n intohimosta tanssia ja ylellisyytt\u00e4 kohtaan.&nbsp;Dynaaminen ja temperamenttinen tuoksukoostumus, jossa aistilliset nuotit sykkiv\u00e4t. Yl\u00e4osa Tuoksut: P\u00e4\u00e4ryn\u00e4, persikka, meloni, sitrushedelm\u00e4t, omenaSyd\u00e4ntuoksu: kuusama, kielo, ametisti freesiaPohjatuoksu: myski, santelipuu, ambra ja vanilja<\/p>\n","protected":false},"featured_media":135850,"comment_status":"open","ping_status":"closed","template":"","meta":{"_trash_the_other_posts":false},"product_brand":[],"product_cat":[907,1006,999,706,735],"product_tag":[3043],"berocket_brand":[1354],"class_list":{"0":"post-135859","1":"product","2":"type-product","3":"status-publish","4":"has-post-thumbnail","6":"product_cat-jennifer-lopez-live","7":"product_cat-kampanjahinta","8":"product_cat-kampanjatarjous-naiselle","9":"product_cat-naisten-eau-de-parfum","10":"product_cat-kampanjamme","11":"product_tag-jennifer-lopez-live-luxe-edp","12":"pa_brand-jennifer-lopez","13":"pa_variantti-100ml","14":"berocket_brand-jennifer-lopez","16":"first","17":"instock","18":"sale","19":"taxable","20":"shipping-taxable","21":"purchasable","22":"product-type-simple"},"_links":{"self":[{"href":"https:\/\/stylingagenten.com\/fi\/wp-json\/wp\/v2\/product\/135859","targetHints":{"allow":["GET"]}}],"collection":[{"href":"https:\/\/stylingagenten.com\/fi\/wp-json\/wp\/v2\/product"}],"about":[{"href":"https:\/\/stylingagenten.com\/fi\/wp-json\/wp\/v2\/types\/product"}],"replies":[{"embeddable":true,"href":"https:\/\/stylingagenten.com\/fi\/wp-json\/wp\/v2\/comments?post=135859"}],"version-history":[{"count":0,"href":"https:\/\/stylingagenten.com\/fi\/wp-json\/wp\/v2\/product\/135859\/revisions"}],"wp:featuredmedia":[{"embeddable":true,"href":"https:\/\/stylingagenten.com\/fi\/wp-json\/wp\/v2\/media\/135850"}],"wp:attachment":[{"href":"https:\/\/stylingagenten.com\/fi\/wp-json\/wp\/v2\/media?parent=135859"}],"wp:term":[{"taxonomy":"product_brand","embeddable":true,"href":"https:\/\/stylingagenten.com\/fi\/wp-json\/wp\/v2\/product_brand?post=135859"},{"taxonomy":"product_cat","embeddable":true,"href":"https:\/\/stylingagenten.com\/fi\/wp-json\/wp\/v2\/product_cat?post=135859"},{"taxonomy":"product_tag","embeddable":true,"href":"https:\/\/stylingagenten.com\/fi\/wp-json\/wp\/v2\/product_tag?post=135859"},{"taxonomy":"berocket_brand","embeddable":true,"href":"https:\/\/stylingagenten.com\/fi\/wp-json\/wp\/v2\/berocket_brand?post=135859"}],"curies":[{"name":"wp","href":"https:\/\/api.w.org\/{rel}","templated":true}]}}