{"id":135822,"date":"2025-05-18T22:46:38","date_gmt":"2025-05-18T22:46:38","guid":{"rendered":"https:\/\/staging2.stylingagenten.com\/fi\/produkt\/guess-1981-indigo-for-women-edt-100ml\/"},"modified":"2026-04-14T16:28:25","modified_gmt":"2026-04-14T16:28:25","slug":"guess-1981-indigo-for-women-edt-100ml","status":"publish","type":"product","link":"https:\/\/stylingagenten.com\/fi\/tuote\/guess-1981-indigo-for-women-edt-100ml\/","title":{"rendered":"Guess 1981 Indigo For Women Edt 100ml"},"content":{"rendered":"<p>Guess 1981 Indigo for Women on kukkainen, puumainen hajuvesi, jossa on merellisi\u00e4 vivahteita ja hedelm\u00e4inen viikuna ja Pinot Noir -viini. Hajuvesi on suunniteltu rennoille kes\u00e4p\u00e4iville valkoisen T-paidan ja kuluneiden farkkujen vastineeksi.<\/p>\n<p>Yl\u00e4tuoksu: Merituoksu, viikuna<br \/>Syd\u00e4ntuoksu: Iris ja lootuksenkukka<br \/>Pohjatuoksu : Setripuu, vetiveri ja punaviini<\/p>\n<p><span>&nbsp;<\/span> <\/p>\n","protected":false},"excerpt":{"rendered":"<p>Guess 1981 Indigo for Women on kukkainen, puumainen hajuvesi, jossa on merellisi\u00e4 vivahteita ja hedelm\u00e4inen viikuna ja Pinot Noir -viini. Hajuvesi on suunniteltu rennoille kes\u00e4p\u00e4iville valkoisen T-paidan ja kuluneiden farkkujen vastineeksi. Yl\u00e4tuoksu: Merituoksu, viikunaSyd\u00e4ntuoksu: Iris ja lootuksenkukkaPohjatuoksu : Setripuu, vetiveri ja punaviini &nbsp;<\/p>\n","protected":false},"featured_media":135818,"comment_status":"open","ping_status":"closed","template":"","meta":{"_trash_the_other_posts":false},"product_brand":[],"product_cat":[999,707,735],"product_tag":[],"berocket_brand":[1331],"class_list":{"0":"post-135822","1":"product","2":"type-product","3":"status-publish","4":"has-post-thumbnail","6":"product_cat-kampanjatarjous-naiselle","7":"product_cat-naisten-eau-de-toilette","8":"product_cat-kampanjamme","9":"pa_brand-guess","10":"berocket_brand-guess","12":"first","13":"outofstock","14":"sale","15":"taxable","16":"shipping-taxable","17":"purchasable","18":"product-type-simple"},"_links":{"self":[{"href":"https:\/\/stylingagenten.com\/fi\/wp-json\/wp\/v2\/product\/135822","targetHints":{"allow":["GET"]}}],"collection":[{"href":"https:\/\/stylingagenten.com\/fi\/wp-json\/wp\/v2\/product"}],"about":[{"href":"https:\/\/stylingagenten.com\/fi\/wp-json\/wp\/v2\/types\/product"}],"replies":[{"embeddable":true,"href":"https:\/\/stylingagenten.com\/fi\/wp-json\/wp\/v2\/comments?post=135822"}],"version-history":[{"count":0,"href":"https:\/\/stylingagenten.com\/fi\/wp-json\/wp\/v2\/product\/135822\/revisions"}],"wp:featuredmedia":[{"embeddable":true,"href":"https:\/\/stylingagenten.com\/fi\/wp-json\/wp\/v2\/media\/135818"}],"wp:attachment":[{"href":"https:\/\/stylingagenten.com\/fi\/wp-json\/wp\/v2\/media?parent=135822"}],"wp:term":[{"taxonomy":"product_brand","embeddable":true,"href":"https:\/\/stylingagenten.com\/fi\/wp-json\/wp\/v2\/product_brand?post=135822"},{"taxonomy":"product_cat","embeddable":true,"href":"https:\/\/stylingagenten.com\/fi\/wp-json\/wp\/v2\/product_cat?post=135822"},{"taxonomy":"product_tag","embeddable":true,"href":"https:\/\/stylingagenten.com\/fi\/wp-json\/wp\/v2\/product_tag?post=135822"},{"taxonomy":"berocket_brand","embeddable":true,"href":"https:\/\/stylingagenten.com\/fi\/wp-json\/wp\/v2\/berocket_brand?post=135822"}],"curies":[{"name":"wp","href":"https:\/\/api.w.org\/{rel}","templated":true}]}}