{"id":135799,"date":"2025-05-18T22:46:35","date_gmt":"2025-05-18T22:46:35","guid":{"rendered":"https:\/\/staging2.stylingagenten.com\/fi\/produkt\/ariana-grande-moonlight-edp-100ml\/"},"modified":"2026-04-03T06:48:27","modified_gmt":"2026-04-03T06:48:27","slug":"ariana-grande-moonlight-edp-100ml","status":"publish","type":"product","link":"https:\/\/stylingagenten.com\/fi\/tuote\/ariana-grande-moonlight-edp-100ml\/","title":{"rendered":"Ariana Grande Moonlight Edp 100ml"},"content":{"rendered":"<p>Ariana Grande Moonlight edP on eritt\u00e4in vaarallinen ja kiehtova hajuvesi. MOONLIGHT-tuoksu ilment\u00e4\u00e4 Arianan itseluottamusta, optimistista energiaa ja rohkeaa laval\u00e4sn\u00e4oloa. Lumoava symboli, jonka Arianan fanit tuntevat ja rakastavat, MOONLIGHT valaisee todellista itse\u00e4si, juhlii ainutlaatuisuuttasi ja tekee sinusta t\u00e4ysin vastustamattoman.<\/p>\n<p>Yl\u00e4tuoksu: Runsas musta ryp\u00e4le, mehukkaat luumut<br \/>Syd\u00e4ntuoksu: P\u00f6rr\u00f6inen vaahtokarkki, raikas pioni<br \/>Pohjatuoksu: rapea santelipuu, musta meripihka, aistillinen vanilja<\/p>\n","protected":false},"excerpt":{"rendered":"<p>Ariana Grande Moonlight edP on eritt\u00e4in vaarallinen ja kiehtova hajuvesi. MOONLIGHT-tuoksu ilment\u00e4\u00e4 Arianan itseluottamusta, optimistista energiaa ja rohkeaa laval\u00e4sn\u00e4oloa. Lumoava symboli, jonka Arianan fanit tuntevat ja rakastavat, MOONLIGHT valaisee todellista itse\u00e4si, juhlii ainutlaatuisuuttasi ja tekee sinusta t\u00e4ysin vastustamattoman. Yl\u00e4tuoksu: Runsas musta ryp\u00e4le, mehukkaat luumutSyd\u00e4ntuoksu: P\u00f6rr\u00f6inen vaahtokarkki, raikas pioniPohjatuoksu: rapea santelipuu, musta meripihka, aistillinen vanilja<\/p>\n","protected":false},"featured_media":135794,"comment_status":"open","ping_status":"closed","template":"","meta":{"_trash_the_other_posts":false},"product_brand":[],"product_cat":[999,1003,706,735],"product_tag":[2426],"berocket_brand":[1201],"class_list":{"0":"post-135799","1":"product","2":"type-product","3":"status-publish","4":"has-post-thumbnail","6":"product_cat-kampanjatarjous-naiselle","7":"product_cat-myydyimmat","8":"product_cat-naisten-eau-de-parfum","9":"product_cat-kampanjamme","10":"product_tag-ariana-grande-moonlight-edp","11":"pa_brand-ariana-grande","12":"pa_variantti-100ml","13":"berocket_brand-ariana-grande","15":"first","16":"instock","17":"sale","18":"taxable","19":"shipping-taxable","20":"purchasable","21":"product-type-simple"},"_links":{"self":[{"href":"https:\/\/stylingagenten.com\/fi\/wp-json\/wp\/v2\/product\/135799","targetHints":{"allow":["GET"]}}],"collection":[{"href":"https:\/\/stylingagenten.com\/fi\/wp-json\/wp\/v2\/product"}],"about":[{"href":"https:\/\/stylingagenten.com\/fi\/wp-json\/wp\/v2\/types\/product"}],"replies":[{"embeddable":true,"href":"https:\/\/stylingagenten.com\/fi\/wp-json\/wp\/v2\/comments?post=135799"}],"version-history":[{"count":0,"href":"https:\/\/stylingagenten.com\/fi\/wp-json\/wp\/v2\/product\/135799\/revisions"}],"wp:featuredmedia":[{"embeddable":true,"href":"https:\/\/stylingagenten.com\/fi\/wp-json\/wp\/v2\/media\/135794"}],"wp:attachment":[{"href":"https:\/\/stylingagenten.com\/fi\/wp-json\/wp\/v2\/media?parent=135799"}],"wp:term":[{"taxonomy":"product_brand","embeddable":true,"href":"https:\/\/stylingagenten.com\/fi\/wp-json\/wp\/v2\/product_brand?post=135799"},{"taxonomy":"product_cat","embeddable":true,"href":"https:\/\/stylingagenten.com\/fi\/wp-json\/wp\/v2\/product_cat?post=135799"},{"taxonomy":"product_tag","embeddable":true,"href":"https:\/\/stylingagenten.com\/fi\/wp-json\/wp\/v2\/product_tag?post=135799"},{"taxonomy":"berocket_brand","embeddable":true,"href":"https:\/\/stylingagenten.com\/fi\/wp-json\/wp\/v2\/berocket_brand?post=135799"}],"curies":[{"name":"wp","href":"https:\/\/api.w.org\/{rel}","templated":true}]}}