{"id":135791,"date":"2025-05-18T22:46:33","date_gmt":"2025-05-18T22:46:33","guid":{"rendered":"https:\/\/staging2.stylingagenten.com\/fi\/produkt\/sarah-jessica-parker-lovely-edp-30ml\/"},"modified":"2026-04-05T11:28:29","modified_gmt":"2026-04-05T11:28:29","slug":"sarah-jessica-parker-lovely-edp-30ml","status":"publish","type":"product","link":"https:\/\/stylingagenten.com\/fi\/tuote\/sarah-jessica-parker-lovely-edp-30ml\/","title":{"rendered":"Sarah Jessica Parker Lovely Edp 30ml"},"content":{"rendered":"<p>Sarah Jessica Parker Lovely Edp on pehme\u00e4, puuterimainen, hillitty ja eritt\u00e4in intiimi tuoksu, jota kutsutaan &#8221;silkinpehme\u00e4ksi valkoiseksi vauvan tuoksuksi&#8221;. Siin\u00e4 on klassisille tuoksuille tyypillist\u00e4 eleganssia, mutta se on samalla moderni, lumoava ja eritt\u00e4in vieh\u00e4tt\u00e4v\u00e4.<\/p>\n<p>Alkutuoksu: Mandariini, bergamotti, ruusunmarja, laventeli, omenamartini<br \/>Syd\u00e4ntuoksu: patsuli , tazett, orkidea<br \/>Pohjatuoksu: valkoinen meripihka, setri, puu, valkoinen myski<\/p>\n","protected":false},"excerpt":{"rendered":"<p>Sarah Jessica Parker Lovely Edp on pehme\u00e4, puuterimainen, hillitty ja eritt\u00e4in intiimi tuoksu, jota kutsutaan &#8221;silkinpehme\u00e4ksi valkoiseksi vauvan tuoksuksi&#8221;. Siin\u00e4 on klassisille tuoksuille tyypillist\u00e4 eleganssia, mutta se on samalla moderni, lumoava ja eritt\u00e4in vieh\u00e4tt\u00e4v\u00e4. Alkutuoksu: Mandariini, bergamotti, ruusunmarja, laventeli, omenamartiniSyd\u00e4ntuoksu: patsuli , tazett, orkideaPohjatuoksu: valkoinen meripihka, setri, puu, valkoinen myski<\/p>\n","protected":false},"featured_media":135781,"comment_status":"open","ping_status":"closed","template":"","meta":{"_trash_the_other_posts":false},"product_brand":[],"product_cat":[1003,706],"product_tag":[3976],"berocket_brand":[1204],"class_list":{"0":"post-135791","1":"product","2":"type-product","3":"status-publish","4":"has-post-thumbnail","6":"product_cat-myydyimmat","7":"product_cat-naisten-eau-de-parfum","8":"product_tag-sarah-jessica-parker-lovely-edp","9":"pa_brand-sarah-jessica-parker","10":"pa_variantti-30ml","11":"berocket_brand-sarah-jessica-parker","13":"first","14":"outofstock","15":"sale","16":"taxable","17":"shipping-taxable","18":"purchasable","19":"product-type-simple"},"_links":{"self":[{"href":"https:\/\/stylingagenten.com\/fi\/wp-json\/wp\/v2\/product\/135791","targetHints":{"allow":["GET"]}}],"collection":[{"href":"https:\/\/stylingagenten.com\/fi\/wp-json\/wp\/v2\/product"}],"about":[{"href":"https:\/\/stylingagenten.com\/fi\/wp-json\/wp\/v2\/types\/product"}],"replies":[{"embeddable":true,"href":"https:\/\/stylingagenten.com\/fi\/wp-json\/wp\/v2\/comments?post=135791"}],"version-history":[{"count":0,"href":"https:\/\/stylingagenten.com\/fi\/wp-json\/wp\/v2\/product\/135791\/revisions"}],"wp:featuredmedia":[{"embeddable":true,"href":"https:\/\/stylingagenten.com\/fi\/wp-json\/wp\/v2\/media\/135781"}],"wp:attachment":[{"href":"https:\/\/stylingagenten.com\/fi\/wp-json\/wp\/v2\/media?parent=135791"}],"wp:term":[{"taxonomy":"product_brand","embeddable":true,"href":"https:\/\/stylingagenten.com\/fi\/wp-json\/wp\/v2\/product_brand?post=135791"},{"taxonomy":"product_cat","embeddable":true,"href":"https:\/\/stylingagenten.com\/fi\/wp-json\/wp\/v2\/product_cat?post=135791"},{"taxonomy":"product_tag","embeddable":true,"href":"https:\/\/stylingagenten.com\/fi\/wp-json\/wp\/v2\/product_tag?post=135791"},{"taxonomy":"berocket_brand","embeddable":true,"href":"https:\/\/stylingagenten.com\/fi\/wp-json\/wp\/v2\/berocket_brand?post=135791"}],"curies":[{"name":"wp","href":"https:\/\/api.w.org\/{rel}","templated":true}]}}