{"id":135776,"date":"2025-05-18T22:46:31","date_gmt":"2025-05-18T22:46:31","guid":{"rendered":"https:\/\/staging2.stylingagenten.com\/fi\/produkt\/ariana-grande-cloud-edp-100ml\/"},"modified":"2026-03-25T14:29:14","modified_gmt":"2026-03-25T14:29:14","slug":"ariana-grande-cloud-edp-100ml","status":"publish","type":"product","link":"https:\/\/stylingagenten.com\/fi\/tuote\/ariana-grande-cloud-edp-100ml\/","title":{"rendered":"Ariana Grande Cloud Edp 100ml"},"content":{"rendered":"<p>Ariana Granden Cloud on makea, hedelm\u00e4inen tuoksu, joka rohkaisee positiivisuuteen ja iloon. Hajuvesi lumoaa mehukkaalla laventelin, bergamotin ja p\u00e4\u00e4ryn\u00e4n sekoituksella. Kukkasyd\u00e4n houkuttelee kermaisella kookosp\u00e4hkin\u00e4ll\u00e4 ja tuottavalla vanilja-orkidealla sekoitettuna praliinia. Sensuelli myski ja seksikk\u00e4\u00e4t puiset tuoksut luovat l\u00e4mpim\u00e4n koukuttavan tuoksun, joka kiihottaa aisteja.<\/p>\n<p>Yl\u00e4tuoksu: laventeli, bergamotti ja p\u00e4\u00e4ryn\u00e4<br \/>Syd\u00e4ntuoksu: kermainen kookos, praliini ja vaniljaorkidea&eacute;<br \/>Pohjatuoksu : myski ja puu&auml; sointu<\/p>\n","protected":false},"excerpt":{"rendered":"<p>Ariana Granden Cloud on makea, hedelm\u00e4inen tuoksu, joka rohkaisee positiivisuuteen ja iloon. Hajuvesi lumoaa mehukkaalla laventelin, bergamotin ja p\u00e4\u00e4ryn\u00e4n sekoituksella. Kukkasyd\u00e4n houkuttelee kermaisella kookosp\u00e4hkin\u00e4ll\u00e4 ja tuottavalla vanilja-orkidealla sekoitettuna praliinia. Sensuelli myski ja seksikk\u00e4\u00e4t puiset tuoksut luovat l\u00e4mpim\u00e4n koukuttavan tuoksun, joka kiihottaa aisteja. Yl\u00e4tuoksu: laventeli, bergamotti ja p\u00e4\u00e4ryn\u00e4Syd\u00e4ntuoksu: kermainen kookos, praliini ja vaniljaorkidea&eacute;Pohjatuoksu : myski ja [&hellip;]<\/p>\n","protected":false},"featured_media":135762,"comment_status":"open","ping_status":"closed","template":"","meta":{"_trash_the_other_posts":false},"product_brand":[],"product_cat":[706,717],"product_tag":[2424],"berocket_brand":[1201],"class_list":{"0":"post-135776","1":"product","2":"type-product","3":"status-publish","4":"has-post-thumbnail","6":"product_cat-naisten-eau-de-parfum","7":"product_cat-virustuotteet","8":"product_tag-ariana-grande-cloud-edp","9":"pa_brand-ariana-grande","10":"pa_variantti-100ml","11":"berocket_brand-ariana-grande","13":"first","14":"instock","15":"sale","16":"taxable","17":"shipping-taxable","18":"purchasable","19":"product-type-simple"},"_links":{"self":[{"href":"https:\/\/stylingagenten.com\/fi\/wp-json\/wp\/v2\/product\/135776","targetHints":{"allow":["GET"]}}],"collection":[{"href":"https:\/\/stylingagenten.com\/fi\/wp-json\/wp\/v2\/product"}],"about":[{"href":"https:\/\/stylingagenten.com\/fi\/wp-json\/wp\/v2\/types\/product"}],"replies":[{"embeddable":true,"href":"https:\/\/stylingagenten.com\/fi\/wp-json\/wp\/v2\/comments?post=135776"}],"version-history":[{"count":0,"href":"https:\/\/stylingagenten.com\/fi\/wp-json\/wp\/v2\/product\/135776\/revisions"}],"wp:featuredmedia":[{"embeddable":true,"href":"https:\/\/stylingagenten.com\/fi\/wp-json\/wp\/v2\/media\/135762"}],"wp:attachment":[{"href":"https:\/\/stylingagenten.com\/fi\/wp-json\/wp\/v2\/media?parent=135776"}],"wp:term":[{"taxonomy":"product_brand","embeddable":true,"href":"https:\/\/stylingagenten.com\/fi\/wp-json\/wp\/v2\/product_brand?post=135776"},{"taxonomy":"product_cat","embeddable":true,"href":"https:\/\/stylingagenten.com\/fi\/wp-json\/wp\/v2\/product_cat?post=135776"},{"taxonomy":"product_tag","embeddable":true,"href":"https:\/\/stylingagenten.com\/fi\/wp-json\/wp\/v2\/product_tag?post=135776"},{"taxonomy":"berocket_brand","embeddable":true,"href":"https:\/\/stylingagenten.com\/fi\/wp-json\/wp\/v2\/berocket_brand?post=135776"}],"curies":[{"name":"wp","href":"https:\/\/api.w.org\/{rel}","templated":true}]}}