{"id":135772,"date":"2025-05-18T22:46:30","date_gmt":"2025-05-18T22:46:30","guid":{"rendered":"https:\/\/staging2.stylingagenten.com\/fi\/produkt\/tommy-hilfiger-tommy-girl-now-edt-100ml\/"},"modified":"2026-03-25T14:30:00","modified_gmt":"2026-03-25T14:30:00","slug":"tommy-hilfiger-tommy-girl-now-edt-100ml","status":"publish","type":"product","link":"https:\/\/stylingagenten.com\/fi\/tuote\/tommy-hilfiger-tommy-girl-now-edt-100ml\/","title":{"rendered":"Tommy Hilfiger Tommy Girl Now Edt 100ml"},"content":{"rendered":"<p>Tommy Hilfigerin Tommy Girl NOW Eau de Toilette on raikas, kukkainen ja hauska tuoksu, joka sopii t\u00e4ydellisesti modernille, ulosp\u00e4insuuntautuneelle naiselle.<\/p>\n<p>Yl\u00e4tuoksu: Bergamotti, Mandariini.<br \/>Syd\u00e4ntuoksu: Magnolia , viherminttu<br \/>Pohjatuoksu: Cashmeran, myski<\/p>\n","protected":false},"excerpt":{"rendered":"<p>Tommy Hilfigerin Tommy Girl NOW Eau de Toilette on raikas, kukkainen ja hauska tuoksu, joka sopii t\u00e4ydellisesti modernille, ulosp\u00e4insuuntautuneelle naiselle. Yl\u00e4tuoksu: Bergamotti, Mandariini.Syd\u00e4ntuoksu: Magnolia , viherminttuPohjatuoksu: Cashmeran, myski<\/p>\n","protected":false},"featured_media":135770,"comment_status":"open","ping_status":"closed","template":"","meta":{"_trash_the_other_posts":false},"product_brand":[],"product_cat":[999,707,735],"product_tag":[],"berocket_brand":[1114],"class_list":{"0":"post-135772","1":"product","2":"type-product","3":"status-publish","4":"has-post-thumbnail","6":"product_cat-kampanjatarjous-naiselle","7":"product_cat-naisten-eau-de-toilette","8":"product_cat-kampanjamme","9":"pa_brand-tommy-hilfiger","10":"berocket_brand-tommy-hilfiger","12":"first","13":"instock","14":"sale","15":"taxable","16":"shipping-taxable","17":"purchasable","18":"product-type-simple"},"_links":{"self":[{"href":"https:\/\/stylingagenten.com\/fi\/wp-json\/wp\/v2\/product\/135772","targetHints":{"allow":["GET"]}}],"collection":[{"href":"https:\/\/stylingagenten.com\/fi\/wp-json\/wp\/v2\/product"}],"about":[{"href":"https:\/\/stylingagenten.com\/fi\/wp-json\/wp\/v2\/types\/product"}],"replies":[{"embeddable":true,"href":"https:\/\/stylingagenten.com\/fi\/wp-json\/wp\/v2\/comments?post=135772"}],"version-history":[{"count":0,"href":"https:\/\/stylingagenten.com\/fi\/wp-json\/wp\/v2\/product\/135772\/revisions"}],"wp:featuredmedia":[{"embeddable":true,"href":"https:\/\/stylingagenten.com\/fi\/wp-json\/wp\/v2\/media\/135770"}],"wp:attachment":[{"href":"https:\/\/stylingagenten.com\/fi\/wp-json\/wp\/v2\/media?parent=135772"}],"wp:term":[{"taxonomy":"product_brand","embeddable":true,"href":"https:\/\/stylingagenten.com\/fi\/wp-json\/wp\/v2\/product_brand?post=135772"},{"taxonomy":"product_cat","embeddable":true,"href":"https:\/\/stylingagenten.com\/fi\/wp-json\/wp\/v2\/product_cat?post=135772"},{"taxonomy":"product_tag","embeddable":true,"href":"https:\/\/stylingagenten.com\/fi\/wp-json\/wp\/v2\/product_tag?post=135772"},{"taxonomy":"berocket_brand","embeddable":true,"href":"https:\/\/stylingagenten.com\/fi\/wp-json\/wp\/v2\/berocket_brand?post=135772"}],"curies":[{"name":"wp","href":"https:\/\/api.w.org\/{rel}","templated":true}]}}