{"id":135764,"date":"2025-05-18T22:46:29","date_gmt":"2025-05-18T22:46:29","guid":{"rendered":"https:\/\/staging2.stylingagenten.com\/fi\/produkt\/elizabeth-arden-green-tea-lavender-edt-100ml\/"},"modified":"2026-03-30T07:31:14","modified_gmt":"2026-03-30T07:31:14","slug":"elizabeth-arden-green-tea-lavender-edt-100ml","status":"publish","type":"product","link":"https:\/\/stylingagenten.com\/fi\/tuote\/elizabeth-arden-green-tea-lavender-edt-100ml\/","title":{"rendered":"Elizabeth Arden Green Tea Lavender Edt 100ml"},"content":{"rendered":"<p>Rauhoittava. Rentouttava. Optimistinen. Elizabeth Arden Green Tea Lavender EdT luo uuden, ainutlaatuisen tuoksukokemuksen lis\u00e4\u00e4m\u00e4ll\u00e4 rauhallisen tunteen vihre\u00e4n teen virkist\u00e4v\u00e4\u00e4n ja elvytt\u00e4v\u00e4\u00e4n tuoksuun. Laventelin rauhoittavan tuoksun ja vihre\u00e4n teen rehev\u00e4n raikkauden yhdistelm\u00e4 j\u00e4tt\u00e4\u00e4 sinut ainutlaatuiseen rauhalliseen ja optimismiin tilaan.<\/p>\n<p>Yl\u00e4tuoksu: sitruuna, sisilialainen mandariini, piparminttu, villikamomilla<br \/>Syd\u00e4ntuoksu : Vihre\u00e4 tee, Oolong-tee, luomu laventeli, bulgarialainen orpur, ranskalainen laventeli Absolute Orpur, kiinalainen magnolia<br \/>Pohjatuoksu: myski, koivupuu, myskikra<\/p>\n","protected":false},"excerpt":{"rendered":"<p>Rauhoittava. Rentouttava. Optimistinen. Elizabeth Arden Green Tea Lavender EdT luo uuden, ainutlaatuisen tuoksukokemuksen lis\u00e4\u00e4m\u00e4ll\u00e4 rauhallisen tunteen vihre\u00e4n teen virkist\u00e4v\u00e4\u00e4n ja elvytt\u00e4v\u00e4\u00e4n tuoksuun. Laventelin rauhoittavan tuoksun ja vihre\u00e4n teen rehev\u00e4n raikkauden yhdistelm\u00e4 j\u00e4tt\u00e4\u00e4 sinut ainutlaatuiseen rauhalliseen ja optimismiin tilaan. Yl\u00e4tuoksu: sitruuna, sisilialainen mandariini, piparminttu, villikamomillaSyd\u00e4ntuoksu : Vihre\u00e4 tee, Oolong-tee, luomu laventeli, bulgarialainen orpur, ranskalainen laventeli Absolute [&hellip;]<\/p>\n","protected":false},"featured_media":135756,"comment_status":"open","ping_status":"closed","template":"","meta":{"_trash_the_other_posts":false},"product_brand":[],"product_cat":[999,1003,707,735],"product_tag":[],"berocket_brand":[1303],"class_list":{"0":"post-135764","1":"product","2":"type-product","3":"status-publish","4":"has-post-thumbnail","6":"product_cat-kampanjatarjous-naiselle","7":"product_cat-myydyimmat","8":"product_cat-naisten-eau-de-toilette","9":"product_cat-kampanjamme","10":"pa_brand-elizabeth-arden","11":"berocket_brand-elizabeth-arden","13":"first","14":"instock","15":"sale","16":"taxable","17":"shipping-taxable","18":"purchasable","19":"product-type-simple"},"_links":{"self":[{"href":"https:\/\/stylingagenten.com\/fi\/wp-json\/wp\/v2\/product\/135764","targetHints":{"allow":["GET"]}}],"collection":[{"href":"https:\/\/stylingagenten.com\/fi\/wp-json\/wp\/v2\/product"}],"about":[{"href":"https:\/\/stylingagenten.com\/fi\/wp-json\/wp\/v2\/types\/product"}],"replies":[{"embeddable":true,"href":"https:\/\/stylingagenten.com\/fi\/wp-json\/wp\/v2\/comments?post=135764"}],"version-history":[{"count":0,"href":"https:\/\/stylingagenten.com\/fi\/wp-json\/wp\/v2\/product\/135764\/revisions"}],"wp:featuredmedia":[{"embeddable":true,"href":"https:\/\/stylingagenten.com\/fi\/wp-json\/wp\/v2\/media\/135756"}],"wp:attachment":[{"href":"https:\/\/stylingagenten.com\/fi\/wp-json\/wp\/v2\/media?parent=135764"}],"wp:term":[{"taxonomy":"product_brand","embeddable":true,"href":"https:\/\/stylingagenten.com\/fi\/wp-json\/wp\/v2\/product_brand?post=135764"},{"taxonomy":"product_cat","embeddable":true,"href":"https:\/\/stylingagenten.com\/fi\/wp-json\/wp\/v2\/product_cat?post=135764"},{"taxonomy":"product_tag","embeddable":true,"href":"https:\/\/stylingagenten.com\/fi\/wp-json\/wp\/v2\/product_tag?post=135764"},{"taxonomy":"berocket_brand","embeddable":true,"href":"https:\/\/stylingagenten.com\/fi\/wp-json\/wp\/v2\/berocket_brand?post=135764"}],"curies":[{"name":"wp","href":"https:\/\/api.w.org\/{rel}","templated":true}]}}