{"id":135751,"date":"2025-05-18T22:46:26","date_gmt":"2025-05-18T22:46:26","guid":{"rendered":"https:\/\/staging2.stylingagenten.com\/fi\/produkt\/ariana-grande-ari-edp-50ml\/"},"modified":"2026-04-13T19:17:48","modified_gmt":"2026-04-13T19:17:48","slug":"ariana-grande-ari-edp-50ml","status":"publish","type":"product","link":"https:\/\/stylingagenten.com\/fi\/tuote\/ariana-grande-ari-edp-50ml\/","title":{"rendered":"Ariana Grande Ari Edp 50ml"},"content":{"rendered":"<p>Ariana Granden Ari on tuoksu, joka on saanut inspiraationsa laulajan ylenpalttisesta ja l\u00e4mpim\u00e4st\u00e4 persoonasta. T\u00e4m\u00e4 tuoksu on kaunis, seksik\u00e4s ja nuorekas. Ari on Arianan ensimm\u00e4inen hajuvesi, joka sis\u00e4lt\u00e4\u00e4 makeita, kukkaisia, raikkaita ja puumaisia \u200b\u200btuoksuvipuja.<\/p>\n<p>Yl\u00e4tuoksu: P\u00e4\u00e4ryn\u00e4, greippi &amp; Vadelma<br \/>Syd\u00e4ntuoksu: ruusunsilmut, orkidea&eacute; &amp; Kielo<br \/>Pohjatuoksu: myski, vaahtokarkki &amp; Vaalea puu<\/p>\n","protected":false},"excerpt":{"rendered":"<p>Ariana Granden Ari on tuoksu, joka on saanut inspiraationsa laulajan ylenpalttisesta ja l\u00e4mpim\u00e4st\u00e4 persoonasta. T\u00e4m\u00e4 tuoksu on kaunis, seksik\u00e4s ja nuorekas. Ari on Arianan ensimm\u00e4inen hajuvesi, joka sis\u00e4lt\u00e4\u00e4 makeita, kukkaisia, raikkaita ja puumaisia \u200b\u200btuoksuvipuja. Yl\u00e4tuoksu: P\u00e4\u00e4ryn\u00e4, greippi &amp; VadelmaSyd\u00e4ntuoksu: ruusunsilmut, orkidea&eacute; &amp; KieloPohjatuoksu: myski, vaahtokarkki &amp; Vaalea puu<\/p>\n","protected":false},"featured_media":135747,"comment_status":"open","ping_status":"closed","template":"","meta":{"_trash_the_other_posts":false},"product_brand":[],"product_cat":[715,1003,706],"product_tag":[2423],"berocket_brand":[1201],"class_list":{"0":"post-135751","1":"product","2":"type-product","3":"status-publish","4":"has-post-thumbnail","6":"product_cat-flash-myynti","7":"product_cat-myydyimmat","8":"product_cat-naisten-eau-de-parfum","9":"product_tag-ariana-grande-ari-edp","10":"pa_brand-ariana-grande","11":"pa_variantti-50ml","12":"berocket_brand-ariana-grande","14":"first","15":"instock","16":"sale","17":"taxable","18":"shipping-taxable","19":"purchasable","20":"product-type-simple"},"_links":{"self":[{"href":"https:\/\/stylingagenten.com\/fi\/wp-json\/wp\/v2\/product\/135751","targetHints":{"allow":["GET"]}}],"collection":[{"href":"https:\/\/stylingagenten.com\/fi\/wp-json\/wp\/v2\/product"}],"about":[{"href":"https:\/\/stylingagenten.com\/fi\/wp-json\/wp\/v2\/types\/product"}],"replies":[{"embeddable":true,"href":"https:\/\/stylingagenten.com\/fi\/wp-json\/wp\/v2\/comments?post=135751"}],"version-history":[{"count":0,"href":"https:\/\/stylingagenten.com\/fi\/wp-json\/wp\/v2\/product\/135751\/revisions"}],"wp:featuredmedia":[{"embeddable":true,"href":"https:\/\/stylingagenten.com\/fi\/wp-json\/wp\/v2\/media\/135747"}],"wp:attachment":[{"href":"https:\/\/stylingagenten.com\/fi\/wp-json\/wp\/v2\/media?parent=135751"}],"wp:term":[{"taxonomy":"product_brand","embeddable":true,"href":"https:\/\/stylingagenten.com\/fi\/wp-json\/wp\/v2\/product_brand?post=135751"},{"taxonomy":"product_cat","embeddable":true,"href":"https:\/\/stylingagenten.com\/fi\/wp-json\/wp\/v2\/product_cat?post=135751"},{"taxonomy":"product_tag","embeddable":true,"href":"https:\/\/stylingagenten.com\/fi\/wp-json\/wp\/v2\/product_tag?post=135751"},{"taxonomy":"berocket_brand","embeddable":true,"href":"https:\/\/stylingagenten.com\/fi\/wp-json\/wp\/v2\/berocket_brand?post=135751"}],"curies":[{"name":"wp","href":"https:\/\/api.w.org\/{rel}","templated":true}]}}