{"id":135744,"date":"2025-05-18T22:46:25","date_gmt":"2025-05-18T22:46:25","guid":{"rendered":"https:\/\/staging2.stylingagenten.com\/fi\/produkt\/clean-classic-shower-fresh-edp-30ml\/"},"modified":"2026-04-11T15:27:27","modified_gmt":"2026-04-11T15:27:27","slug":"clean-classic-shower-fresh-edp-30ml","status":"publish","type":"product","link":"https:\/\/stylingagenten.com\/fi\/tuote\/clean-classic-shower-fresh-edp-30ml\/","title":{"rendered":"Clean\u00a0Classic\u00a0Shower Fresh\u00a0Edp 30ml"},"content":{"rendered":"<p>Clean Shower Fresh on puhdas, hillitty ja virkist\u00e4v\u00e4 tuoksu, joka j\u00e4tt\u00e4\u00e4 raikkaan suihkutuntuman aamusta iltaan.<\/p>\n<p><strong>Tuoksunuoksut:<\/strong> sitruuna, mandariini, appelsiini, kielo. laakso, appelsiininkukka, jasmiini, kevyet puiset nuotit &amp; myski.<\/p>\n","protected":false},"excerpt":{"rendered":"<p>Clean Shower Fresh on puhdas, hillitty ja virkist\u00e4v\u00e4 tuoksu, joka j\u00e4tt\u00e4\u00e4 raikkaan suihkutuntuman aamusta iltaan. Tuoksunuoksut: sitruuna, mandariini, appelsiini, kielo. laakso, appelsiininkukka, jasmiini, kevyet puiset nuotit &amp; myski.<\/p>\n","protected":false},"featured_media":135734,"comment_status":"open","ping_status":"closed","template":"","meta":{"_trash_the_other_posts":false},"product_brand":[],"product_cat":[809,999,706,735],"product_tag":[],"berocket_brand":[1116],"class_list":{"0":"post-135744","1":"product","2":"type-product","3":"status-publish","4":"has-post-thumbnail","6":"product_cat-clean-shower-fresh","7":"product_cat-kampanjatarjous-naiselle","8":"product_cat-naisten-eau-de-parfum","9":"product_cat-kampanjamme","10":"pa_brand-clean","11":"berocket_brand-clean","13":"first","14":"outofstock","15":"sale","16":"taxable","17":"shipping-taxable","18":"purchasable","19":"product-type-simple"},"_links":{"self":[{"href":"https:\/\/stylingagenten.com\/fi\/wp-json\/wp\/v2\/product\/135744","targetHints":{"allow":["GET"]}}],"collection":[{"href":"https:\/\/stylingagenten.com\/fi\/wp-json\/wp\/v2\/product"}],"about":[{"href":"https:\/\/stylingagenten.com\/fi\/wp-json\/wp\/v2\/types\/product"}],"replies":[{"embeddable":true,"href":"https:\/\/stylingagenten.com\/fi\/wp-json\/wp\/v2\/comments?post=135744"}],"version-history":[{"count":0,"href":"https:\/\/stylingagenten.com\/fi\/wp-json\/wp\/v2\/product\/135744\/revisions"}],"wp:featuredmedia":[{"embeddable":true,"href":"https:\/\/stylingagenten.com\/fi\/wp-json\/wp\/v2\/media\/135734"}],"wp:attachment":[{"href":"https:\/\/stylingagenten.com\/fi\/wp-json\/wp\/v2\/media?parent=135744"}],"wp:term":[{"taxonomy":"product_brand","embeddable":true,"href":"https:\/\/stylingagenten.com\/fi\/wp-json\/wp\/v2\/product_brand?post=135744"},{"taxonomy":"product_cat","embeddable":true,"href":"https:\/\/stylingagenten.com\/fi\/wp-json\/wp\/v2\/product_cat?post=135744"},{"taxonomy":"product_tag","embeddable":true,"href":"https:\/\/stylingagenten.com\/fi\/wp-json\/wp\/v2\/product_tag?post=135744"},{"taxonomy":"berocket_brand","embeddable":true,"href":"https:\/\/stylingagenten.com\/fi\/wp-json\/wp\/v2\/berocket_brand?post=135744"}],"curies":[{"name":"wp","href":"https:\/\/api.w.org\/{rel}","templated":true}]}}