{"id":135742,"date":"2025-05-18T22:46:24","date_gmt":"2025-05-18T22:46:24","guid":{"rendered":"https:\/\/staging2.stylingagenten.com\/fi\/produkt\/clean-classic-cool-cotton-edp-30ml\/"},"modified":"2026-04-01T16:28:49","modified_gmt":"2026-04-01T16:28:49","slug":"clean-classic-cool-cotton-edp-30ml","status":"publish","type":"product","link":"https:\/\/stylingagenten.com\/fi\/tuote\/clean-classic-cool-cotton-edp-30ml\/","title":{"rendered":"Clean Classic Cool Cotton Edp 30ml"},"content":{"rendered":"<p>Clean Cool Cotton on kevyt ja raikas tuoksu, joka tuo mieleen l\u00e4mpim\u00e4t kes\u00e4p\u00e4iv\u00e4t, viile\u00e4t tuulet ja selke\u00e4 taivas; taivas. Vastapesty\u00e4 puuvillaa, joka kuivuu ilman stressi\u00e4 auringons\u00e4teiss\u00e4.<\/p>\n<p><strong>Tuoksutuoksu:<\/strong> bergamotti, vihre\u00e4 omena, sitruunankuori, mimosa, minttu, puuvillakukka, valkoinen myski, persikka ja ambra .<\/p>\n","protected":false},"excerpt":{"rendered":"<p>Clean Cool Cotton on kevyt ja raikas tuoksu, joka tuo mieleen l\u00e4mpim\u00e4t kes\u00e4p\u00e4iv\u00e4t, viile\u00e4t tuulet ja selke\u00e4 taivas; taivas. Vastapesty\u00e4 puuvillaa, joka kuivuu ilman stressi\u00e4 auringons\u00e4teiss\u00e4. Tuoksutuoksu: bergamotti, vihre\u00e4 omena, sitruunankuori, mimosa, minttu, puuvillakukka, valkoinen myski, persikka ja ambra .<\/p>\n","protected":false},"featured_media":135731,"comment_status":"open","ping_status":"closed","template":"","meta":{"_trash_the_other_posts":false},"product_brand":[],"product_cat":[999,706,735],"product_tag":[],"berocket_brand":[1116],"class_list":{"0":"post-135742","1":"product","2":"type-product","3":"status-publish","4":"has-post-thumbnail","6":"product_cat-kampanjatarjous-naiselle","7":"product_cat-naisten-eau-de-parfum","8":"product_cat-kampanjamme","9":"pa_brand-clean","10":"berocket_brand-clean","12":"first","13":"outofstock","14":"sale","15":"taxable","16":"shipping-taxable","17":"purchasable","18":"product-type-simple"},"_links":{"self":[{"href":"https:\/\/stylingagenten.com\/fi\/wp-json\/wp\/v2\/product\/135742","targetHints":{"allow":["GET"]}}],"collection":[{"href":"https:\/\/stylingagenten.com\/fi\/wp-json\/wp\/v2\/product"}],"about":[{"href":"https:\/\/stylingagenten.com\/fi\/wp-json\/wp\/v2\/types\/product"}],"replies":[{"embeddable":true,"href":"https:\/\/stylingagenten.com\/fi\/wp-json\/wp\/v2\/comments?post=135742"}],"version-history":[{"count":0,"href":"https:\/\/stylingagenten.com\/fi\/wp-json\/wp\/v2\/product\/135742\/revisions"}],"wp:featuredmedia":[{"embeddable":true,"href":"https:\/\/stylingagenten.com\/fi\/wp-json\/wp\/v2\/media\/135731"}],"wp:attachment":[{"href":"https:\/\/stylingagenten.com\/fi\/wp-json\/wp\/v2\/media?parent=135742"}],"wp:term":[{"taxonomy":"product_brand","embeddable":true,"href":"https:\/\/stylingagenten.com\/fi\/wp-json\/wp\/v2\/product_brand?post=135742"},{"taxonomy":"product_cat","embeddable":true,"href":"https:\/\/stylingagenten.com\/fi\/wp-json\/wp\/v2\/product_cat?post=135742"},{"taxonomy":"product_tag","embeddable":true,"href":"https:\/\/stylingagenten.com\/fi\/wp-json\/wp\/v2\/product_tag?post=135742"},{"taxonomy":"berocket_brand","embeddable":true,"href":"https:\/\/stylingagenten.com\/fi\/wp-json\/wp\/v2\/berocket_brand?post=135742"}],"curies":[{"name":"wp","href":"https:\/\/api.w.org\/{rel}","templated":true}]}}